{"id":869,"date":"2014-01-04T22:32:09","date_gmt":"2014-01-04T22:32:09","guid":{"rendered":"http:\/\/swedenbybike.com\/?post_type=product&#038;p=869"},"modified":"2024-10-14T06:33:45","modified_gmt":"2024-10-14T06:33:45","slug":"cycling-map-siljan-around-2","status":"publish","type":"product","link":"https:\/\/swedenbybike.com\/en\/butik\/cykelkartor\/cykelkarta-siljan-runt\/","title":{"rendered":"Bicycle map Siljan Runt"},"content":{"rendered":"<p>When we want to show the Swedish thing we have, it is often the Dalarna that is highlighted. And there is something very special about the landscape around Lake Siljan. The so-called Siljan ring was created just over 350 million years ago, when a large meteorite struck with enormous force. The area, with its specific nature, offers a wide range of attractions. Bike map Siljan Runt provides a detailed picture of the bike paths around Siljan.<\/p>\n<p>The cycle map covers Mora, Orsa, Skattungsbyn, Furudal, Guller\u00e5sen, Boda, Nedre G\u00e4rdsj\u00f6, Nusn\u00e4s, Vikarbyn, R\u00e4ttvik, T\u00e4llberg, S\u00e5gmyra, Grycksbo, Sv\u00e4rdsj\u00f6, Falun, Orn\u00e4s, Leksand, Siljansn\u00e4s, H\u00e4radsbygden, V\u00e4stanvik, Gesunda, Soller\u00f6n, Insj\u00f6n, Djura, Gagnef, B\u00e4sna and northern Borl\u00e4nge. In the bicycle map you will also find the route for the exercise races Siljan Runt and CykelVasan, which runs between S\u00e4len and Mora (inserted in the map sheet on a slightly smaller scale).<\/p>","protected":false},"excerpt":{"rendered":"<p>N\u00e4r vi ska visa det svenskaste vi har, s\u00e5 \u00e4r det ofta Dalarna som framh\u00e4vs. Och det \u00e4r n\u00e5got alldeles speciellt med landskapet runt sj\u00f6n Siljan.\u00a0Den s\u00e5 kallade Siljansringen skapades f\u00f6r drygt 350 miljoner \u00e5r sedan, d\u00e5 en stor meteorit slog ned med enorm kraft. Omr\u00e5det, med sin specifika natur, erbjuder ett stort utbud av [&hellip;]<\/p>\n","protected":false},"featured_media":42339,"template":"","meta":{"_acf_changed":false,"_relevanssi_hide_post":"","_relevanssi_pin_for_all":"","_relevanssi_pin_keywords":"","_relevanssi_unpin_keywords":"","_relevanssi_related_keywords":"","_relevanssi_related_include_ids":"","_relevanssi_related_exclude_ids":"","_relevanssi_related_no_append":"","_relevanssi_related_not_related":"","_relevanssi_related_posts":""},"product_brand":[],"product_cat":[68],"product_tag":[],"class_list":{"0":"post-869","1":"product","2":"type-product","3":"status-publish","4":"has-post-thumbnail","6":"product_cat-cykelkartor","8":"first","9":"instock","10":"taxable","11":"shipping-taxable","12":"purchasable","13":"product-type-simple"},"acf":[],"_links":{"self":[{"href":"https:\/\/swedenbybike.com\/en\/wp-json\/wp\/v2\/product\/869","targetHints":{"allow":["GET"]}}],"collection":[{"href":"https:\/\/swedenbybike.com\/en\/wp-json\/wp\/v2\/product"}],"about":[{"href":"https:\/\/swedenbybike.com\/en\/wp-json\/wp\/v2\/types\/product"}],"wp:featuredmedia":[{"embeddable":true,"href":"https:\/\/swedenbybike.com\/en\/wp-json\/wp\/v2\/media\/42339"}],"wp:attachment":[{"href":"https:\/\/swedenbybike.com\/en\/wp-json\/wp\/v2\/media?parent=869"}],"wp:term":[{"taxonomy":"product_brand","embeddable":true,"href":"https:\/\/swedenbybike.com\/en\/wp-json\/wp\/v2\/product_brand?post=869"},{"taxonomy":"product_cat","embeddable":true,"href":"https:\/\/swedenbybike.com\/en\/wp-json\/wp\/v2\/product_cat?post=869"},{"taxonomy":"product_tag","embeddable":true,"href":"https:\/\/swedenbybike.com\/en\/wp-json\/wp\/v2\/product_tag?post=869"}],"curies":[{"name":"wp","href":"https:\/\/api.w.org\/{rel}","templated":true}]}}