{"id":867,"date":"2014-01-04T22:27:50","date_gmt":"2014-01-04T22:27:50","guid":{"rendered":"http:\/\/swedenbybike.com\/?post_type=product&#038;p=867"},"modified":"2023-09-11T13:22:37","modified_gmt":"2023-09-11T13:22:37","slug":"cycling-map-north-roslagen-2","status":"publish","type":"product","link":"https:\/\/swedenbybike.com\/en\/butik\/cykelkartor\/cykelkarta-norra-roslagen\/","title":{"rendered":"Bicycle map North Roslagen"},"content":{"rendered":"<p>Norra Roslagen is a beautiful and varied coastal landscape with cozy small towns and real settlements. Norrt\u00e4lje is the obvious centerpiece with shops, taverns and cafes, arts, events and museums. There are also the idylls \u00d6regrund, \u00d6sterbybruk and Grisslehamn. Walloon mills with their industrial history are exciting to visit, and in Finsta was born Holy Birgitta - the world&#039;s most famous Swedish - in 1303 who died in Rome and was saintly declared by the Pope. Bicycle map Norra Roslagen provides a detailed picture of the cycle paths in the northern part of Roslagen. The map map for the bicycle map extends from \u00d6regrund in the north down to Norrt\u00e4lje and Rimbo in the south.<\/p>","protected":false},"excerpt":{"rendered":"<p>Norra Roslagen \u00e4r ett vackert och omv\u00e4xlande kustlandskap med mysiga sm\u00e5st\u00e4der och genuin bebyggelse. Norrt\u00e4lje \u00e4r den sj\u00e4lvklara mittpunkten med\u00a0butiker, krogar och kafeer, konst, evenemang och museer. H\u00e4r finns ocks\u00e5 idyllerna \u00d6regrund, \u00d6sterbybruk och Grisslehamn. Vallonbruken med sin industrihistoria \u00e4r sp\u00e4nnande att bes\u00f6ka, och i Finsta f\u00f6ddes Heliga Birgitta &#8211; v\u00e4rldens mest ber\u00f6mda svenska &#8211; [&hellip;]<\/p>\n","protected":false},"featured_media":42399,"template":"","meta":{"_acf_changed":false,"_relevanssi_hide_post":"","_relevanssi_pin_for_all":"","_relevanssi_pin_keywords":"","_relevanssi_unpin_keywords":"","_relevanssi_related_keywords":"","_relevanssi_related_include_ids":"","_relevanssi_related_exclude_ids":"","_relevanssi_related_no_append":"","_relevanssi_related_not_related":"","_relevanssi_related_posts":""},"product_brand":[],"product_cat":[68],"product_tag":[],"class_list":{"0":"post-867","1":"product","2":"type-product","3":"status-publish","4":"has-post-thumbnail","6":"product_cat-cykelkartor","8":"first","9":"instock","10":"taxable","11":"shipping-taxable","12":"purchasable","13":"product-type-simple"},"acf":[],"_links":{"self":[{"href":"https:\/\/swedenbybike.com\/en\/wp-json\/wp\/v2\/product\/867","targetHints":{"allow":["GET"]}}],"collection":[{"href":"https:\/\/swedenbybike.com\/en\/wp-json\/wp\/v2\/product"}],"about":[{"href":"https:\/\/swedenbybike.com\/en\/wp-json\/wp\/v2\/types\/product"}],"wp:featuredmedia":[{"embeddable":true,"href":"https:\/\/swedenbybike.com\/en\/wp-json\/wp\/v2\/media\/42399"}],"wp:attachment":[{"href":"https:\/\/swedenbybike.com\/en\/wp-json\/wp\/v2\/media?parent=867"}],"wp:term":[{"taxonomy":"product_brand","embeddable":true,"href":"https:\/\/swedenbybike.com\/en\/wp-json\/wp\/v2\/product_brand?post=867"},{"taxonomy":"product_cat","embeddable":true,"href":"https:\/\/swedenbybike.com\/en\/wp-json\/wp\/v2\/product_cat?post=867"},{"taxonomy":"product_tag","embeddable":true,"href":"https:\/\/swedenbybike.com\/en\/wp-json\/wp\/v2\/product_tag?post=867"}],"curies":[{"name":"wp","href":"https:\/\/api.w.org\/{rel}","templated":true}]}}