{"id":864,"date":"2014-01-04T22:24:13","date_gmt":"2014-01-04T22:24:13","guid":{"rendered":"http:\/\/swedenbybike.com\/?post_type=product&#038;p=864"},"modified":"2023-09-11T13:22:37","modified_gmt":"2023-09-11T13:22:37","slug":"cycle-map-southern-roslagen-stockholm","status":"publish","type":"product","link":"https:\/\/swedenbybike.com\/en\/butik\/cykelkartor\/cykelkarta-sodra-roslagen-stockholm\/","title":{"rendered":"Bicycle map S\u00f6dra Roslagen \/ Stockholm"},"content":{"rendered":"<p>Stockholm is strategically located between the Baltic Sea and Lake M\u00e4laren, where there are starting points for both the Sweden Trail and the Nyn\u00e4s Trail. Although Stockholm is the country&#039;s capital, it is never far to nature, whether water, meadows or forests. Parks and green areas are part of nature found in and around the city. Bicycle map S\u00f6dra Roslagen \/ Stockholm gives a detailed picture of the cycling routes in Stockholm and S\u00f6dra Roslagen.<\/p>\n<p>The cycle map extends from M\u00e4rsta and Bergshamra in the north to Nyn\u00e4shamn down in the south and covers, among others, Stockholm, M\u00e4rsta, Vallentuna, \u00c5kersberga, T\u00e4by, J\u00e4rva, Sollentuna, Solna, Sundbyberg Liding\u00f6, Nacka and V\u00e4sterhaninge. The Stockholm archipelago is also included.<\/p>","protected":false},"excerpt":{"rendered":"<p>Stockholm ligger strategiskt placerat mellan \u00d6stersj\u00f6n och M\u00e4laren, h\u00e4r finns startpunkter f\u00f6r b\u00e5de Sverigeleden och Nyn\u00e4sleden. Trots att Stockholm \u00e4r landets huvudstad \u00e4r det aldrig l\u00e5ngt till naturen, vare sig vatten, \u00e4ngar eller skogar. Parker och gr\u00f6nomr\u00e5den \u00e4r en del av naturen som finns inom och runt staden.\u00a0Cykelkarta S\u00f6dra Roslagen \/ Stockholm ger en detaljerad [&hellip;]<\/p>\n","protected":false},"featured_media":42397,"template":"","meta":{"_acf_changed":false,"_relevanssi_hide_post":"","_relevanssi_pin_for_all":"","_relevanssi_pin_keywords":"","_relevanssi_unpin_keywords":"","_relevanssi_related_keywords":"","_relevanssi_related_include_ids":"","_relevanssi_related_exclude_ids":"","_relevanssi_related_no_append":"","_relevanssi_related_not_related":"","_relevanssi_related_posts":""},"product_brand":[],"product_cat":[68],"product_tag":[],"class_list":{"0":"post-864","1":"product","2":"type-product","3":"status-publish","4":"has-post-thumbnail","6":"product_cat-cykelkartor","8":"first","9":"instock","10":"taxable","11":"shipping-taxable","12":"purchasable","13":"product-type-simple"},"acf":[],"_links":{"self":[{"href":"https:\/\/swedenbybike.com\/en\/wp-json\/wp\/v2\/product\/864","targetHints":{"allow":["GET"]}}],"collection":[{"href":"https:\/\/swedenbybike.com\/en\/wp-json\/wp\/v2\/product"}],"about":[{"href":"https:\/\/swedenbybike.com\/en\/wp-json\/wp\/v2\/types\/product"}],"wp:featuredmedia":[{"embeddable":true,"href":"https:\/\/swedenbybike.com\/en\/wp-json\/wp\/v2\/media\/42397"}],"wp:attachment":[{"href":"https:\/\/swedenbybike.com\/en\/wp-json\/wp\/v2\/media?parent=864"}],"wp:term":[{"taxonomy":"product_brand","embeddable":true,"href":"https:\/\/swedenbybike.com\/en\/wp-json\/wp\/v2\/product_brand?post=864"},{"taxonomy":"product_cat","embeddable":true,"href":"https:\/\/swedenbybike.com\/en\/wp-json\/wp\/v2\/product_cat?post=864"},{"taxonomy":"product_tag","embeddable":true,"href":"https:\/\/swedenbybike.com\/en\/wp-json\/wp\/v2\/product_tag?post=864"}],"curies":[{"name":"wp","href":"https:\/\/api.w.org\/{rel}","templated":true}]}}