{"id":856,"date":"2014-01-04T22:11:42","date_gmt":"2014-01-04T22:11:42","guid":{"rendered":"http:\/\/swedenbybike.com\/?post_type=product&#038;p=856"},"modified":"2023-09-11T13:22:39","modified_gmt":"2023-09-11T13:22:39","slug":"cycle-map-estra-hot-country-narke-2","status":"publish","type":"product","link":"https:\/\/swedenbybike.com\/en\/butik\/cykelkartor\/cykelkarta-ostra-varmland-narke\/","title":{"rendered":"Bicycle map \u00d6stra V\u00e4rmland \/ N\u00e4rke"},"content":{"rendered":"<p>Between eastern V\u00e4rmland and N\u00e4rke lies Kilsbergen, which in a certain light is said to have a blue color. In the area that is included on this bike map, the forests are deep and the lakes are many with a piece of the giant V\u00e4nern in the east. At the top of the northeast on this map page is Filipstad Warmland with its famous Nils Ferlin statue. To the east are Nora and Lindesberg in V\u00e4stmanland. On the southern leaf of the bicycle map is \u00d6rebro, which is a residential town in \u00d6rebro county. Bicycle map \u00d6stra V\u00e4rmland \/ N\u00e4rke gives a detailed picture of the cycling routes in the area.<\/p>\n<p>In the northeast there is Filipstad and then follow resorts such as Storfors, Grythyttan, Nora and Lindesberg. Kristinehamn, Degerfors, Karlskoga, Hallsberg, Kumla and \u00d6rebro in the east are located on the southern leaf of this cycle map.<\/p>","protected":false},"excerpt":{"rendered":"<p>Mellan \u00f6stra V\u00e4rmland och N\u00e4rke ligger Kilsbergen som i ett visst ljus s\u00e4gs f\u00e5 en bl\u00e5 f\u00e4rg. I omr\u00e5det som finns med p\u00e5 den h\u00e4r cykelkartan \u00e4r skogarna djupa och sj\u00f6arna m\u00e5nga med en bit av j\u00e4tten V\u00e4nern i \u00f6ster. L\u00e4ngst upp i nordost p\u00e5 det h\u00e4r kartbladet finns v\u00e4rml\u00e4ndska Filipstad med sin ber\u00f6mda Nils [&hellip;]<\/p>\n","protected":false},"featured_media":42391,"template":"","meta":{"_acf_changed":false,"_relevanssi_hide_post":"","_relevanssi_pin_for_all":"","_relevanssi_pin_keywords":"","_relevanssi_unpin_keywords":"","_relevanssi_related_keywords":"","_relevanssi_related_include_ids":"","_relevanssi_related_exclude_ids":"","_relevanssi_related_no_append":"","_relevanssi_related_not_related":"","_relevanssi_related_posts":""},"product_brand":[],"product_cat":[68],"product_tag":[],"class_list":{"0":"post-856","1":"product","2":"type-product","3":"status-publish","4":"has-post-thumbnail","6":"product_cat-cykelkartor","8":"first","9":"instock","10":"taxable","11":"shipping-taxable","12":"purchasable","13":"product-type-simple"},"acf":[],"_links":{"self":[{"href":"https:\/\/swedenbybike.com\/en\/wp-json\/wp\/v2\/product\/856","targetHints":{"allow":["GET"]}}],"collection":[{"href":"https:\/\/swedenbybike.com\/en\/wp-json\/wp\/v2\/product"}],"about":[{"href":"https:\/\/swedenbybike.com\/en\/wp-json\/wp\/v2\/types\/product"}],"wp:featuredmedia":[{"embeddable":true,"href":"https:\/\/swedenbybike.com\/en\/wp-json\/wp\/v2\/media\/42391"}],"wp:attachment":[{"href":"https:\/\/swedenbybike.com\/en\/wp-json\/wp\/v2\/media?parent=856"}],"wp:term":[{"taxonomy":"product_brand","embeddable":true,"href":"https:\/\/swedenbybike.com\/en\/wp-json\/wp\/v2\/product_brand?post=856"},{"taxonomy":"product_cat","embeddable":true,"href":"https:\/\/swedenbybike.com\/en\/wp-json\/wp\/v2\/product_cat?post=856"},{"taxonomy":"product_tag","embeddable":true,"href":"https:\/\/swedenbybike.com\/en\/wp-json\/wp\/v2\/product_tag?post=856"}],"curies":[{"name":"wp","href":"https:\/\/api.w.org\/{rel}","templated":true}]}}