{"id":853,"date":"2014-01-04T22:07:13","date_gmt":"2014-01-04T22:07:13","guid":{"rendered":"http:\/\/swedenbybike.com\/?post_type=product&#038;p=853"},"modified":"2023-09-11T13:22:40","modified_gmt":"2023-09-11T13:22:40","slug":"cycle-map-southern-varmland","status":"publish","type":"product","link":"https:\/\/swedenbybike.com\/en\/butik\/cykelkartor\/cykelkarta-sodra-varmland\/","title":{"rendered":"Bicycle map S\u00f6dra V\u00e4rmland"},"content":{"rendered":"<p>V\u00e4rmland offers deep forests, beautiful lakes, mountains and valleys. Here the mighty Klar River flows. In the landscape there are beautifully located mansions and Lake V\u00e4nern with warmland archipelago. For cyclists, the Klar\u00e4lvsbanan \/ Klar\u00e4lvsleden is a special attraction with 90 kilometers of car-free asphalt, followed by another 120 kilometers on gravel and road. On the bicycle map is Karlstad, which is the residence city in V\u00e4rmland county. Bicycle map S\u00f6dra V\u00e4rmland gives a detailed picture of the many cycling routes in the area.<\/p>\n<p>On the northern part of the map leaf you see places like Arvika in the west, Kil, Deje and Forshaga. On the southern part of this bike map is \u00c5m\u00e5l in Dalsland and then comes S\u00e4ffle, Grums, Skoghall and Karlstad&#039;s southern part. Included on the map are V\u00e4rmlandsn\u00e4s with surrounding archipelago as well as bike trails and the Pilgrims Trail hiking trail.<\/p>","protected":false},"excerpt":{"rendered":"<p>V\u00e4rmland bjuder p\u00e5 djupa skogar, vackra sj\u00f6ar, berg och dalar. H\u00e4r flyter den m\u00e4ktiga Klar\u00e4lven. I landskapet finns vackert bel\u00e4gna herrg\u00e5rdar och V\u00e4nern med v\u00e4rml\u00e4ndsk sk\u00e4rg\u00e5rd. F\u00f6r cyklister \u00e4r Klar\u00e4lvsbanan\/Klar\u00e4lvsleden en speciell attraktion med 90 kilometer bilfri asfalt som f\u00f6ljs av ytterligare 120 kilometer p\u00e5 grus och landsv\u00e4g. P\u00e5 cykelkartan finns Karlstad som \u00e4r residensstad [&hellip;]<\/p>\n","protected":false},"featured_media":42389,"template":"","meta":{"_acf_changed":false,"_relevanssi_hide_post":"","_relevanssi_pin_for_all":"","_relevanssi_pin_keywords":"","_relevanssi_unpin_keywords":"","_relevanssi_related_keywords":"","_relevanssi_related_include_ids":"","_relevanssi_related_exclude_ids":"","_relevanssi_related_no_append":"","_relevanssi_related_not_related":"","_relevanssi_related_posts":""},"product_brand":[],"product_cat":[68],"product_tag":[],"class_list":{"0":"post-853","1":"product","2":"type-product","3":"status-publish","4":"has-post-thumbnail","6":"product_cat-cykelkartor","8":"first","9":"instock","10":"taxable","11":"shipping-taxable","12":"purchasable","13":"product-type-simple"},"acf":[],"_links":{"self":[{"href":"https:\/\/swedenbybike.com\/en\/wp-json\/wp\/v2\/product\/853","targetHints":{"allow":["GET"]}}],"collection":[{"href":"https:\/\/swedenbybike.com\/en\/wp-json\/wp\/v2\/product"}],"about":[{"href":"https:\/\/swedenbybike.com\/en\/wp-json\/wp\/v2\/types\/product"}],"wp:featuredmedia":[{"embeddable":true,"href":"https:\/\/swedenbybike.com\/en\/wp-json\/wp\/v2\/media\/42389"}],"wp:attachment":[{"href":"https:\/\/swedenbybike.com\/en\/wp-json\/wp\/v2\/media?parent=853"}],"wp:term":[{"taxonomy":"product_brand","embeddable":true,"href":"https:\/\/swedenbybike.com\/en\/wp-json\/wp\/v2\/product_brand?post=853"},{"taxonomy":"product_cat","embeddable":true,"href":"https:\/\/swedenbybike.com\/en\/wp-json\/wp\/v2\/product_cat?post=853"},{"taxonomy":"product_tag","embeddable":true,"href":"https:\/\/swedenbybike.com\/en\/wp-json\/wp\/v2\/product_tag?post=853"}],"curies":[{"name":"wp","href":"https:\/\/api.w.org\/{rel}","templated":true}]}}