{"id":851,"date":"2014-01-04T22:03:44","date_gmt":"2014-01-04T22:03:44","guid":{"rendered":"http:\/\/swedenbybike.com\/?post_type=product&#038;p=851"},"modified":"2023-09-11T13:22:41","modified_gmt":"2023-09-11T13:22:41","slug":"cycle-map-estra-sodermanland-2","status":"publish","type":"product","link":"https:\/\/swedenbybike.com\/en\/butik\/cykelkartor\/cykelkarta-ostra-sodermanland\/","title":{"rendered":"Bicycle map \u00d6stra S\u00f6dermanland"},"content":{"rendered":"<p>In the eastern part of S\u00f6dermanland there are islands and archipelago in the east, agricultural landscapes, lakes, ancient remains and the castles typical of the landscape. On this leaf of the bicycle map are S\u00f6dert\u00e4lje and Nyk\u00f6ping. The bike trails are many, as are the excursion destinations. You can control the journey towards Tullgarn&#039;s castle outside Vagnh\u00e4rad or Nyk\u00f6pingshus where the famous guest banquet took place in the 1300s. Bicycle map \u00d6stra S\u00f6dermanland gives a detailed picture of the many cycling routes in the area.<\/p>\n<p>Flen and Malmk\u00f6ping in the east, Gnesta and J\u00e4rna south of S\u00f6dert\u00e4lje in the northwest can be found on the map that shows the northern part of the area. On the southern part of the cycle map are Nyk\u00f6ping, Oxel\u00f6sund and you also see Kolm\u00e5rden and the eastern areas along Br\u00e5viken. Also included on the map page is a separate map of the N\u00e4ckros Trail.<\/p>","protected":false},"excerpt":{"rendered":"<p>I S\u00f6dermanlands \u00f6stra del finns det \u00f6ar och sk\u00e4rg\u00e5rd i \u00f6ster, jordbrukslandskap, sj\u00f6ar, fornl\u00e4mningar och de f\u00f6r landskapet s\u00e5 typiska slotten. P\u00e5 det h\u00e4r bladet av cykelkartan finns S\u00f6dert\u00e4lje och Nyk\u00f6ping. Cykellederna \u00e4r m\u00e5nga, liksom utflyktsm\u00e5len. Du kan styra f\u00e4rden mot Tullgarns slott utanf\u00f6r Vagnh\u00e4rad eller Nyk\u00f6pingshus d\u00e4r det ber\u00f6mda g\u00e4stabudet \u00e4gde rum p\u00e5 1300-talet.\u00a0Cykelkarta [&hellip;]<\/p>\n","protected":false},"featured_media":42387,"template":"","meta":{"_acf_changed":false,"_relevanssi_hide_post":"","_relevanssi_pin_for_all":"","_relevanssi_pin_keywords":"","_relevanssi_unpin_keywords":"","_relevanssi_related_keywords":"","_relevanssi_related_include_ids":"","_relevanssi_related_exclude_ids":"","_relevanssi_related_no_append":"","_relevanssi_related_not_related":"","_relevanssi_related_posts":""},"product_brand":[],"product_cat":[68],"product_tag":[],"class_list":{"0":"post-851","1":"product","2":"type-product","3":"status-publish","4":"has-post-thumbnail","6":"product_cat-cykelkartor","8":"first","9":"instock","10":"taxable","11":"shipping-taxable","12":"purchasable","13":"product-type-simple"},"acf":[],"_links":{"self":[{"href":"https:\/\/swedenbybike.com\/en\/wp-json\/wp\/v2\/product\/851","targetHints":{"allow":["GET"]}}],"collection":[{"href":"https:\/\/swedenbybike.com\/en\/wp-json\/wp\/v2\/product"}],"about":[{"href":"https:\/\/swedenbybike.com\/en\/wp-json\/wp\/v2\/types\/product"}],"wp:featuredmedia":[{"embeddable":true,"href":"https:\/\/swedenbybike.com\/en\/wp-json\/wp\/v2\/media\/42387"}],"wp:attachment":[{"href":"https:\/\/swedenbybike.com\/en\/wp-json\/wp\/v2\/media?parent=851"}],"wp:term":[{"taxonomy":"product_brand","embeddable":true,"href":"https:\/\/swedenbybike.com\/en\/wp-json\/wp\/v2\/product_brand?post=851"},{"taxonomy":"product_cat","embeddable":true,"href":"https:\/\/swedenbybike.com\/en\/wp-json\/wp\/v2\/product_cat?post=851"},{"taxonomy":"product_tag","embeddable":true,"href":"https:\/\/swedenbybike.com\/en\/wp-json\/wp\/v2\/product_tag?post=851"}],"curies":[{"name":"wp","href":"https:\/\/api.w.org\/{rel}","templated":true}]}}