{"id":849,"date":"2014-01-04T22:00:35","date_gmt":"2014-01-04T22:00:35","guid":{"rendered":"http:\/\/swedenbybike.com\/?post_type=product&#038;p=849"},"modified":"2023-09-11T13:22:41","modified_gmt":"2023-09-11T13:22:41","slug":"cycle-map-sodermanland-ostergotland","status":"publish","type":"product","link":"https:\/\/swedenbybike.com\/en\/butik\/cykelkartor\/cykelkarta-sodermanland-ostergotland\/","title":{"rendered":"Bicycle map S\u00f6dermanland \/ \u00d6sterg\u00f6tland"},"content":{"rendered":"<p>In S\u00f6dermanland the soil is fertile, the lakes are many like the castles. There are also plenty of bike trails. \u00d6sterg\u00f6tland is equally fertile, here too there are beautiful lakes and important parts of Swedish history. On this leaf of the bicycle map are the big cities Link\u00f6ping and Norrk\u00f6ping with Br\u00e5viken on its eastern side. There is also the lake Roxen and a good part of the G\u00f6ta Canal. Kolm\u00e5rden is also on this bike map. Bicycle map S\u00f6dermanland \/ \u00d6sterg\u00f6tland gives a detailed picture of the bike trails in the area.<\/p>\n<p>On this bike map are places like Ving\u00e5ker, Rejmyre and Katrineholm. Borensberg, Ljungsbro, Link\u00f6ping, Finsp\u00e5ng, Sk\u00e4rblacka and S\u00f6derk\u00f6ping in the west are located on the southern map leaf.<\/p>","protected":false},"excerpt":{"rendered":"<p>I S\u00f6dermanland \u00e4r jorden b\u00f6rdig, sj\u00f6arna \u00e4r m\u00e5nga liksom slotten. Det finns \u00e4ven gott om cykelleder. \u00d6sterg\u00f6tland \u00e4r lika b\u00f6rdigt, \u00e4ven h\u00e4r finns vackra sj\u00f6ar och viktiga delar av den svenska historien. P\u00e5 det h\u00e4r bladet av cykelkartan finns de stora st\u00e4derna Link\u00f6ping och Norrk\u00f6ping med Br\u00e5viken p\u00e5 sin \u00f6stra sida. Med finns \u00e4ven sj\u00f6n [&hellip;]<\/p>\n","protected":false},"featured_media":42385,"template":"","meta":{"_acf_changed":false,"_relevanssi_hide_post":"","_relevanssi_pin_for_all":"","_relevanssi_pin_keywords":"","_relevanssi_unpin_keywords":"","_relevanssi_related_keywords":"","_relevanssi_related_include_ids":"","_relevanssi_related_exclude_ids":"","_relevanssi_related_no_append":"","_relevanssi_related_not_related":"","_relevanssi_related_posts":""},"product_brand":[],"product_cat":[68],"product_tag":[],"class_list":{"0":"post-849","1":"product","2":"type-product","3":"status-publish","4":"has-post-thumbnail","6":"product_cat-cykelkartor","8":"first","9":"instock","10":"taxable","11":"shipping-taxable","12":"purchasable","13":"product-type-simple"},"acf":[],"_links":{"self":[{"href":"https:\/\/swedenbybike.com\/en\/wp-json\/wp\/v2\/product\/849","targetHints":{"allow":["GET"]}}],"collection":[{"href":"https:\/\/swedenbybike.com\/en\/wp-json\/wp\/v2\/product"}],"about":[{"href":"https:\/\/swedenbybike.com\/en\/wp-json\/wp\/v2\/types\/product"}],"wp:featuredmedia":[{"embeddable":true,"href":"https:\/\/swedenbybike.com\/en\/wp-json\/wp\/v2\/media\/42385"}],"wp:attachment":[{"href":"https:\/\/swedenbybike.com\/en\/wp-json\/wp\/v2\/media?parent=849"}],"wp:term":[{"taxonomy":"product_brand","embeddable":true,"href":"https:\/\/swedenbybike.com\/en\/wp-json\/wp\/v2\/product_brand?post=849"},{"taxonomy":"product_cat","embeddable":true,"href":"https:\/\/swedenbybike.com\/en\/wp-json\/wp\/v2\/product_cat?post=849"},{"taxonomy":"product_tag","embeddable":true,"href":"https:\/\/swedenbybike.com\/en\/wp-json\/wp\/v2\/product_tag?post=849"}],"curies":[{"name":"wp","href":"https:\/\/api.w.org\/{rel}","templated":true}]}}