{"id":844,"date":"2014-01-04T21:48:34","date_gmt":"2014-01-04T21:48:34","guid":{"rendered":"http:\/\/swedenbybike.com\/?post_type=product&#038;p=844"},"modified":"2023-09-11T13:22:43","modified_gmt":"2023-09-11T13:22:43","slug":"cycling-map-dalsland-north-bohuslan","status":"publish","type":"product","link":"https:\/\/swedenbybike.com\/en\/butik\/cykelkartor\/cykelkarta-dalsland-norra-bohuslan\/","title":{"rendered":"Bicycle map Dalsland \/ Norra Bohusl\u00e4n"},"content":{"rendered":"<p>At the top of Bohusl\u00e4n near the border with Norway is the charming summer town of Str\u00f6mstad. Further south is Tanumshede with its famous rock carvings that are on UNESCO&#039;s World Heritage List. Dalsland has a varied landscape with lakes, forests and its own canal which includes the famous aqueduct in H\u00e5verud. On the landscape&#039;s own cycle route, the Dalsland Trail, you can, among other things, get between places like Ed, Bengtsfors and away to \u00c5m\u00e5l in the east. Bicycle map Dalsland \/ Norra Bohusl\u00e4n gives a detailed picture of the cycling routes in the area. Other locations found on the bike map are Billingsfors, Dals L\u00e5nged, B\u00e4ckefors and Fengersfors.<\/p>","protected":false},"excerpt":{"rendered":"<p>L\u00e4ngst upp i Bohusl\u00e4n n\u00e4ra gr\u00e4nsen till Norge ligger den charmerande sommarstaden Str\u00f6mstad. L\u00e4ngre s\u00f6derut ligger Tanumshede med sina ber\u00f6mda h\u00e4llristningar som finns med p\u00e5 Unescos v\u00e4rldsarvslista. Dalsland har ett omv\u00e4xlande landskap med sj\u00f6ar, skogar och egen kanal som bland annat omfattar den ber\u00f6mda akvedukten i H\u00e5verud. P\u00e5 landskapets egen cykelled Dalslandsleden kan man bland [&hellip;]<\/p>\n","protected":false},"featured_media":42381,"template":"","meta":{"_acf_changed":false,"_relevanssi_hide_post":"","_relevanssi_pin_for_all":"","_relevanssi_pin_keywords":"","_relevanssi_unpin_keywords":"","_relevanssi_related_keywords":"","_relevanssi_related_include_ids":"","_relevanssi_related_exclude_ids":"","_relevanssi_related_no_append":"","_relevanssi_related_not_related":"","_relevanssi_related_posts":""},"product_brand":[],"product_cat":[68],"product_tag":[],"class_list":{"0":"post-844","1":"product","2":"type-product","3":"status-publish","4":"has-post-thumbnail","6":"product_cat-cykelkartor","8":"first","9":"instock","10":"taxable","11":"shipping-taxable","12":"purchasable","13":"product-type-simple"},"acf":[],"_links":{"self":[{"href":"https:\/\/swedenbybike.com\/en\/wp-json\/wp\/v2\/product\/844","targetHints":{"allow":["GET"]}}],"collection":[{"href":"https:\/\/swedenbybike.com\/en\/wp-json\/wp\/v2\/product"}],"about":[{"href":"https:\/\/swedenbybike.com\/en\/wp-json\/wp\/v2\/types\/product"}],"wp:featuredmedia":[{"embeddable":true,"href":"https:\/\/swedenbybike.com\/en\/wp-json\/wp\/v2\/media\/42381"}],"wp:attachment":[{"href":"https:\/\/swedenbybike.com\/en\/wp-json\/wp\/v2\/media?parent=844"}],"wp:term":[{"taxonomy":"product_brand","embeddable":true,"href":"https:\/\/swedenbybike.com\/en\/wp-json\/wp\/v2\/product_brand?post=844"},{"taxonomy":"product_cat","embeddable":true,"href":"https:\/\/swedenbybike.com\/en\/wp-json\/wp\/v2\/product_cat?post=844"},{"taxonomy":"product_tag","embeddable":true,"href":"https:\/\/swedenbybike.com\/en\/wp-json\/wp\/v2\/product_tag?post=844"}],"curies":[{"name":"wp","href":"https:\/\/api.w.org\/{rel}","templated":true}]}}