{"id":833,"date":"2014-01-04T21:33:59","date_gmt":"2014-01-04T21:33:59","guid":{"rendered":"http:\/\/swedenbybike.com\/?post_type=product&#038;p=833"},"modified":"2023-09-11T13:22:46","modified_gmt":"2023-09-11T13:22:46","slug":"cycling-map-north-coast-of-smaland-2","status":"publish","type":"product","link":"https:\/\/swedenbybike.com\/en\/butik\/cykelkartor\/cykelkarta-norra-smalandskusten\/","title":{"rendered":"Bicycle map Northern Sm\u00e5land coast"},"content":{"rendered":"<p>When one of the cycle tracks is called the Dacketrampet, it historically understands that we are in Sm\u00e5land, more specifically in the areas represented by the map sheet over the northern Sm\u00e5land coast. Nils Dacke was a rebel \/ freedom hero who was defeated by Gustav Vasa in the 16th century. The roof tramp, among other things, leads to Hultsfred, who has made himself known in the festival context. Otherwise, it is very familiar to anyone who likes Astrid Lindgren&#039;s Emil in L\u00f6nneberga. Here is just L\u00f6nneberga, and Vimmerby. A pearl on the coast is V\u00e4stervik where you can cycle to enjoy the festival. Bicycle map Northern Sm\u00e5land Coast provides a detailed picture of the cycling routes in northern Sm\u00e5land.<\/p>\n<p>Kisa is located on the northern map leaf in the far west and then \u00d6verum, Gamleby, Edsbruk and Loftahammar come in an easterly direction. On the southern part of the cycle map you will find V\u00e4stervik up in the northeast. Other locations that are included are Gunnebo, Ankarsrum, Vimmerby and Hultsfred in the south.<\/p>","protected":false},"excerpt":{"rendered":"<p>N\u00e4r en av cykellederna heter Dacketrampet f\u00f6rst\u00e5r den historiskt intresserade att vi befinner oss i Sm\u00e5land, n\u00e4rmare best\u00e4mt i de trakter som kartbladet \u00f6ver norra Sm\u00e5landskusten \u00e5terger. Nils Dacke var en upprorsman\/frihetshj\u00e4lte som nedk\u00e4mpades av Gustav Vasa p\u00e5 1500-talet. Dacketrampet leder bland annat till Hultsfred som gjort sig k\u00e4nt i festivalsammanhang. Annars \u00e4r det mycket [&hellip;]<\/p>\n","protected":false},"featured_media":42373,"template":"","meta":{"_acf_changed":false,"_relevanssi_hide_post":"","_relevanssi_pin_for_all":"","_relevanssi_pin_keywords":"","_relevanssi_unpin_keywords":"","_relevanssi_related_keywords":"","_relevanssi_related_include_ids":"","_relevanssi_related_exclude_ids":"","_relevanssi_related_no_append":"","_relevanssi_related_not_related":"","_relevanssi_related_posts":""},"product_brand":[],"product_cat":[68],"product_tag":[],"class_list":{"0":"post-833","1":"product","2":"type-product","3":"status-publish","4":"has-post-thumbnail","6":"product_cat-cykelkartor","8":"first","9":"instock","10":"taxable","11":"shipping-taxable","12":"purchasable","13":"product-type-simple"},"acf":[],"_links":{"self":[{"href":"https:\/\/swedenbybike.com\/en\/wp-json\/wp\/v2\/product\/833","targetHints":{"allow":["GET"]}}],"collection":[{"href":"https:\/\/swedenbybike.com\/en\/wp-json\/wp\/v2\/product"}],"about":[{"href":"https:\/\/swedenbybike.com\/en\/wp-json\/wp\/v2\/types\/product"}],"wp:featuredmedia":[{"embeddable":true,"href":"https:\/\/swedenbybike.com\/en\/wp-json\/wp\/v2\/media\/42373"}],"wp:attachment":[{"href":"https:\/\/swedenbybike.com\/en\/wp-json\/wp\/v2\/media?parent=833"}],"wp:term":[{"taxonomy":"product_brand","embeddable":true,"href":"https:\/\/swedenbybike.com\/en\/wp-json\/wp\/v2\/product_brand?post=833"},{"taxonomy":"product_cat","embeddable":true,"href":"https:\/\/swedenbybike.com\/en\/wp-json\/wp\/v2\/product_cat?post=833"},{"taxonomy":"product_tag","embeddable":true,"href":"https:\/\/swedenbybike.com\/en\/wp-json\/wp\/v2\/product_tag?post=833"}],"curies":[{"name":"wp","href":"https:\/\/api.w.org\/{rel}","templated":true}]}}