{"id":830,"date":"2014-01-04T21:30:18","date_gmt":"2014-01-04T21:30:18","guid":{"rendered":"http:\/\/swedenbybike.com\/?post_type=product&#038;p=830"},"modified":"2023-09-11T13:22:46","modified_gmt":"2023-09-11T13:22:46","slug":"cycle-map-northeastern-smaland-2","status":"publish","type":"product","link":"https:\/\/swedenbybike.com\/en\/butik\/cykelkartor\/cykelkarta-nordostra-smaland\/","title":{"rendered":"Bicycle map Northeast Smaland"},"content":{"rendered":"<p>In the northeastern part of Sm\u00e5land is the large lake Sommen which has more than 250 islands and is largely surrounded by undeveloped nature. There are excellent cycling opportunities here. On the map leaf you will also find Mj\u00f6lby and the cheese town of Boxholm up in the northern part. On the southern part of the map leaf is the railway junction N\u00e4ssj\u00f6 and Eksj\u00f6, which is famous for its fine wooden buildings. In the area around Vetlanda was once a lot of mines and some you can still visit as a tourist. Bicycle map Northeast Sm\u00e5land gives a detailed picture of the cycle paths in the area.<\/p>\n<p>In the north on the bicycle map there are places such as Mj\u00f6lby, Boxholm and Kisa. Further south in the area you will find N\u00e4ssj\u00f6, Eksj\u00f6, Mariannelund, Bodafors, S\u00e4vsj\u00f6, Vetlanda and farthest in the south-east part is Virserum.<\/p>","protected":false},"excerpt":{"rendered":"<p>I den nord\u00f6stra delen av Sm\u00e5land finns den stora sj\u00f6n Sommen som har mer \u00e4n 250 \u00f6ar och till stora delar \u00e4r omgiven av obebyggd natur. H\u00e4r finns utm\u00e4rkta cykelm\u00f6jligheter. P\u00e5 kartbladet hittar man \u00e4ven Mj\u00f6lby och oststaden Boxholm uppe i den norra delen. P\u00e5 den s\u00f6dra delen av kartbladet finns j\u00e4rnv\u00e4gsknuten N\u00e4ssj\u00f6 och Eksj\u00f6 [&hellip;]<\/p>\n","protected":false},"featured_media":42371,"template":"","meta":{"_acf_changed":false,"_relevanssi_hide_post":"","_relevanssi_pin_for_all":"","_relevanssi_pin_keywords":"","_relevanssi_unpin_keywords":"","_relevanssi_related_keywords":"","_relevanssi_related_include_ids":"","_relevanssi_related_exclude_ids":"","_relevanssi_related_no_append":"","_relevanssi_related_not_related":"","_relevanssi_related_posts":""},"product_brand":[],"product_cat":[68],"product_tag":[],"class_list":{"0":"post-830","1":"product","2":"type-product","3":"status-publish","4":"has-post-thumbnail","6":"product_cat-cykelkartor","8":"first","9":"instock","10":"taxable","11":"shipping-taxable","12":"purchasable","13":"product-type-simple"},"acf":[],"_links":{"self":[{"href":"https:\/\/swedenbybike.com\/en\/wp-json\/wp\/v2\/product\/830","targetHints":{"allow":["GET"]}}],"collection":[{"href":"https:\/\/swedenbybike.com\/en\/wp-json\/wp\/v2\/product"}],"about":[{"href":"https:\/\/swedenbybike.com\/en\/wp-json\/wp\/v2\/types\/product"}],"wp:featuredmedia":[{"embeddable":true,"href":"https:\/\/swedenbybike.com\/en\/wp-json\/wp\/v2\/media\/42371"}],"wp:attachment":[{"href":"https:\/\/swedenbybike.com\/en\/wp-json\/wp\/v2\/media?parent=830"}],"wp:term":[{"taxonomy":"product_brand","embeddable":true,"href":"https:\/\/swedenbybike.com\/en\/wp-json\/wp\/v2\/product_brand?post=830"},{"taxonomy":"product_cat","embeddable":true,"href":"https:\/\/swedenbybike.com\/en\/wp-json\/wp\/v2\/product_cat?post=830"},{"taxonomy":"product_tag","embeddable":true,"href":"https:\/\/swedenbybike.com\/en\/wp-json\/wp\/v2\/product_tag?post=830"}],"curies":[{"name":"wp","href":"https:\/\/api.w.org\/{rel}","templated":true}]}}