{"id":823,"date":"2014-01-04T21:20:57","date_gmt":"2014-01-04T21:20:57","guid":{"rendered":"http:\/\/swedenbybike.com\/?post_type=product&#038;p=823"},"modified":"2023-09-11T13:22:48","modified_gmt":"2023-09-11T13:22:48","slug":"cycle-map-southern-vastergotland","status":"publish","type":"product","link":"https:\/\/swedenbybike.com\/en\/butik\/cykelkartor\/cykelkarta-sodra-vastergotland\/","title":{"rendered":"Bicycle map South V\u00e4sterg\u00f6tland"},"content":{"rendered":"<p>In V\u00e4sterg\u00f6tland you can hear the wings of history when cycling. Stone Age tombs, the V\u00e4stg\u00f6talagen from the 13th century, solid manufacturing traditions in the Textile Kingdom. In southern V\u00e4sterg\u00f6tland there are large lakes such as \u00c5sunden, Tolken and S\u00e4ven. You can cycle the Sjuh\u00e4rads round from the moped city of Bor\u00e5s to Ulricehamn, which is actually a cross-country skiing metropolis in winter. To the south of the bike map is Sm\u00e5land with cities such as Gnosj\u00f6 with its entrepreneurial spirit and the furniture town Skillingaryd. Bicycle map S\u00f6dra V\u00e4sterg\u00f6tland gives a detailed picture of the cycling routes in the area.<\/p>\n<p>From the north you will find Mullsj\u00f6, Ulricehamn and Bor\u00e5s. On the southern leaf of the bike map are cities such as Tranemo, Gnosj\u00f6, Skillingaryd and Vaggeryd.<\/p>","protected":false},"excerpt":{"rendered":"<p>I V\u00e4sterg\u00f6tland kan man h\u00f6ra historiens vingslag n\u00e4r man cyklar. Sten\u00e5ldersgravar, V\u00e4stg\u00f6talagen fr\u00e5n 1200-talet, gedigna tillverkningstraditioner i Textilriket. I s\u00f6dra V\u00e4sterg\u00f6tland finns stora sj\u00f6ar som \u00c5sunden, Tolken och S\u00e4ven. Du kan cykla Sjuh\u00e4radsrundan fr\u00e5n knallestaden Bor\u00e5s till Ulricehamn som faktiskt \u00e4r en l\u00e4ngdskid\u00e5kningsmetropol vintertid. I s\u00f6der p\u00e5 cykelkartan finns Sm\u00e5land med st\u00e4der som Gnosj\u00f6 med [&hellip;]<\/p>\n","protected":false},"featured_media":42367,"template":"","meta":{"_acf_changed":false,"_relevanssi_hide_post":"","_relevanssi_pin_for_all":"","_relevanssi_pin_keywords":"","_relevanssi_unpin_keywords":"","_relevanssi_related_keywords":"","_relevanssi_related_include_ids":"","_relevanssi_related_exclude_ids":"","_relevanssi_related_no_append":"","_relevanssi_related_not_related":"","_relevanssi_related_posts":""},"product_brand":[],"product_cat":[68],"product_tag":[],"class_list":{"0":"post-823","1":"product","2":"type-product","3":"status-publish","4":"has-post-thumbnail","6":"product_cat-cykelkartor","8":"first","9":"instock","10":"taxable","11":"shipping-taxable","12":"purchasable","13":"product-type-simple"},"acf":[],"_links":{"self":[{"href":"https:\/\/swedenbybike.com\/en\/wp-json\/wp\/v2\/product\/823","targetHints":{"allow":["GET"]}}],"collection":[{"href":"https:\/\/swedenbybike.com\/en\/wp-json\/wp\/v2\/product"}],"about":[{"href":"https:\/\/swedenbybike.com\/en\/wp-json\/wp\/v2\/types\/product"}],"wp:featuredmedia":[{"embeddable":true,"href":"https:\/\/swedenbybike.com\/en\/wp-json\/wp\/v2\/media\/42367"}],"wp:attachment":[{"href":"https:\/\/swedenbybike.com\/en\/wp-json\/wp\/v2\/media?parent=823"}],"wp:term":[{"taxonomy":"product_brand","embeddable":true,"href":"https:\/\/swedenbybike.com\/en\/wp-json\/wp\/v2\/product_brand?post=823"},{"taxonomy":"product_cat","embeddable":true,"href":"https:\/\/swedenbybike.com\/en\/wp-json\/wp\/v2\/product_cat?post=823"},{"taxonomy":"product_tag","embeddable":true,"href":"https:\/\/swedenbybike.com\/en\/wp-json\/wp\/v2\/product_tag?post=823"}],"curies":[{"name":"wp","href":"https:\/\/api.w.org\/{rel}","templated":true}]}}