{"id":820,"date":"2014-01-04T21:17:18","date_gmt":"2014-01-04T21:17:18","guid":{"rendered":"http:\/\/swedenbybike.com\/?post_type=product&#038;p=820"},"modified":"2023-09-11T13:22:48","modified_gmt":"2023-09-11T13:22:48","slug":"cycle-map-vastergotland-goteborg-2","status":"publish","type":"product","link":"https:\/\/swedenbybike.com\/en\/butik\/cykelkartor\/cykelkarta-vastergotland-goteborg\/","title":{"rendered":"Bicycle map V\u00e4sterg\u00f6tland \/ Gothenburg"},"content":{"rendered":"<p>In Gothenburg there are wonderful shrimp sandwiches, you can have a cup of coffee in Haga or go to Liseberg. The North Sea is never far away, or the archipelago with its cliffs. Here you will find gems like Marstrand and \u00d6cker\u00f6 with great cycling opportunities. Further south on the map page is Kungsbacka and inland there are lakes, forest areas and fine cycling trails in V\u00e4sterg\u00f6tland. Bicycle map V\u00e4sterg\u00f6tland \/ Gothenburg gives a detailed picture of the cycling routes in V\u00e4sterg\u00f6tland and the Gothenburg region. The area of the map covers, among others, Kung\u00e4lv, Alings\u00e5s, Lerum, Kinna, Onsala and Gothenburg archipelago with \u00d6cker\u00f6.<\/p>","protected":false},"excerpt":{"rendered":"<p>I G\u00f6teborg finns underbara r\u00e4ksm\u00f6rg\u00e5sar, man kan ta en kopp kaffe i Haga eller g\u00e5 p\u00e5 Liseberg. V\u00e4sterhavet \u00e4r aldrig l\u00e5ngt borta, eller sk\u00e4rg\u00e5rden med sina klippor. H\u00e4r finns p\u00e4rlor som Marstrand och \u00d6cker\u00f6 med fina cykelm\u00f6jligheter. L\u00e4ngre s\u00f6derut p\u00e5 kartbladet finns Kungsbacka och in\u00e5t land finns sj\u00f6ar, skogsomr\u00e5den och fina cykelleder i V\u00e4sterg\u00f6tland.\u00a0Cykelkarta V\u00e4sterg\u00f6tland [&hellip;]<\/p>\n","protected":false},"featured_media":42365,"template":"","meta":{"_acf_changed":false,"_relevanssi_hide_post":"","_relevanssi_pin_for_all":"","_relevanssi_pin_keywords":"","_relevanssi_unpin_keywords":"","_relevanssi_related_keywords":"","_relevanssi_related_include_ids":"","_relevanssi_related_exclude_ids":"","_relevanssi_related_no_append":"","_relevanssi_related_not_related":"","_relevanssi_related_posts":""},"product_brand":[],"product_cat":[68],"product_tag":[],"class_list":{"0":"post-820","1":"product","2":"type-product","3":"status-publish","4":"has-post-thumbnail","6":"product_cat-cykelkartor","8":"first","9":"instock","10":"taxable","11":"shipping-taxable","12":"purchasable","13":"product-type-simple"},"acf":[],"_links":{"self":[{"href":"https:\/\/swedenbybike.com\/en\/wp-json\/wp\/v2\/product\/820","targetHints":{"allow":["GET"]}}],"collection":[{"href":"https:\/\/swedenbybike.com\/en\/wp-json\/wp\/v2\/product"}],"about":[{"href":"https:\/\/swedenbybike.com\/en\/wp-json\/wp\/v2\/types\/product"}],"wp:featuredmedia":[{"embeddable":true,"href":"https:\/\/swedenbybike.com\/en\/wp-json\/wp\/v2\/media\/42365"}],"wp:attachment":[{"href":"https:\/\/swedenbybike.com\/en\/wp-json\/wp\/v2\/media?parent=820"}],"wp:term":[{"taxonomy":"product_brand","embeddable":true,"href":"https:\/\/swedenbybike.com\/en\/wp-json\/wp\/v2\/product_brand?post=820"},{"taxonomy":"product_cat","embeddable":true,"href":"https:\/\/swedenbybike.com\/en\/wp-json\/wp\/v2\/product_cat?post=820"},{"taxonomy":"product_tag","embeddable":true,"href":"https:\/\/swedenbybike.com\/en\/wp-json\/wp\/v2\/product_tag?post=820"}],"curies":[{"name":"wp","href":"https:\/\/api.w.org\/{rel}","templated":true}]}}