{"id":817,"date":"2014-01-04T21:12:36","date_gmt":"2014-01-04T21:12:36","guid":{"rendered":"http:\/\/swedenbybike.com\/?post_type=product&#038;p=817"},"modified":"2023-09-11T13:22:49","modified_gmt":"2023-09-11T13:22:49","slug":"cycle-map-gotland-2","status":"publish","type":"product","link":"https:\/\/swedenbybike.com\/en\/butik\/cykelkartor\/cykelkarta-gotland\/","title":{"rendered":"Bicycle map Gotland"},"content":{"rendered":"<p>Gotland is one of the strongest profiled Swedish landscapes in terms of tourism. Not least, it is a classic bike destination. For decades, cyclists have enjoyed ruffles, breathtaking coastlines, the ring wall, the medieval churches in Visby and Ingemar Bergman&#039;s F\u00e5r\u00f6. Here there is history in the form of 40,000 ancient remains, good food and crafts. Bike map Gotland gives a detailed picture of the Gotland Trail.<\/p>\n<p>The Gotland Trail stretches all over Gotland, from F\u00e5r\u00f6 in the north to Hoburgen in the south. The natural starting point is Visby, but it is just as good to start anywhere on the annular trail.<\/p>","protected":false},"excerpt":{"rendered":"<p>Gotland \u00e4r en av de starkast profilerade svenska landskapen n\u00e4r det g\u00e4ller turism. Inte minst \u00e4r det en klassisk cykeldestination. I decennier har cyklister njutit av raukar, h\u00e4nf\u00f6rande kuststr\u00e4ckor, ringmuren, de medeltida kyrkorna i Visby och Ingemar Bergmans F\u00e5r\u00f6. H\u00e4r finns historia i form av 40 000 fornl\u00e4mningar, god mat och hantverk.\u00a0Cykelkarta Gotland ger en [&hellip;]<\/p>\n","protected":false},"featured_media":42363,"template":"","meta":{"_acf_changed":false,"_relevanssi_hide_post":"","_relevanssi_pin_for_all":"","_relevanssi_pin_keywords":"","_relevanssi_unpin_keywords":"","_relevanssi_related_keywords":"","_relevanssi_related_include_ids":"","_relevanssi_related_exclude_ids":"","_relevanssi_related_no_append":"","_relevanssi_related_not_related":"","_relevanssi_related_posts":""},"product_brand":[],"product_cat":[68],"product_tag":[],"class_list":{"0":"post-817","1":"product","2":"type-product","3":"status-publish","4":"has-post-thumbnail","6":"product_cat-cykelkartor","8":"first","9":"instock","10":"taxable","11":"shipping-taxable","12":"purchasable","13":"product-type-simple"},"acf":[],"_links":{"self":[{"href":"https:\/\/swedenbybike.com\/en\/wp-json\/wp\/v2\/product\/817","targetHints":{"allow":["GET"]}}],"collection":[{"href":"https:\/\/swedenbybike.com\/en\/wp-json\/wp\/v2\/product"}],"about":[{"href":"https:\/\/swedenbybike.com\/en\/wp-json\/wp\/v2\/types\/product"}],"wp:featuredmedia":[{"embeddable":true,"href":"https:\/\/swedenbybike.com\/en\/wp-json\/wp\/v2\/media\/42363"}],"wp:attachment":[{"href":"https:\/\/swedenbybike.com\/en\/wp-json\/wp\/v2\/media?parent=817"}],"wp:term":[{"taxonomy":"product_brand","embeddable":true,"href":"https:\/\/swedenbybike.com\/en\/wp-json\/wp\/v2\/product_brand?post=817"},{"taxonomy":"product_cat","embeddable":true,"href":"https:\/\/swedenbybike.com\/en\/wp-json\/wp\/v2\/product_cat?post=817"},{"taxonomy":"product_tag","embeddable":true,"href":"https:\/\/swedenbybike.com\/en\/wp-json\/wp\/v2\/product_tag?post=817"}],"curies":[{"name":"wp","href":"https:\/\/api.w.org\/{rel}","templated":true}]}}