{"id":802,"date":"2014-01-04T20:11:23","date_gmt":"2014-01-04T20:11:23","guid":{"rendered":"http:\/\/swedenbybike.com\/?post_type=product&#038;p=802"},"modified":"2023-09-11T13:22:53","modified_gmt":"2023-09-11T13:22:53","slug":"cycle-map-blekinge-2","status":"publish","type":"product","link":"https:\/\/swedenbybike.com\/en\/butik\/cykelkartor\/cykelkarta-blekinge\/","title":{"rendered":"Bicycle map Blekinge"},"content":{"rendered":"<p>Blekinge is after \u00d6land the country&#039;s smallest landscape to the surface, but the cycling experiences on offer are all the greater. The flower king Carl von Linn\u00e9 called Blekinge the &quot;garden of Sweden&quot; and the views along the coast with the archipelago are breathtakingly beautiful. Bicycle map Blekinge gives a detailed picture of the cycling routes in Blekinge.<\/p>\n<p>The bike map extends from the small towns of Nybro in the north and Tingsryd in the west down to Karlskrona in the south. Ronneby is on the map as well as the big islands south of Karlskrona, where the cycling opportunities are fantastic.<\/p>","protected":false},"excerpt":{"rendered":"<p>Blekinge \u00e4r efter \u00d6land landets minsta landskap till ytan, men cykelupplevelserna som erbjuds \u00e4r desto st\u00f6rre. Blomsterkonungen Carl von Linn\u00e9 kallade Blekinge f\u00f6r \u201dSveriges tr\u00e4dg\u00e5rd\u201d och vyerna utmed kusten med sk\u00e4rg\u00e5rden \u00e4r h\u00e4nf\u00f6rande vackra. Cykelkarta Blekinge ger en detaljerad bild av cykellederna i Blekinge. Cykelkartan str\u00e4cker sig fr\u00e5n de sm\u00e5l\u00e4ndska st\u00e4derna Nybro i norr och [&hellip;]<\/p>\n","protected":false},"featured_media":42347,"template":"","meta":{"_acf_changed":false,"_relevanssi_hide_post":"","_relevanssi_pin_for_all":"","_relevanssi_pin_keywords":"","_relevanssi_unpin_keywords":"","_relevanssi_related_keywords":"","_relevanssi_related_include_ids":"","_relevanssi_related_exclude_ids":"","_relevanssi_related_no_append":"","_relevanssi_related_not_related":"","_relevanssi_related_posts":""},"product_brand":[],"product_cat":[68],"product_tag":[],"class_list":{"0":"post-802","1":"product","2":"type-product","3":"status-publish","4":"has-post-thumbnail","6":"product_cat-cykelkartor","8":"first","9":"instock","10":"taxable","11":"shipping-taxable","12":"purchasable","13":"product-type-simple"},"acf":[],"_links":{"self":[{"href":"https:\/\/swedenbybike.com\/en\/wp-json\/wp\/v2\/product\/802","targetHints":{"allow":["GET"]}}],"collection":[{"href":"https:\/\/swedenbybike.com\/en\/wp-json\/wp\/v2\/product"}],"about":[{"href":"https:\/\/swedenbybike.com\/en\/wp-json\/wp\/v2\/types\/product"}],"wp:featuredmedia":[{"embeddable":true,"href":"https:\/\/swedenbybike.com\/en\/wp-json\/wp\/v2\/media\/42347"}],"wp:attachment":[{"href":"https:\/\/swedenbybike.com\/en\/wp-json\/wp\/v2\/media?parent=802"}],"wp:term":[{"taxonomy":"product_brand","embeddable":true,"href":"https:\/\/swedenbybike.com\/en\/wp-json\/wp\/v2\/product_brand?post=802"},{"taxonomy":"product_cat","embeddable":true,"href":"https:\/\/swedenbybike.com\/en\/wp-json\/wp\/v2\/product_cat?post=802"},{"taxonomy":"product_tag","embeddable":true,"href":"https:\/\/swedenbybike.com\/en\/wp-json\/wp\/v2\/product_tag?post=802"}],"curies":[{"name":"wp","href":"https:\/\/api.w.org\/{rel}","templated":true}]}}