{"id":799,"date":"2014-01-04T20:06:40","date_gmt":"2014-01-04T20:06:40","guid":{"rendered":"http:\/\/swedenbybike.com\/?post_type=product&#038;p=799"},"modified":"2023-09-11T13:22:54","modified_gmt":"2023-09-11T13:22:54","slug":"cycle-map-northeastern-skane-2","status":"publish","type":"product","link":"https:\/\/swedenbybike.com\/en\/butik\/cykelkartor\/cykelkarta-nordostra-skane\/","title":{"rendered":"Bicycle map Northeast Sk\u00e5ne"},"content":{"rendered":"<p>Here, a plethora of bicycle paths branch into the three landscapes of Sk\u00e5ne, Sm\u00e5land and Blekinge. In the north-eastern part of Sk\u00e5ne, nature is a little wilder than in the rest of the landscape. There are deep forests, lakes to stop at to eat lunch bags and raging streams. There are several beautiful nature reserves in the area. In Kristianstad you can make a stop at the Regional Museum and northeast of the city is B\u00e4ckaskog Castle dating back to the 13th century. Don&#039;t miss Kristianstad&#039;s Water Kingdom, designated a UNESCO biosphere reserve. In the Hamnparken in Karlshamn in Blekinge you can admire Axel Olsson&#039;s statue of Karl-Oskar and Kristina from Vilhelm Moberg&#039;s books on emigrants. It was from here that they sailed to America. Bicycle map Northeast Sk\u00e5ne gives a detailed picture of the many cycle paths in the area.<\/p>\n<p>To the north are Osby, Sm\u00e5land&#039;s \u00c4lmhult and to the south you will find among others H\u00e4ssleholm, Kristianstad, Brom\u00f6lla and S\u00f6lvesborg.<\/p>","protected":false},"excerpt":{"rendered":"<p>H\u00e4r f\u00f6rgrenar sig en uppsj\u00f6 av cykelleder i de tre landskapen Sk\u00e5ne, Sm\u00e5land och Blekinge. I Sk\u00e5nes nord\u00f6stra del \u00e4r naturen litet vildare \u00e4n i resten av landskapet. Det finns djupa skogar, sj\u00f6ar att stanna vid f\u00f6r att \u00e4ta mats\u00e4ck och porlande b\u00e4ckar. Det finns flera vackra naturreservat i omr\u00e5det. I Kristianstad kan du g\u00f6ra [&hellip;]<\/p>\n","protected":false},"featured_media":42345,"template":"","meta":{"_acf_changed":false,"_relevanssi_hide_post":"","_relevanssi_pin_for_all":"","_relevanssi_pin_keywords":"","_relevanssi_unpin_keywords":"","_relevanssi_related_keywords":"","_relevanssi_related_include_ids":"","_relevanssi_related_exclude_ids":"","_relevanssi_related_no_append":"","_relevanssi_related_not_related":"","_relevanssi_related_posts":""},"product_brand":[],"product_cat":[68],"product_tag":[],"class_list":{"0":"post-799","1":"product","2":"type-product","3":"status-publish","4":"has-post-thumbnail","6":"product_cat-cykelkartor","8":"first","9":"instock","10":"taxable","11":"shipping-taxable","12":"purchasable","13":"product-type-simple"},"acf":[],"_links":{"self":[{"href":"https:\/\/swedenbybike.com\/en\/wp-json\/wp\/v2\/product\/799","targetHints":{"allow":["GET"]}}],"collection":[{"href":"https:\/\/swedenbybike.com\/en\/wp-json\/wp\/v2\/product"}],"about":[{"href":"https:\/\/swedenbybike.com\/en\/wp-json\/wp\/v2\/types\/product"}],"wp:featuredmedia":[{"embeddable":true,"href":"https:\/\/swedenbybike.com\/en\/wp-json\/wp\/v2\/media\/42345"}],"wp:attachment":[{"href":"https:\/\/swedenbybike.com\/en\/wp-json\/wp\/v2\/media?parent=799"}],"wp:term":[{"taxonomy":"product_brand","embeddable":true,"href":"https:\/\/swedenbybike.com\/en\/wp-json\/wp\/v2\/product_brand?post=799"},{"taxonomy":"product_cat","embeddable":true,"href":"https:\/\/swedenbybike.com\/en\/wp-json\/wp\/v2\/product_cat?post=799"},{"taxonomy":"product_tag","embeddable":true,"href":"https:\/\/swedenbybike.com\/en\/wp-json\/wp\/v2\/product_tag?post=799"}],"curies":[{"name":"wp","href":"https:\/\/api.w.org\/{rel}","templated":true}]}}