{"id":796,"date":"2014-01-04T20:02:39","date_gmt":"2014-01-04T20:02:39","guid":{"rendered":"http:\/\/swedenbybike.com\/?post_type=product&#038;p=796"},"modified":"2023-09-11T13:22:54","modified_gmt":"2023-09-11T13:22:54","slug":"cycle-map-north-west-skane","status":"publish","type":"product","link":"https:\/\/swedenbybike.com\/en\/butik\/cykelkartor\/cykelkarta-nordvastra-skane\/","title":{"rendered":"Bicycle map Northwest Sk\u00e5ne"},"content":{"rendered":"<p>It&#039;s no wonder that Sk\u00e5ne has attracted artists with its open landscape, proximity to the sea and the light. Bj\u00e4re peninsula and B\u00e5stad for the thoughts of swimming and maybe tennis in the latter case. Here in northwest Sk\u00e5ne there is the transition to the picturesque Halland coast with cities like Laholm and Halmstad which are at the top of the map. Bicycle map Northwest Sk\u00e5ne provides a detailed picture of the bike trails in northwestern Sk\u00e5ne.<\/p>\n<p>In the southwest at the bottom of the map is Helsingborg, at the far east is H\u00e4ssleholm. Other cities included are Bjuv, Klippan, Ljungbyhed and Perstorp.<\/p>","protected":false},"excerpt":{"rendered":"<p>Det \u00e4r inte konstigt att Sk\u00e5ne har lockat konstn\u00e4rer med sitt \u00f6ppna landskap, n\u00e4rheten till havet och ljuset. Bj\u00e4rehalv\u00f6n och B\u00e5stad f\u00f6r tankarna till bad och kanske tennis i det senare fallet. H\u00e4r i nordv\u00e4stra Sk\u00e5ne finns \u00f6verg\u00e5ngen till den pittoreska Hallandskusten med st\u00e4der som Laholm och Halmstad som finns l\u00e4ngst upp p\u00e5 kartan.\u00a0Cykelkarta Nordv\u00e4stra [&hellip;]<\/p>\n","protected":false},"featured_media":42343,"template":"","meta":{"_acf_changed":false,"_relevanssi_hide_post":"","_relevanssi_pin_for_all":"","_relevanssi_pin_keywords":"","_relevanssi_unpin_keywords":"","_relevanssi_related_keywords":"","_relevanssi_related_include_ids":"","_relevanssi_related_exclude_ids":"","_relevanssi_related_no_append":"","_relevanssi_related_not_related":"","_relevanssi_related_posts":""},"product_brand":[],"product_cat":[68],"product_tag":[],"class_list":{"0":"post-796","1":"product","2":"type-product","3":"status-publish","4":"has-post-thumbnail","6":"product_cat-cykelkartor","8":"first","9":"instock","10":"taxable","11":"shipping-taxable","12":"purchasable","13":"product-type-simple"},"acf":[],"_links":{"self":[{"href":"https:\/\/swedenbybike.com\/en\/wp-json\/wp\/v2\/product\/796","targetHints":{"allow":["GET"]}}],"collection":[{"href":"https:\/\/swedenbybike.com\/en\/wp-json\/wp\/v2\/product"}],"about":[{"href":"https:\/\/swedenbybike.com\/en\/wp-json\/wp\/v2\/types\/product"}],"wp:featuredmedia":[{"embeddable":true,"href":"https:\/\/swedenbybike.com\/en\/wp-json\/wp\/v2\/media\/42343"}],"wp:attachment":[{"href":"https:\/\/swedenbybike.com\/en\/wp-json\/wp\/v2\/media?parent=796"}],"wp:term":[{"taxonomy":"product_brand","embeddable":true,"href":"https:\/\/swedenbybike.com\/en\/wp-json\/wp\/v2\/product_brand?post=796"},{"taxonomy":"product_cat","embeddable":true,"href":"https:\/\/swedenbybike.com\/en\/wp-json\/wp\/v2\/product_cat?post=796"},{"taxonomy":"product_tag","embeddable":true,"href":"https:\/\/swedenbybike.com\/en\/wp-json\/wp\/v2\/product_tag?post=796"}],"curies":[{"name":"wp","href":"https:\/\/api.w.org\/{rel}","templated":true}]}}