{"id":793,"date":"2014-01-04T19:55:55","date_gmt":"2014-01-04T19:55:55","guid":{"rendered":"http:\/\/swedenbybike.com\/?post_type=product&#038;p=793"},"modified":"2023-09-11T13:22:55","modified_gmt":"2023-09-11T13:22:55","slug":"cycle-map-southeastern-skane","status":"publish","type":"product","link":"https:\/\/swedenbybike.com\/en\/butik\/cykelkartor\/cykelkarta-sydostra-skane\/","title":{"rendered":"Bicycle map Southeastern Sk\u00e5ne"},"content":{"rendered":"<p>In Sk\u00e5ne the distances are short and the cycling is classic. Here in the southeastern part is \u00d6sterlen with its picturesque fishing villages and fertile agricultural landscape. The sandy beaches are white and the chefs are close to the raw materials. When it comes to sights, for example, there are well-preserved medieval castles Glimmingehus and the grand ship set Ales Stones in K\u00e5seberga. Bicycle map Southeastern Sk\u00e5ne provides a detailed picture of the bike paths in the southeastern part of Sk\u00e5ne.<\/p>\n<p>The cycle map extends from Kristianstad in the northeast to Esl\u00f6v in the east and Ystad in the south. Other cities included on the bike map are \u00c5hus, Kivik, Simrishamn, Tomellilla, and Skurup.<\/p>","protected":false},"excerpt":{"rendered":"<p>I Sk\u00e5ne \u00e4r avst\u00e5nden korta och cyklingen klassisk. H\u00e4r den syd\u00f6stra delen finns \u00d6sterlen med sina pittoreska fiskel\u00e4gen och ett b\u00f6rdigt jordbrukslandskap. Sandstr\u00e4nderna \u00e4r vita och kockarna har n\u00e4ra till r\u00e5varorna. N\u00e4r det g\u00e4ller sev\u00e4rdheter finns till exempel v\u00e4lbevarade medeltidsborgen Glimmingehus och pampiga skeppss\u00e4ttningen Ales stenar i K\u00e5seberga.\u00a0Cykelkarta Syd\u00f6stra Sk\u00e5ne ger en detaljerad bild \u00f6ver [&hellip;]<\/p>\n","protected":false},"featured_media":42361,"template":"","meta":{"_acf_changed":false,"_relevanssi_hide_post":"","_relevanssi_pin_for_all":"","_relevanssi_pin_keywords":"","_relevanssi_unpin_keywords":"","_relevanssi_related_keywords":"","_relevanssi_related_include_ids":"","_relevanssi_related_exclude_ids":"","_relevanssi_related_no_append":"","_relevanssi_related_not_related":"","_relevanssi_related_posts":""},"product_brand":[],"product_cat":[68],"product_tag":[],"class_list":{"0":"post-793","1":"product","2":"type-product","3":"status-publish","4":"has-post-thumbnail","6":"product_cat-cykelkartor","8":"first","9":"instock","10":"taxable","11":"shipping-taxable","12":"purchasable","13":"product-type-simple"},"acf":[],"_links":{"self":[{"href":"https:\/\/swedenbybike.com\/en\/wp-json\/wp\/v2\/product\/793","targetHints":{"allow":["GET"]}}],"collection":[{"href":"https:\/\/swedenbybike.com\/en\/wp-json\/wp\/v2\/product"}],"about":[{"href":"https:\/\/swedenbybike.com\/en\/wp-json\/wp\/v2\/types\/product"}],"wp:featuredmedia":[{"embeddable":true,"href":"https:\/\/swedenbybike.com\/en\/wp-json\/wp\/v2\/media\/42361"}],"wp:attachment":[{"href":"https:\/\/swedenbybike.com\/en\/wp-json\/wp\/v2\/media?parent=793"}],"wp:term":[{"taxonomy":"product_brand","embeddable":true,"href":"https:\/\/swedenbybike.com\/en\/wp-json\/wp\/v2\/product_brand?post=793"},{"taxonomy":"product_cat","embeddable":true,"href":"https:\/\/swedenbybike.com\/en\/wp-json\/wp\/v2\/product_cat?post=793"},{"taxonomy":"product_tag","embeddable":true,"href":"https:\/\/swedenbybike.com\/en\/wp-json\/wp\/v2\/product_tag?post=793"}],"curies":[{"name":"wp","href":"https:\/\/api.w.org\/{rel}","templated":true}]}}