{"id":790,"date":"2014-01-04T19:42:44","date_gmt":"2014-01-04T19:42:44","guid":{"rendered":"http:\/\/swedenbybike.com\/?post_type=product&#038;p=790"},"modified":"2023-09-11T13:22:56","modified_gmt":"2023-09-11T13:22:56","slug":"cycle-map-southwestern-skane","status":"publish","type":"product","link":"https:\/\/swedenbybike.com\/en\/butik\/cykelkartor\/cykelkarta-sydvastra-skane\/","title":{"rendered":"Bicycle map Southwestern Sk\u00e5ne"},"content":{"rendered":"<p>In southwestern Sk\u00e5ne there are lots of charming places to visit and it is always close to the sea. Here is the country&#039;s third largest city Malm\u00f6 which is a notable cycling city with vibrant urban environments. The open agricultural landscape is something to keep your eyes on as you cycle between galleries and farm shops. Included on the bike map is Sweden&#039;s southernmost point Smygehuk and the island of Ven with little Tycho Brahe trail, which is named after the famous astronomer. Bicycle map Southwest Sk\u00e5ne gives a detailed picture of the cycle paths in the area. Other major cities you will find on the map are Helsingborg, Landskrona, Lund and Trelleborg.<\/p>","protected":false},"excerpt":{"rendered":"<p>I sydv\u00e4stra Sk\u00e5ne finns det massor av charmerande platser att bes\u00f6ka och det \u00e4r alltid n\u00e4ra till havet. H\u00e4r finns landets tredje st\u00f6rsta stad Malm\u00f6 som \u00e4r en f\u00f6rn\u00e4mlig cykelstad med livfulla urbana milj\u00f6er. Det \u00f6ppna jordbrukslandskapet \u00e4r n\u00e5got att vila \u00f6gonen p\u00e5 n\u00e4r du cyklar mellan gallerier och g\u00e5rdsbutiker. Med p\u00e5 cykelkartan finns Sveriges [&hellip;]<\/p>\n","protected":false},"featured_media":42359,"template":"","meta":{"_acf_changed":false,"_relevanssi_hide_post":"","_relevanssi_pin_for_all":"","_relevanssi_pin_keywords":"","_relevanssi_unpin_keywords":"","_relevanssi_related_keywords":"","_relevanssi_related_include_ids":"","_relevanssi_related_exclude_ids":"","_relevanssi_related_no_append":"","_relevanssi_related_not_related":"","_relevanssi_related_posts":""},"product_brand":[],"product_cat":[68],"product_tag":[],"class_list":{"0":"post-790","1":"product","2":"type-product","3":"status-publish","4":"has-post-thumbnail","6":"product_cat-cykelkartor","8":"first","9":"instock","10":"taxable","11":"shipping-taxable","12":"purchasable","13":"product-type-simple"},"acf":[],"_links":{"self":[{"href":"https:\/\/swedenbybike.com\/en\/wp-json\/wp\/v2\/product\/790","targetHints":{"allow":["GET"]}}],"collection":[{"href":"https:\/\/swedenbybike.com\/en\/wp-json\/wp\/v2\/product"}],"about":[{"href":"https:\/\/swedenbybike.com\/en\/wp-json\/wp\/v2\/types\/product"}],"wp:featuredmedia":[{"embeddable":true,"href":"https:\/\/swedenbybike.com\/en\/wp-json\/wp\/v2\/media\/42359"}],"wp:attachment":[{"href":"https:\/\/swedenbybike.com\/en\/wp-json\/wp\/v2\/media?parent=790"}],"wp:term":[{"taxonomy":"product_brand","embeddable":true,"href":"https:\/\/swedenbybike.com\/en\/wp-json\/wp\/v2\/product_brand?post=790"},{"taxonomy":"product_cat","embeddable":true,"href":"https:\/\/swedenbybike.com\/en\/wp-json\/wp\/v2\/product_cat?post=790"},{"taxonomy":"product_tag","embeddable":true,"href":"https:\/\/swedenbybike.com\/en\/wp-json\/wp\/v2\/product_tag?post=790"}],"curies":[{"name":"wp","href":"https:\/\/api.w.org\/{rel}","templated":true}]}}