{"id":55550,"date":"2026-01-17T13:07:41","date_gmt":"2026-01-17T13:07:41","guid":{"rendered":"https:\/\/swedenbybike.com\/?post_type=product&#038;p=55550"},"modified":"2026-02-17T11:17:23","modified_gmt":"2026-02-17T11:17:23","slug":"self-service-tour-cykla-med-experthjalp","status":"publish","type":"product","link":"https:\/\/swedenbybike.com\/en\/butik\/kartor-och-guider\/self-service-tour-cykla-med-experthjalp\/","title":{"rendered":"Self Service Tour - cycling with expert help"},"content":{"rendered":"<p>Experience the freedom of planning your own cycling trip - with the security of having local expertise behind you. You book your accommodation yourself, while we help you with <strong>digital maps, travel directions<\/strong> and a <strong>online personal planning meeting<\/strong>. A perfect solution for those who want to travel independently, but still get valuable tips and advice along the way.<\/p>\n<p>The service is offered for <strong>selected cycling routes and tours<\/strong> where we work with local experts who know the area well. The GPX file you receive is for the selected trail or tour, so you can easily navigate and discover all the highlights of the area.<\/p>\n<h3><strong>This is included:<\/strong><\/h3>\n<ul>\n<li>Digital map (GPX file) for navigation.<\/li>\n<li style=\"text-align: left;\">Online face-to-face planning meeting (30 min).<\/li>\n<li style=\"text-align: left;\">Detailed travel directions (PDF).<\/li>\n<\/ul>\n<h3><strong>Here's how it works after the purchase:<\/strong><\/h3>\n<ol>\n<li>You will receive digital maps and directions to your email.<\/li>\n<li>You can contact us via<a href=\"mailto:info@swedenbybike.com\"> info@swedenbybike.com<\/a> to book your online meeting, enter your preferred date and prepare your questions for the call at your leisure.<\/li>\n<li>You plan and book your accommodation on your own, based on your preferences.<\/li>\n<\/ol>\n<p>We help you discover Sweden's cycling routes and tours on your own - with the support of an experienced travel expert with local knowledge who will guide you and give you advice before the trip begins.<\/p>","protected":false},"excerpt":{"rendered":"<p>Upplev friheten i att planera din egen cykelresa &#8211; med tryggheten i att ha lokal expertis i ryggen. Du bokar sj\u00e4lv din \u00f6vernattning, medan vi hj\u00e4lper dig med digitala kartor, f\u00e4rdbeskrivning och ett personligt planeringsm\u00f6te online. En perfekt l\u00f6sning f\u00f6r dig som vill resa sj\u00e4lvst\u00e4ndigt, men \u00e4nd\u00e5 f\u00e5 v\u00e4rdefulla tips och r\u00e5d l\u00e4ngs v\u00e4gen. Tj\u00e4nsten [&hellip;]<\/p>\n","protected":false},"featured_media":36782,"template":"","meta":{"_acf_changed":false,"_relevanssi_hide_post":"","_relevanssi_pin_for_all":"","_relevanssi_pin_keywords":"","_relevanssi_unpin_keywords":"","_relevanssi_related_keywords":"","_relevanssi_related_include_ids":"","_relevanssi_related_exclude_ids":"","_relevanssi_related_no_append":"","_relevanssi_related_not_related":"","_relevanssi_related_posts":""},"product_brand":[],"product_cat":[228],"product_tag":[],"class_list":{"0":"post-55550","1":"product","2":"type-product","3":"status-publish","4":"has-post-thumbnail","6":"product_cat-kartor-och-guider","8":"first","9":"instock","10":"taxable","11":"shipping-taxable","12":"purchasable","13":"product-type-variable","14":"has-default-attributes","15":"rtwpvg-product"},"acf":[],"_links":{"self":[{"href":"https:\/\/swedenbybike.com\/en\/wp-json\/wp\/v2\/product\/55550","targetHints":{"allow":["GET"]}}],"collection":[{"href":"https:\/\/swedenbybike.com\/en\/wp-json\/wp\/v2\/product"}],"about":[{"href":"https:\/\/swedenbybike.com\/en\/wp-json\/wp\/v2\/types\/product"}],"wp:featuredmedia":[{"embeddable":true,"href":"https:\/\/swedenbybike.com\/en\/wp-json\/wp\/v2\/media\/36782"}],"wp:attachment":[{"href":"https:\/\/swedenbybike.com\/en\/wp-json\/wp\/v2\/media?parent=55550"}],"wp:term":[{"taxonomy":"product_brand","embeddable":true,"href":"https:\/\/swedenbybike.com\/en\/wp-json\/wp\/v2\/product_brand?post=55550"},{"taxonomy":"product_cat","embeddable":true,"href":"https:\/\/swedenbybike.com\/en\/wp-json\/wp\/v2\/product_cat?post=55550"},{"taxonomy":"product_tag","embeddable":true,"href":"https:\/\/swedenbybike.com\/en\/wp-json\/wp\/v2\/product_tag?post=55550"}],"curies":[{"name":"wp","href":"https:\/\/api.w.org\/{rel}","templated":true}]}}