{"id":48538,"date":"2024-08-19T11:16:21","date_gmt":"2024-08-19T11:16:21","guid":{"rendered":"https:\/\/swedenbybike.com\/?post_type=product&#038;p=48538"},"modified":"2026-04-14T21:53:24","modified_gmt":"2026-04-14T21:53:24","slug":"windfree","status":"publish","type":"product","link":"https:\/\/swedenbybike.com\/en\/butik\/tillbehor\/windfree\/","title":{"rendered":"Windfree"},"content":{"rendered":"<p><strong>Eliminate wind noise for a more comfortable cycling experience!<\/strong><\/p>\n<p>As a cyclist, you know how annoying wind noise can be. Windfree reduces wind noise by up to 20 dB, allowing you to hear your surroundings clearly - perfect for safe cycling in traffic. Windfree is also ideal for runners, sailors and others who love outdoor activities.<\/p>\n<p>This innovative ear solution blocks wind noise without muffling important sounds, making your outdoor activities more enjoyable. Compatible with AirPods and hearing aids, and made with Outlast\u00ae, a material developed by NASA to regulate temperature, Windfree offers a customized fit and comfort that lasts all day.<\/p>\n<p>Made in Sweden and easy to wash, Windfree is the obvious choice for anyone who wants to take their outdoor experience to the next level.<\/p>\n<ul>\n<li style=\"list-style-type: none;\">\n<ul>\n<li>Reduces wind noise by up to 20 dB<\/li>\n<li>Compatible with headphones and hearing aids<\/li>\n<li>Regulates temperature for optimal comfort<\/li>\n<li>Made in Sweden and easy to wash<\/li>\n<li>Facilitates safe cycling by improving hearing<\/li>\n<\/ul>\n<\/li>\n<\/ul>","protected":false},"excerpt":{"rendered":"<p>Eliminera vindbrus f\u00f6r en bekv\u00e4mare cykelupplevelse! Som cyklist vet du hur irriterande vindbruset kan vara. Med Windfree minskar du ljudniv\u00e5n fr\u00e5n vinden med upp till 20 dB, vilket l\u00e5ter dig h\u00f6ra omgivningen klart och tydligt \u2013 perfekt f\u00f6r s\u00e4ker cykling i trafiken. Windfree \u00e4r \u00e4ven idealisk f\u00f6r l\u00f6pare, seglare och andra som \u00e4lskar utomhusaktiviteter. Denna [&hellip;]<\/p>\n","protected":false},"featured_media":48539,"template":"","meta":{"_acf_changed":false,"_relevanssi_hide_post":"","_relevanssi_pin_for_all":"","_relevanssi_pin_keywords":"","_relevanssi_unpin_keywords":"","_relevanssi_related_keywords":"","_relevanssi_related_include_ids":"","_relevanssi_related_exclude_ids":"","_relevanssi_related_no_append":"","_relevanssi_related_not_related":"","_relevanssi_related_posts":""},"product_brand":[],"product_cat":[144],"product_tag":[],"class_list":{"0":"post-48538","1":"product","2":"type-product","3":"status-publish","4":"has-post-thumbnail","6":"product_cat-tillbehor","8":"first","9":"instock","10":"taxable","11":"shipping-taxable","12":"purchasable","13":"product-type-simple"},"acf":[],"_links":{"self":[{"href":"https:\/\/swedenbybike.com\/en\/wp-json\/wp\/v2\/product\/48538","targetHints":{"allow":["GET"]}}],"collection":[{"href":"https:\/\/swedenbybike.com\/en\/wp-json\/wp\/v2\/product"}],"about":[{"href":"https:\/\/swedenbybike.com\/en\/wp-json\/wp\/v2\/types\/product"}],"wp:featuredmedia":[{"embeddable":true,"href":"https:\/\/swedenbybike.com\/en\/wp-json\/wp\/v2\/media\/48539"}],"wp:attachment":[{"href":"https:\/\/swedenbybike.com\/en\/wp-json\/wp\/v2\/media?parent=48538"}],"wp:term":[{"taxonomy":"product_brand","embeddable":true,"href":"https:\/\/swedenbybike.com\/en\/wp-json\/wp\/v2\/product_brand?post=48538"},{"taxonomy":"product_cat","embeddable":true,"href":"https:\/\/swedenbybike.com\/en\/wp-json\/wp\/v2\/product_cat?post=48538"},{"taxonomy":"product_tag","embeddable":true,"href":"https:\/\/swedenbybike.com\/en\/wp-json\/wp\/v2\/product_tag?post=48538"}],"curies":[{"name":"wp","href":"https:\/\/api.w.org\/{rel}","templated":true}]}}