{"id":48535,"date":"2024-08-19T11:05:14","date_gmt":"2024-08-19T11:05:14","guid":{"rendered":"https:\/\/swedenbybike.com\/?post_type=product&#038;p=48535"},"modified":"2026-01-30T19:21:05","modified_gmt":"2026-01-30T19:21:05","slug":"stnky-bag","status":"publish","type":"product","link":"https:\/\/swedenbybike.com\/en\/butik\/vaskor-och-forvaring\/stnky-bag\/","title":{"rendered":"Stnky Bag"},"content":{"rendered":"<p>Fresh workout clothes - perfect for active days!<\/p>\n<p>Whether you're cycling to work, going for a run during your lunch break or ending the day with a workout, it often means sweaty and smelly clothes. To avoid putting these clothes in your bag with your other belongings, there's a smart solution: the STNKY Bag.<\/p>\n<p>The STNKY Bag is a practical and stylish training bag, perfect for active cyclists and others who want to keep their equipment fresh. The bag effectively encapsulates unwanted odors and makes it easy to handle your training clothes. After your workout, simply put your clothes in the bag. When you get home, open the bag from the other side, turn the inner bag inside out, and put everything straight into the washing machine - easy and hygienic!<\/p>\n<p>Both the sturdy outer bag and the durable inner bag are made of 100% polyester, and are machine washable up to 60\u00b0C. Choose between the black outer bag with a high-gloss finish or the orange one with a woven texture, depending on your style and preference.<\/p>\n<p><strong>Packaging:<\/strong> 1 training bag with inner bag, 1 laundry bag with inner bag<br \/>\n<strong>Measurements:<\/strong> Width: 32 cm, Length: 40 cm<br \/>\n<strong>Material:<\/strong> 100% polyester, laminated nylon outer bag, polyester inner mesh<br \/>\n<strong>Other:<\/strong> Machine washable up to 60\u00b0C<\/p>\n<p>The STNKY Bag is the optimal solution for cyclists and other fitness enthusiasts who want to keep their clothes fresh and ready for the next adventure.<\/p>","protected":false},"excerpt":{"rendered":"<p>Fr\u00e4scha tr\u00e4ningskl\u00e4der \u2013 perfekt f\u00f6r aktiva dagar! Oavsett om du cyklar till jobbet, tar en l\u00f6ptur under lunchrasten eller avslutar dagen med ett tr\u00e4ningspass, inneb\u00e4r det ofta svettiga och illaluktande kl\u00e4der. F\u00f6r att slippa l\u00e4gga dessa kl\u00e4der i v\u00e4skan bland dina andra tillh\u00f6righeter finns en smart l\u00f6sning: STNKY Bag. STNKY Bag \u00e4r en praktisk och [&hellip;]<\/p>\n","protected":false},"featured_media":48537,"template":"","meta":{"_acf_changed":false,"_relevanssi_hide_post":"","_relevanssi_pin_for_all":"","_relevanssi_pin_keywords":"","_relevanssi_unpin_keywords":"","_relevanssi_related_keywords":"","_relevanssi_related_include_ids":"","_relevanssi_related_exclude_ids":"","_relevanssi_related_no_append":"","_relevanssi_related_not_related":"","_relevanssi_related_posts":""},"product_brand":[],"product_cat":[229],"product_tag":[],"class_list":{"0":"post-48535","1":"product","2":"type-product","3":"status-publish","4":"has-post-thumbnail","6":"product_cat-vaskor-och-forvaring","8":"first","9":"instock","10":"taxable","11":"shipping-taxable","12":"purchasable","13":"product-type-simple"},"acf":[],"_links":{"self":[{"href":"https:\/\/swedenbybike.com\/en\/wp-json\/wp\/v2\/product\/48535","targetHints":{"allow":["GET"]}}],"collection":[{"href":"https:\/\/swedenbybike.com\/en\/wp-json\/wp\/v2\/product"}],"about":[{"href":"https:\/\/swedenbybike.com\/en\/wp-json\/wp\/v2\/types\/product"}],"wp:featuredmedia":[{"embeddable":true,"href":"https:\/\/swedenbybike.com\/en\/wp-json\/wp\/v2\/media\/48537"}],"wp:attachment":[{"href":"https:\/\/swedenbybike.com\/en\/wp-json\/wp\/v2\/media?parent=48535"}],"wp:term":[{"taxonomy":"product_brand","embeddable":true,"href":"https:\/\/swedenbybike.com\/en\/wp-json\/wp\/v2\/product_brand?post=48535"},{"taxonomy":"product_cat","embeddable":true,"href":"https:\/\/swedenbybike.com\/en\/wp-json\/wp\/v2\/product_cat?post=48535"},{"taxonomy":"product_tag","embeddable":true,"href":"https:\/\/swedenbybike.com\/en\/wp-json\/wp\/v2\/product_tag?post=48535"}],"curies":[{"name":"wp","href":"https:\/\/api.w.org\/{rel}","templated":true}]}}