{"id":42704,"date":"2023-05-08T12:21:35","date_gmt":"2023-05-08T12:21:35","guid":{"rendered":"https:\/\/swedenbybike.com\/?post_type=product&#038;p=42704"},"modified":"2025-09-02T14:36:13","modified_gmt":"2025-09-02T14:36:13","slug":"laddskap-for-elcykel-3-fack","status":"publish","type":"product","link":"https:\/\/swedenbybike.com\/en\/butik\/laddskap\/laddskap-for-elcykel-3-fack\/","title":{"rendered":"Charging cabinet for electric bicycle 3-compartment"},"content":{"rendered":"<p>ECO Charge ID BIKE is the leading charging cabinet for safe storage and charging of bicycle batteries, made in Sweden for highest quality and performance. It provides you with a convenient and practical solution for managing security and fire protection as a property owner.<\/p>\n<p>Made of powder-coated galvanized sheet metal, ECO Charge ID BIKE offers excellent ventilation, robust doors and recessed high-quality hinges. Each charging station is equipped with a 230V electrical outlet that enables the charging of different types of bicycle batteries according to EU standards. The cabinet conveniently accommodates both the battery and its charger.<\/p>\n<p>For easy installation, ECO Charge ID BIKE is designed to be mounted on the wall with 6 M5 screws. It comes standard with either a padlock key or a standard key lock. The cabinet comes complete with a 1.5 m cable and plug.<\/p>\n<p>Please note that the price indicated above is inclusive of VAT. For questions, purchase via invoice or any requests for other customizations, please contact <a href=\"mailto:info@swedenbybike.com\">info@swedenbybike.com<\/a>.<\/p>\n<ul>\n<li>Ventilating shelves<\/li>\n<li>Electrical outlets in each compartment<\/li>\n<li>Charging batteries<\/li>\n<li>Increased anti-theft protection<\/li>\n<li>More appropriate monitoring of batteries<\/li>\n<li>Facilitates fire protection<\/li>\n<\/ul>\n<div class=\"facts general\">\n<div><label>External dimensions (W\/H\/D)<\/label>560 mm, 550 mm, 250 mm<\/div>\n<div><label>Compartment dimensions (W\/H\/D)<\/label>540 mm, 140 mm, 230 mm<\/div>\n<div><label>Number of charging points<\/label>3<\/div>\n<div><label>Electricity supply<\/label>230 V<\/div>\n<div><label>Weight<\/label>11 kg<\/div>\n<div><label>Locking mechanism<\/label>key<\/div>\n<div><label>Delivery time<\/label>1-2 weeks<\/div>\n<\/div>","protected":false},"excerpt":{"rendered":"<p>ECO Charge ID BIKE \u00e4r det ledande laddningssk\u00e5pet f\u00f6r s\u00e4ker f\u00f6rvaring och laddning av cykelbatterier, svensktillverkat f\u00f6r h\u00f6gsta kvalitet och prestanda. Det ger dig en bekv\u00e4m och praktisk l\u00f6sning f\u00f6r att hantera s\u00e4kerhet och brandskydd som fastighets\u00e4gare. Tillverkat av pulverlackerad galvaniserad pl\u00e5t, erbjuder ECO Charge ID BIKE utm\u00e4rkt ventilation, robusta d\u00f6rrar och inf\u00e4llda h\u00f6gkvalitativa g\u00e5ngj\u00e4rn. [&hellip;]<\/p>\n","protected":false},"featured_media":42706,"template":"","meta":{"_acf_changed":false,"_relevanssi_hide_post":"","_relevanssi_pin_for_all":"","_relevanssi_pin_keywords":"","_relevanssi_unpin_keywords":"","_relevanssi_related_keywords":"","_relevanssi_related_include_ids":"","_relevanssi_related_exclude_ids":"","_relevanssi_related_no_append":"","_relevanssi_related_not_related":"","_relevanssi_related_posts":""},"product_brand":[],"product_cat":[225],"product_tag":[],"class_list":{"0":"post-42704","1":"product","2":"type-product","3":"status-publish","4":"has-post-thumbnail","6":"product_cat-laddskap","7":"product_shipping_class-gratis","9":"first","10":"instock","11":"taxable","12":"shipping-taxable","13":"purchasable","14":"product-type-variable","15":"rtwpvg-product"},"acf":[],"_links":{"self":[{"href":"https:\/\/swedenbybike.com\/en\/wp-json\/wp\/v2\/product\/42704","targetHints":{"allow":["GET"]}}],"collection":[{"href":"https:\/\/swedenbybike.com\/en\/wp-json\/wp\/v2\/product"}],"about":[{"href":"https:\/\/swedenbybike.com\/en\/wp-json\/wp\/v2\/types\/product"}],"wp:featuredmedia":[{"embeddable":true,"href":"https:\/\/swedenbybike.com\/en\/wp-json\/wp\/v2\/media\/42706"}],"wp:attachment":[{"href":"https:\/\/swedenbybike.com\/en\/wp-json\/wp\/v2\/media?parent=42704"}],"wp:term":[{"taxonomy":"product_brand","embeddable":true,"href":"https:\/\/swedenbybike.com\/en\/wp-json\/wp\/v2\/product_brand?post=42704"},{"taxonomy":"product_cat","embeddable":true,"href":"https:\/\/swedenbybike.com\/en\/wp-json\/wp\/v2\/product_cat?post=42704"},{"taxonomy":"product_tag","embeddable":true,"href":"https:\/\/swedenbybike.com\/en\/wp-json\/wp\/v2\/product_tag?post=42704"}],"curies":[{"name":"wp","href":"https:\/\/api.w.org\/{rel}","templated":true}]}}