{"id":40472,"date":"2022-12-16T09:37:34","date_gmt":"2022-12-16T09:37:34","guid":{"rendered":"https:\/\/swedenbybike.com\/?post_type=product&#038;p=40472"},"modified":"2024-10-14T06:33:46","modified_gmt":"2024-10-14T06:33:46","slug":"sunrise-ride-poster","status":"publish","type":"product","link":"https:\/\/swedenbybike.com\/en\/butik\/posters\/sunrise-ride-poster\/","title":{"rendered":"Sunrise Ride Poster"},"content":{"rendered":"<p>The Sunrise Ride Poster is printed on a 200 gram matte premium paper with a smooth finish that gives a premium feel. See and experience this high-quality poster on your wall at home.<\/p>\n<p>Creator Description: <em>&quot;Sunrise spring riding in the Alps and the typical morning fog down in the valley.&quot;<\/em><\/p>\n<p>Delivered within 1-5 working days. Frame not included.<\/p>\n<div class=\"facts general\">\n<div><label>Material<\/label>200 grams matte premium paper<\/div>\n<div><label>Motive<\/label>Action<\/div>\n<div><label>Creator<\/label>Sandi Bertoncelj<\/div>\n<div><label>Orientation<\/label>Lying down<\/div>\n<\/div>","protected":false},"excerpt":{"rendered":"<p>Sunrise Ride Poster \u00e4r tryckt p\u00e5 ett 200 grams matt premiumpapper med en sl\u00e4t finish som ger en f\u00f6rstklassig k\u00e4nsla. Se och upplev denna h\u00f6gklassiga poster p\u00e5 din v\u00e4gg hemma. Beskrivning av skaparen: &#8221;Soluppg\u00e5ng v\u00e5rridning i Alperna och den typiska morgondimman nere i dalen.&#8221; Levereras inom 1-5 arbetsdagar. Ram ing\u00e5r ej. Material200 gram matt premiumpapper [&hellip;]<\/p>\n","protected":false},"featured_media":48739,"template":"","meta":{"_acf_changed":false,"_relevanssi_hide_post":"","_relevanssi_pin_for_all":"","_relevanssi_pin_keywords":"","_relevanssi_unpin_keywords":"","_relevanssi_related_keywords":"","_relevanssi_related_include_ids":"","_relevanssi_related_exclude_ids":"","_relevanssi_related_no_append":"","_relevanssi_related_not_related":"","_relevanssi_related_posts":""},"product_brand":[],"product_cat":[221],"product_tag":[],"class_list":{"0":"post-40472","1":"product","2":"type-product","3":"status-publish","4":"has-post-thumbnail","6":"product_cat-posters","8":"first","9":"instock","10":"taxable","11":"shipping-taxable","12":"purchasable","13":"product-type-variable","14":"rtwpvg-product"},"acf":[],"_links":{"self":[{"href":"https:\/\/swedenbybike.com\/en\/wp-json\/wp\/v2\/product\/40472","targetHints":{"allow":["GET"]}}],"collection":[{"href":"https:\/\/swedenbybike.com\/en\/wp-json\/wp\/v2\/product"}],"about":[{"href":"https:\/\/swedenbybike.com\/en\/wp-json\/wp\/v2\/types\/product"}],"wp:featuredmedia":[{"embeddable":true,"href":"https:\/\/swedenbybike.com\/en\/wp-json\/wp\/v2\/media\/48739"}],"wp:attachment":[{"href":"https:\/\/swedenbybike.com\/en\/wp-json\/wp\/v2\/media?parent=40472"}],"wp:term":[{"taxonomy":"product_brand","embeddable":true,"href":"https:\/\/swedenbybike.com\/en\/wp-json\/wp\/v2\/product_brand?post=40472"},{"taxonomy":"product_cat","embeddable":true,"href":"https:\/\/swedenbybike.com\/en\/wp-json\/wp\/v2\/product_cat?post=40472"},{"taxonomy":"product_tag","embeddable":true,"href":"https:\/\/swedenbybike.com\/en\/wp-json\/wp\/v2\/product_tag?post=40472"}],"curies":[{"name":"wp","href":"https:\/\/api.w.org\/{rel}","templated":true}]}}