{"id":40426,"date":"2022-12-13T11:44:47","date_gmt":"2022-12-13T11:44:47","guid":{"rendered":"https:\/\/swedenbybike.com\/?post_type=product&#038;p=40426"},"modified":"2025-05-14T13:59:50","modified_gmt":"2025-05-14T13:59:50","slug":"luna-reflective-vest-leo","status":"publish","type":"product","link":"https:\/\/swedenbybike.com\/en\/butik\/klader-och-accessoarer\/luna-reflective-vest-leo\/","title":{"rendered":"Luna Reflective Vest Leo"},"content":{"rendered":"<p>Luna Reflective Vest Leo is a well-made and highly reflective vest that makes you visible in the dark. It is lightweight and suitable for cycling as well as walking, running and other activities where you want to be seen in the dark.<\/p>\n<p>As the vest is adjustable in size, it fits well both in the winter when you have thick winter clothes on, as well as in the summer when you have thinner clothes underneath. The vest also has a smart integrated strap in it which means it can be easily rolled up and stored when you want to carry it with you in a bag or in your jacket pocket.<\/p>\n<p>Luna Reflective Vest Leo is waterproof and has very good reflective properties. Suitable for those who want to be seen extra well in dark conditions.<\/p>","protected":false},"excerpt":{"rendered":"<p>Luna Reflective Vest Leo \u00e4r en v\u00e4lgjord och h\u00f6gt reflekterande v\u00e4st som g\u00f6r att du syns bra i m\u00f6rker. Den \u00e4r l\u00e4ttviktig och passar bra till s\u00e5v\u00e4l cykling som promenader, l\u00f6pning och andra aktiviteter d\u00e4r du vill synas i m\u00f6rker. D\u00e5 v\u00e4sten \u00e4r anpassningsbar i storleken sitter den bra b\u00e5de under vintern n\u00e4r du har [&hellip;]<\/p>\n","protected":false},"featured_media":40430,"template":"","meta":{"_acf_changed":false,"_relevanssi_hide_post":"","_relevanssi_pin_for_all":"","_relevanssi_pin_keywords":"","_relevanssi_unpin_keywords":"","_relevanssi_related_keywords":"","_relevanssi_related_include_ids":"","_relevanssi_related_exclude_ids":"","_relevanssi_related_no_append":"","_relevanssi_related_not_related":"","_relevanssi_related_posts":""},"product_brand":[],"product_cat":[230],"product_tag":[],"class_list":{"0":"post-40426","1":"product","2":"type-product","3":"status-publish","4":"has-post-thumbnail","6":"product_cat-klader-och-accessoarer","8":"first","9":"instock","10":"taxable","11":"shipping-taxable","12":"purchasable","13":"product-type-simple"},"acf":[],"_links":{"self":[{"href":"https:\/\/swedenbybike.com\/en\/wp-json\/wp\/v2\/product\/40426","targetHints":{"allow":["GET"]}}],"collection":[{"href":"https:\/\/swedenbybike.com\/en\/wp-json\/wp\/v2\/product"}],"about":[{"href":"https:\/\/swedenbybike.com\/en\/wp-json\/wp\/v2\/types\/product"}],"wp:featuredmedia":[{"embeddable":true,"href":"https:\/\/swedenbybike.com\/en\/wp-json\/wp\/v2\/media\/40430"}],"wp:attachment":[{"href":"https:\/\/swedenbybike.com\/en\/wp-json\/wp\/v2\/media?parent=40426"}],"wp:term":[{"taxonomy":"product_brand","embeddable":true,"href":"https:\/\/swedenbybike.com\/en\/wp-json\/wp\/v2\/product_brand?post=40426"},{"taxonomy":"product_cat","embeddable":true,"href":"https:\/\/swedenbybike.com\/en\/wp-json\/wp\/v2\/product_cat?post=40426"},{"taxonomy":"product_tag","embeddable":true,"href":"https:\/\/swedenbybike.com\/en\/wp-json\/wp\/v2\/product_tag?post=40426"}],"curies":[{"name":"wp","href":"https:\/\/api.w.org\/{rel}","templated":true}]}}