{"id":40210,"date":"2022-11-28T12:53:50","date_gmt":"2022-11-28T12:53:50","guid":{"rendered":"https:\/\/swedenbybike.com\/?post_type=product&#038;p=40210"},"modified":"2025-09-08T21:24:20","modified_gmt":"2025-09-08T21:24:20","slug":"reflexdekal-diamond","status":"publish","type":"product","link":"https:\/\/swedenbybike.com\/en\/butik\/tillbehor\/reflexdekal-diamond\/","title":{"rendered":"Reflective sticker Diamond"},"content":{"rendered":"<p>This self-adhesive reflective sticker from 3M\u2122 is for those who want to be extra visible in traffic at night. The self-adhesive property is of very high quality and can be used for the bicycle as well as for the bicycle helmet or stroller. The technology behind the reflective material is very advanced and was originally developed specifically to increase the visibility of vehicles on the road. These reflectors are characterized by excellent reflection and brightness. Each reflective sticker is about 10\u00d75 cm and the package includes 3 stickers.<\/p>\n<ul>\n<li>Microprismatic film with good reflective properties.<\/li>\n<li>Reflects light even from tight angles.<\/li>\n<li>The reflection works even when it is wet outside.<\/li>\n<li>Easy application through self-adhesive material.<\/li>\n<li>Resistant material that withstands cleaning.<\/li>\n<li>Functional for at least eight years under normal stress.<\/li>\n<li>Meets the requirements of UN\/ECE 104.<\/li>\n<\/ul>\n<div class=\"facts general\">\n<div><label>Quantity<\/label>3-pack<\/div>\n<div><label>Color<\/label>White (reflective)<\/div>\n<div><label>Size<\/label>100mm x 50mm<\/div>\n<\/div>","protected":false},"excerpt":{"rendered":"<p>Denna sj\u00e4lvh\u00e4ftande reflexdekal ifr\u00e5n 3M\u2122 \u00e4r f\u00f6r dig som vill synas extra bra i trafiken vid m\u00f6rker. Den sj\u00e4lvh\u00e4ftande egenskapen h\u00e5ller en v\u00e4ldigt h\u00f6g kvalitet och kan anv\u00e4ndas s\u00e5v\u00e4l f\u00f6r cykeln som till cykelhj\u00e4lmen eller barnvagnen. Tekniken bakom det reflekterande materialet \u00e4r mycket avancerad och har fr\u00e5n b\u00f6rjan utvecklats speciellt f\u00f6r att ge \u00f6kad synlighet [&hellip;]<\/p>\n","protected":false},"featured_media":40211,"template":"","meta":{"_acf_changed":false,"_relevanssi_hide_post":"","_relevanssi_pin_for_all":"","_relevanssi_pin_keywords":"","_relevanssi_unpin_keywords":"","_relevanssi_related_keywords":"","_relevanssi_related_include_ids":"","_relevanssi_related_exclude_ids":"","_relevanssi_related_no_append":"","_relevanssi_related_not_related":"","_relevanssi_related_posts":""},"product_brand":[],"product_cat":[144],"product_tag":[],"class_list":{"0":"post-40210","1":"product","2":"type-product","3":"status-publish","4":"has-post-thumbnail","6":"product_cat-tillbehor","8":"first","9":"instock","10":"taxable","11":"shipping-taxable","12":"purchasable","13":"product-type-simple"},"acf":[],"_links":{"self":[{"href":"https:\/\/swedenbybike.com\/en\/wp-json\/wp\/v2\/product\/40210","targetHints":{"allow":["GET"]}}],"collection":[{"href":"https:\/\/swedenbybike.com\/en\/wp-json\/wp\/v2\/product"}],"about":[{"href":"https:\/\/swedenbybike.com\/en\/wp-json\/wp\/v2\/types\/product"}],"wp:featuredmedia":[{"embeddable":true,"href":"https:\/\/swedenbybike.com\/en\/wp-json\/wp\/v2\/media\/40211"}],"wp:attachment":[{"href":"https:\/\/swedenbybike.com\/en\/wp-json\/wp\/v2\/media?parent=40210"}],"wp:term":[{"taxonomy":"product_brand","embeddable":true,"href":"https:\/\/swedenbybike.com\/en\/wp-json\/wp\/v2\/product_brand?post=40210"},{"taxonomy":"product_cat","embeddable":true,"href":"https:\/\/swedenbybike.com\/en\/wp-json\/wp\/v2\/product_cat?post=40210"},{"taxonomy":"product_tag","embeddable":true,"href":"https:\/\/swedenbybike.com\/en\/wp-json\/wp\/v2\/product_tag?post=40210"}],"curies":[{"name":"wp","href":"https:\/\/api.w.org\/{rel}","templated":true}]}}