{"id":39824,"date":"2022-09-28T12:53:55","date_gmt":"2022-09-28T12:53:55","guid":{"rendered":"https:\/\/swedenbybike.com\/?post_type=product&#038;p=39824"},"modified":"2025-09-08T21:24:20","modified_gmt":"2025-09-08T21:24:20","slug":"luna-front-basketball-cover-check-5","status":"publish","type":"product","link":"https:\/\/swedenbybike.com\/en\/butik\/regnskydd\/luna-reflective-raincover-dot\/","title":{"rendered":"Luna Reflective Raincover Dot"},"content":{"rendered":"<p>Luna Reflective Raincover Dot is a customizable and waterproof cover that can be used for bicycle baskets, bags, backpacks, etc. The cover is made of durable Bluesign polyester fabric with a PU membrane. The cover is waterproof up to 10K. The fabric is covered with small reflective dots that add an elegant style while improving your visibility at night.<\/p>\n<p>The Luna Reflective Raincover Dot has an elastic band around the entire edge that allows you to easily tighten and secure the cover as needed. The cover can be easily folded and stored in the built-in storage bag that you can attach to your backpack or bike basket when not in use.<\/p>\n<ul>\n<li>Protect your bike basket, backpack, bag etc.<\/li>\n<li>Elastic band to easily attach and enclose what you want to keep protected<\/li>\n<li>Built-in storage bag<\/li>\n<li>Reflective patterns that make you more visible in the dark<\/li>\n<\/ul>\n<div class=\"facts general\">\n<div><label>Watertight<\/label>TPU membrane 10,000 mm<\/div>\n<div><label>Measure<\/label>Length 64 cm, width 61 cm<\/div>\n<div><label>Material<\/label>100% Bluesign Polyester Twill with reflective print<\/div>\n<\/div>","protected":false},"excerpt":{"rendered":"<p>Luna Reflective Raincover Dot \u00e4r ett anpassningsbart och vattent\u00e4tt skydd som kan anv\u00e4ndas till cykelkorgar, v\u00e4skor, ryggv\u00e4skor mm. Skyddet \u00e4r tillverkat av slitstark Bluesign-polyestertyg med ett PU-membran. Skyddet \u00e4r vattent\u00e4tt upp till 10K. Tyget \u00e4r t\u00e4ckt av sm\u00e5 reflekterande prickar som tillf\u00f6r en elegant stil samtidigt som det f\u00f6rb\u00e4ttrar din synlighet p\u00e5 natten. Luna Reflective [&hellip;]<\/p>\n","protected":false},"featured_media":39825,"template":"","meta":{"_acf_changed":false,"_relevanssi_hide_post":"","_relevanssi_pin_for_all":"","_relevanssi_pin_keywords":"","_relevanssi_unpin_keywords":"","_relevanssi_related_keywords":"","_relevanssi_related_include_ids":"","_relevanssi_related_exclude_ids":"","_relevanssi_related_no_append":"","_relevanssi_related_not_related":"","_relevanssi_related_posts":""},"product_brand":[],"product_cat":[184],"product_tag":[],"class_list":{"0":"post-39824","1":"product","2":"type-product","3":"status-publish","4":"has-post-thumbnail","6":"product_cat-regnskydd","8":"first","9":"instock","10":"featured","11":"taxable","12":"shipping-taxable","13":"purchasable","14":"product-type-simple"},"acf":[],"_links":{"self":[{"href":"https:\/\/swedenbybike.com\/en\/wp-json\/wp\/v2\/product\/39824","targetHints":{"allow":["GET"]}}],"collection":[{"href":"https:\/\/swedenbybike.com\/en\/wp-json\/wp\/v2\/product"}],"about":[{"href":"https:\/\/swedenbybike.com\/en\/wp-json\/wp\/v2\/types\/product"}],"wp:featuredmedia":[{"embeddable":true,"href":"https:\/\/swedenbybike.com\/en\/wp-json\/wp\/v2\/media\/39825"}],"wp:attachment":[{"href":"https:\/\/swedenbybike.com\/en\/wp-json\/wp\/v2\/media?parent=39824"}],"wp:term":[{"taxonomy":"product_brand","embeddable":true,"href":"https:\/\/swedenbybike.com\/en\/wp-json\/wp\/v2\/product_brand?post=39824"},{"taxonomy":"product_cat","embeddable":true,"href":"https:\/\/swedenbybike.com\/en\/wp-json\/wp\/v2\/product_cat?post=39824"},{"taxonomy":"product_tag","embeddable":true,"href":"https:\/\/swedenbybike.com\/en\/wp-json\/wp\/v2\/product_tag?post=39824"}],"curies":[{"name":"wp","href":"https:\/\/api.w.org\/{rel}","templated":true}]}}