{"id":39802,"date":"2022-09-28T12:26:29","date_gmt":"2022-09-28T12:26:29","guid":{"rendered":"https:\/\/swedenbybike.com\/?post_type=product&#038;p=39802"},"modified":"2024-10-14T06:33:45","modified_gmt":"2024-10-14T06:33:45","slug":"luna-reflective-gloves-dot","status":"publish","type":"product","link":"https:\/\/swedenbybike.com\/en\/butik\/klader-och-accessoarer\/luna-reflective-gloves-dot\/","title":{"rendered":"Luna Reflective Gloves Dot"},"content":{"rendered":"<p>The Luna Reflective Gloves Dot are the perfect gloves to help you be seen in the dark while keeping your hands warm. The gloves are waterproof and have a bright reflective pattern that makes you visible extra well in the dark. Luna Reflective Gloves Dot has a silicone pattern on the inside of the hand which increases grip in all kinds of weather.<\/p>\n<p>Windproof, waterproof, warm, visible and stylish! These gloves are a must if you want to cycle in winter or in cold climates.<\/p>\n<p><strong>The gloves are available in two different sizes:<\/strong><br \/>\nS\/M 20.5 cm (size 8)<br \/>\nM\/L 23 cm (size 9)<\/p>\n<div class=\"facts general\">\n<div><label>Color<\/label>Black with dotted, reflective pattern<\/div>\n<div><label>Length<\/label>S\/M: 20 cm, M\/L: 23 cm<\/div>\n<div><label>Weight<\/label>about 250 grams<\/div>\n<\/div>","protected":false},"excerpt":{"rendered":"<p>Luna Reflective Gloves Dot \u00e4r de perfekta vantarna som hj\u00e4lper dig att synas i m\u00f6rkret samtidigt som de h\u00e5ller dina h\u00e4nder varma. Handskarna \u00e4r vattent\u00e4ta och har ett ljust reflekterande m\u00f6nster som g\u00f6r att du syns extra bra i m\u00f6rker. Luna Reflective Gloves Dot har ett silikonm\u00f6nster p\u00e5 insidan av handen vilket \u00f6kar greppbarheten i [&hellip;]<\/p>\n","protected":false},"featured_media":39805,"template":"","meta":{"_acf_changed":false,"_relevanssi_hide_post":"","_relevanssi_pin_for_all":"","_relevanssi_pin_keywords":"","_relevanssi_unpin_keywords":"","_relevanssi_related_keywords":"","_relevanssi_related_include_ids":"","_relevanssi_related_exclude_ids":"","_relevanssi_related_no_append":"","_relevanssi_related_not_related":"","_relevanssi_related_posts":""},"product_brand":[],"product_cat":[230],"product_tag":[],"class_list":{"0":"post-39802","1":"product","2":"type-product","3":"status-publish","4":"has-post-thumbnail","6":"product_cat-klader-och-accessoarer","8":"first","9":"instock","10":"featured","11":"taxable","12":"shipping-taxable","13":"purchasable","14":"product-type-variable","15":"rtwpvg-product"},"acf":[],"_links":{"self":[{"href":"https:\/\/swedenbybike.com\/en\/wp-json\/wp\/v2\/product\/39802","targetHints":{"allow":["GET"]}}],"collection":[{"href":"https:\/\/swedenbybike.com\/en\/wp-json\/wp\/v2\/product"}],"about":[{"href":"https:\/\/swedenbybike.com\/en\/wp-json\/wp\/v2\/types\/product"}],"wp:featuredmedia":[{"embeddable":true,"href":"https:\/\/swedenbybike.com\/en\/wp-json\/wp\/v2\/media\/39805"}],"wp:attachment":[{"href":"https:\/\/swedenbybike.com\/en\/wp-json\/wp\/v2\/media?parent=39802"}],"wp:term":[{"taxonomy":"product_brand","embeddable":true,"href":"https:\/\/swedenbybike.com\/en\/wp-json\/wp\/v2\/product_brand?post=39802"},{"taxonomy":"product_cat","embeddable":true,"href":"https:\/\/swedenbybike.com\/en\/wp-json\/wp\/v2\/product_cat?post=39802"},{"taxonomy":"product_tag","embeddable":true,"href":"https:\/\/swedenbybike.com\/en\/wp-json\/wp\/v2\/product_tag?post=39802"}],"curies":[{"name":"wp","href":"https:\/\/api.w.org\/{rel}","templated":true}]}}