{"id":39776,"date":"2022-09-28T11:52:00","date_gmt":"2022-09-28T11:52:00","guid":{"rendered":"https:\/\/swedenbybike.com\/?post_type=product&#038;p=39776"},"modified":"2026-04-01T09:44:03","modified_gmt":"2026-04-01T09:44:03","slug":"wkndr-bikepack-gold","status":"publish","type":"product","link":"https:\/\/swedenbybike.com\/en\/butik\/vaskor-och-forvaring\/wkndr-bikepack-gold\/","title":{"rendered":"WKNDR Bikepack Gold"},"content":{"rendered":"<p>The WKNDR Bikepack Gold is the perfect bike bag for both bike tours and city cycling. The bag is spacious and can be easily attached to the bike&#039;s pannier rack with the built-in hooks. It can also be carried as a backpack or in the handles.<\/p>\n<p>The bike bag opens with a zipper at the top and, if necessary, the top can be folded up for additional space. To make it easy to keep what you carry in order, there are several inner pockets inside the bag, both open and with zippers. The bag also has a hidden outer compartment with a zip where a mobile phone can be stored. The WKNDR Bikepack Gold is made from 100% recycled polyester fabric that has been treated to be water repellent and extra durable.<\/p>\n<ul>\n<li>Easy to attach to the bike&#039;s pannier rack<\/li>\n<li>Several inner pockets, both with and without zippers<\/li>\n<li>Hidden outer compartment for mobile phone<\/li>\n<li>Roll-up top for additional space<\/li>\n<li>100% high quality recycled polyester fabric<\/li>\n<\/ul>\n<div class=\"facts general\">\n<div><label>Color<\/label>Gold<\/div>\n<div><label>Carrying capacity<\/label>about 12 kg<\/div>\n<div><label>Volume<\/label>approx. 24 litres<\/div>\n<div><label>Weight<\/label>1200 grams<\/div>\n<\/div>","protected":false},"excerpt":{"rendered":"<p>WKNDR Bikepack Gold \u00e4r den perfekta cykelv\u00e4skan f\u00f6r s\u00e5v\u00e4l cykelturer som stadscykling. V\u00e4skan \u00e4r rymlig och kan enkelt f\u00e4stas p\u00e5 cykelns paketh\u00e5llare med de inbyggda krokarna. Den kan ocks\u00e5 b\u00e4ras som ryggs\u00e4ck eller i handtagen. Cykelv\u00e4skan \u00f6ppnas med en dragkedja upptill och vid behov g\u00e5r det att vika upp toppen f\u00f6r att f\u00e5 ytterligare utrymme. [&hellip;]<\/p>\n","protected":false},"featured_media":39777,"template":"","meta":{"_acf_changed":false,"_relevanssi_hide_post":"","_relevanssi_pin_for_all":"","_relevanssi_pin_keywords":"","_relevanssi_unpin_keywords":"","_relevanssi_related_keywords":"","_relevanssi_related_include_ids":"","_relevanssi_related_exclude_ids":"","_relevanssi_related_no_append":"","_relevanssi_related_not_related":"","_relevanssi_related_posts":""},"product_brand":[],"product_cat":[229],"product_tag":[],"class_list":{"0":"post-39776","1":"product","2":"type-product","3":"status-publish","4":"has-post-thumbnail","6":"product_cat-vaskor-och-forvaring","8":"first","9":"outofstock","10":"taxable","11":"shipping-taxable","12":"purchasable","13":"product-type-simple"},"acf":[],"_links":{"self":[{"href":"https:\/\/swedenbybike.com\/en\/wp-json\/wp\/v2\/product\/39776","targetHints":{"allow":["GET"]}}],"collection":[{"href":"https:\/\/swedenbybike.com\/en\/wp-json\/wp\/v2\/product"}],"about":[{"href":"https:\/\/swedenbybike.com\/en\/wp-json\/wp\/v2\/types\/product"}],"wp:featuredmedia":[{"embeddable":true,"href":"https:\/\/swedenbybike.com\/en\/wp-json\/wp\/v2\/media\/39777"}],"wp:attachment":[{"href":"https:\/\/swedenbybike.com\/en\/wp-json\/wp\/v2\/media?parent=39776"}],"wp:term":[{"taxonomy":"product_brand","embeddable":true,"href":"https:\/\/swedenbybike.com\/en\/wp-json\/wp\/v2\/product_brand?post=39776"},{"taxonomy":"product_cat","embeddable":true,"href":"https:\/\/swedenbybike.com\/en\/wp-json\/wp\/v2\/product_cat?post=39776"},{"taxonomy":"product_tag","embeddable":true,"href":"https:\/\/swedenbybike.com\/en\/wp-json\/wp\/v2\/product_tag?post=39776"}],"curies":[{"name":"wp","href":"https:\/\/api.w.org\/{rel}","templated":true}]}}