{"id":29306,"date":"2020-11-11T14:01:31","date_gmt":"2020-11-11T14:01:31","guid":{"rendered":"https:\/\/swedenbybike.com\/webbutik\/okategoriserad\/presentkort\/"},"modified":"2026-01-09T11:24:21","modified_gmt":"2026-01-09T11:24:21","slug":"e-gift-card-2","status":"publish","type":"product","link":"https:\/\/swedenbybike.com\/en\/butik\/presenter-och-formanskort\/e-presentkort\/","title":{"rendered":"E-gift card"},"content":{"rendered":"<h2>Why not give away a cycling experience as a gift?<\/h2>\n<p>Sweden by Bike&#039;s digital e-gift card can be used as payment or partial payment for all bicycle packages, bicycle-friendly accommodation and bicycle guides that are presented here on swedenbybike.com. Redemption of gift cards takes place directly with the organizer. The gift card can also be used as a means of payment here in our online store. Enter the gift card number at checkout before payment.<\/p>\n<p>When ordering, the e-gift card is sent directly to the recipient&#039;s e-mail. You also have the option to add the name of the recipient and sender as well as a message. If you do not want to send the e-gift card directly to the recipient, it is also possible to enter your own e-mail address as the recipient and then forward it to the intended person at a later time.<\/p>\n<p><small>The gift card is valid for 2 years from the time of purchase. Booking of bicycle packages needs to be done via the contact form here on the website swedenbybike.com. The gift card cannot be redeemed for cash. Lost gift card will not be replaced.<\/small><\/p>","protected":false},"excerpt":{"rendered":"<p>Varf\u00f6r inte ge bort en cykelupplevelse i present? Sweden by Bikes digitala e-presentkort kan anv\u00e4ndas som betalning eller delbetalning hos samtliga cykelpaket, cykelv\u00e4nliga boenden och cykelguider som finns presenterade h\u00e4r p\u00e5 swedenbybike.com. Inl\u00f6sen av presentkort sker direkt hos arrang\u00f6ren. Presentkortet g\u00e5r \u00e4ven att anv\u00e4nda som betalningsmedel h\u00e4r i v\u00e5r webbutik. Ange presentkortsnumret i kassan innan [&hellip;]<\/p>\n","protected":false},"featured_media":29600,"template":"","meta":{"_acf_changed":false,"_relevanssi_hide_post":"","_relevanssi_pin_for_all":"","_relevanssi_pin_keywords":"","_relevanssi_unpin_keywords":"","_relevanssi_related_keywords":"","_relevanssi_related_include_ids":"","_relevanssi_related_exclude_ids":"","_relevanssi_related_no_append":"","_relevanssi_related_not_related":"","_relevanssi_related_posts":""},"product_brand":[],"product_cat":[231],"product_tag":[],"class_list":{"0":"post-29306","1":"product","2":"type-product","3":"status-publish","4":"has-post-thumbnail","6":"product_cat-presenter-och-formanskort","8":"first","9":"instock","10":"purchasable","11":"product-type-pw-gift-card","12":"rtwpvg-product"},"acf":[],"_links":{"self":[{"href":"https:\/\/swedenbybike.com\/en\/wp-json\/wp\/v2\/product\/29306","targetHints":{"allow":["GET"]}}],"collection":[{"href":"https:\/\/swedenbybike.com\/en\/wp-json\/wp\/v2\/product"}],"about":[{"href":"https:\/\/swedenbybike.com\/en\/wp-json\/wp\/v2\/types\/product"}],"wp:featuredmedia":[{"embeddable":true,"href":"https:\/\/swedenbybike.com\/en\/wp-json\/wp\/v2\/media\/29600"}],"wp:attachment":[{"href":"https:\/\/swedenbybike.com\/en\/wp-json\/wp\/v2\/media?parent=29306"}],"wp:term":[{"taxonomy":"product_brand","embeddable":true,"href":"https:\/\/swedenbybike.com\/en\/wp-json\/wp\/v2\/product_brand?post=29306"},{"taxonomy":"product_cat","embeddable":true,"href":"https:\/\/swedenbybike.com\/en\/wp-json\/wp\/v2\/product_cat?post=29306"},{"taxonomy":"product_tag","embeddable":true,"href":"https:\/\/swedenbybike.com\/en\/wp-json\/wp\/v2\/product_tag?post=29306"}],"curies":[{"name":"wp","href":"https:\/\/api.w.org\/{rel}","templated":true}]}}