{"id":25437,"date":"2020-05-26T20:09:51","date_gmt":"2020-05-26T20:09:51","guid":{"rendered":"https:\/\/swedenbybike.com\/?post_type=product&#038;p=25437"},"modified":"2024-10-14T06:33:45","modified_gmt":"2024-10-14T06:33:45","slug":"luna-front-basketball-cover-check-2","status":"publish","type":"product","link":"https:\/\/swedenbybike.com\/en\/butik\/regnskydd\/luna-basket-cover-front-leo\/","title":{"rendered":"Luna Basket Cover Front Leo"},"content":{"rendered":"<p>Luna Basket Cover Front Leo is the bicycle basket cover that helps you keep the contents of your bicycle basket dry all year round. The cover is made of durable Bluesign polyester fabric with a PU membrane. The bicycle basket cover is waterproof up to 10K. The fabric is covered in small reflective squares that add an elegant style while improving your visibility when riding at night.<\/p>\n<p>A comfortable YKK zipper opening gives you easy access to your belongings and means you can keep the bike basket protection on the bike basket at all times. Inside the cover are two safety tabs to keep it securely in your bike basket.<\/p>\n<p>Luna Basket Cover Front Leo fits most front bike basket models. It is attached to the back of the bike basket with the help of a Velcro strap and customizable and adjustable hooks.<\/p>\n<ul>\n<li>Two-way YKK visilon zipper<\/li>\n<li>Attached around your basket with Velcro straps and elastic straps with hooks<\/li>\n<li>No PFC<\/li>\n<\/ul>\n<div class=\"facts general\">\n<div><label>Watertight<\/label>TPU membrane 10,000 mm<\/div>\n<div><label>Measure<\/label>Height 31 cm, width 38 cm, depth 30 cm<\/div>\n<div><label>Material<\/label>100% Bluesign Polyester Twill with reflective print<\/div>\n<\/div>","protected":false},"excerpt":{"rendered":"<p>Luna Basket Cover Front Leo \u00e4r cykelkorgskyddet som hj\u00e4lper dig att h\u00e5lla inneh\u00e5llet i din cykelkorg torrt \u00e5ret runt. Skyddet \u00e4r tillverkat av slitstark Bluesign-polyestertyg med ett PU-membran. Cykelkorgsskyddet \u00e4r vattent\u00e4tt upp till 10K. Tyget \u00e4r t\u00e4ckt av sm\u00e5 reflekterande rutor som tillf\u00f6r en elegant stil samtidigt som det f\u00f6rb\u00e4ttrar din synlighet n\u00e4r du cyklar [&hellip;]<\/p>\n","protected":false},"featured_media":40088,"template":"","meta":{"_acf_changed":false,"_relevanssi_hide_post":"","_relevanssi_pin_for_all":"","_relevanssi_pin_keywords":"","_relevanssi_unpin_keywords":"","_relevanssi_related_keywords":"","_relevanssi_related_include_ids":"","_relevanssi_related_exclude_ids":"","_relevanssi_related_no_append":"","_relevanssi_related_not_related":"","_relevanssi_related_posts":""},"product_brand":[],"product_cat":[184],"product_tag":[],"class_list":{"0":"post-25437","1":"product","2":"type-product","3":"status-publish","4":"has-post-thumbnail","6":"product_cat-regnskydd","8":"first","9":"instock","10":"taxable","11":"shipping-taxable","12":"purchasable","13":"product-type-simple"},"acf":[],"_links":{"self":[{"href":"https:\/\/swedenbybike.com\/en\/wp-json\/wp\/v2\/product\/25437","targetHints":{"allow":["GET"]}}],"collection":[{"href":"https:\/\/swedenbybike.com\/en\/wp-json\/wp\/v2\/product"}],"about":[{"href":"https:\/\/swedenbybike.com\/en\/wp-json\/wp\/v2\/types\/product"}],"wp:featuredmedia":[{"embeddable":true,"href":"https:\/\/swedenbybike.com\/en\/wp-json\/wp\/v2\/media\/40088"}],"wp:attachment":[{"href":"https:\/\/swedenbybike.com\/en\/wp-json\/wp\/v2\/media?parent=25437"}],"wp:term":[{"taxonomy":"product_brand","embeddable":true,"href":"https:\/\/swedenbybike.com\/en\/wp-json\/wp\/v2\/product_brand?post=25437"},{"taxonomy":"product_cat","embeddable":true,"href":"https:\/\/swedenbybike.com\/en\/wp-json\/wp\/v2\/product_cat?post=25437"},{"taxonomy":"product_tag","embeddable":true,"href":"https:\/\/swedenbybike.com\/en\/wp-json\/wp\/v2\/product_tag?post=25437"}],"curies":[{"name":"wp","href":"https:\/\/api.w.org\/{rel}","templated":true}]}}