{"id":25426,"date":"2020-05-26T20:38:10","date_gmt":"2020-05-26T20:38:10","guid":{"rendered":"https:\/\/swedenbybike.com\/?post_type=product&#038;p=25426"},"modified":"2025-05-14T14:06:28","modified_gmt":"2025-05-14T14:06:28","slug":"city-tote-coral","status":"publish","type":"product","link":"https:\/\/swedenbybike.com\/en\/butik\/vaskor-och-forvaring\/city-tote-coral\/","title":{"rendered":"City Tote Coral"},"content":{"rendered":"<p>A classic shopping bag combined with a bicycle bag.<\/p>\n<p>City Tote Coral is a classic and practical bicycle bag and shopping bag in one. The bag is made of water-resistant, waxed cotton canvas that protects the contents against weather and wind. It is fully lined and has an inner pocket with a zipper. City Tote Coral is easily attached to your luggage rack with hidden hooks that sit under a flap on the back of the bag. Double carrying handles mean that you can also easily attach, for example, a sweater, jacket or towel to the outside. If additional space is needed, it is also possible to unfold the top of the backpack. This bicycle bag is made of the highest quality and with durability in mind.<\/p>\n<ul>\n<li>Waxed cotton canvas<\/li>\n<li>Rixen Kaul hooks<\/li>\n<li>Double carry handle<\/li>\n<li>Adjustable shoulder strap<\/li>\n<li>Lined with inner pocket<\/li>\n<\/ul>\n<style>.embed-container { position: relative; padding-bottom: 56.25%; height: 0; overflow: hidden; max-width: 100%; } .embed-container iframe, .embed-container object, .embed-container embed { position: absolute; top: 0; left: 0; width: 100%; height: 100%; }<\/style>\n<div class=\"embed-container\"><label>Color<\/label>Coral red<\/div>\n<div class=\"facts general\">\n<div><label>Carrying capacity<\/label>8 kg<\/div>\n<div><label>Volume<\/label>24 liters<\/div>\n<div><label>Measure<\/label>Height 50 cm, width 32\/38 cm, depth 14 cm<\/div>\n<div><label>Material<\/label>Waxed cotton canvas, polyester lining and silver-plated brass<\/div>\n<\/div>","protected":false},"excerpt":{"rendered":"<p>En klassisk shoppingv\u00e4ska kombinerad med cykelv\u00e4ska. City Tote Coral \u00e4r en klassisk och praktisk cykelv\u00e4ska och shoppingv\u00e4ska i ett. V\u00e4skan \u00e4r tillverkad av vattent\u00e5lig, vaxad bomullkanvas som skyddar inneh\u00e5llet mot v\u00e4der och vind. Den \u00e4r helt fodrad och har en inre ficka med dragkedja. City Tote Coral f\u00e4sts enkelt p\u00e5 din paketh\u00e5llare med dolda krokar [&hellip;]<\/p>\n","protected":false},"featured_media":25436,"template":"","meta":{"_acf_changed":false,"_relevanssi_hide_post":"","_relevanssi_pin_for_all":"","_relevanssi_pin_keywords":"","_relevanssi_unpin_keywords":"","_relevanssi_related_keywords":"","_relevanssi_related_include_ids":"","_relevanssi_related_exclude_ids":"","_relevanssi_related_no_append":"","_relevanssi_related_not_related":"","_relevanssi_related_posts":""},"product_brand":[],"product_cat":[229],"product_tag":[],"class_list":{"0":"post-25426","1":"product","2":"type-product","3":"status-publish","4":"has-post-thumbnail","6":"product_cat-vaskor-och-forvaring","8":"first","9":"instock","10":"featured","11":"taxable","12":"shipping-taxable","13":"purchasable","14":"product-type-simple"},"acf":[],"_links":{"self":[{"href":"https:\/\/swedenbybike.com\/en\/wp-json\/wp\/v2\/product\/25426","targetHints":{"allow":["GET"]}}],"collection":[{"href":"https:\/\/swedenbybike.com\/en\/wp-json\/wp\/v2\/product"}],"about":[{"href":"https:\/\/swedenbybike.com\/en\/wp-json\/wp\/v2\/types\/product"}],"wp:featuredmedia":[{"embeddable":true,"href":"https:\/\/swedenbybike.com\/en\/wp-json\/wp\/v2\/media\/25436"}],"wp:attachment":[{"href":"https:\/\/swedenbybike.com\/en\/wp-json\/wp\/v2\/media?parent=25426"}],"wp:term":[{"taxonomy":"product_brand","embeddable":true,"href":"https:\/\/swedenbybike.com\/en\/wp-json\/wp\/v2\/product_brand?post=25426"},{"taxonomy":"product_cat","embeddable":true,"href":"https:\/\/swedenbybike.com\/en\/wp-json\/wp\/v2\/product_cat?post=25426"},{"taxonomy":"product_tag","embeddable":true,"href":"https:\/\/swedenbybike.com\/en\/wp-json\/wp\/v2\/product_tag?post=25426"}],"curies":[{"name":"wp","href":"https:\/\/api.w.org\/{rel}","templated":true}]}}