{"id":21188,"date":"2019-09-03T14:22:38","date_gmt":"2019-09-03T14:22:38","guid":{"rendered":"https:\/\/swedenbybike.com\/?post_type=product&#038;p=21188"},"modified":"2024-10-14T06:33:45","modified_gmt":"2024-10-14T06:33:45","slug":"sst-stoldmarkning-for-bike","status":"publish","type":"product","link":"https:\/\/swedenbybike.com\/en\/butik\/tillbehor\/ssf-stoldmarkning-for-cykel\/","title":{"rendered":"SSF Theft tag for bicycle"},"content":{"rendered":"<p>SSF Theft Marking for Bicycle contains several layers of protection and consists of DNA with micropoints, UV etching code, and ID decal with QR code. This makes it almost impossible for the thief to de-identify the bike. This provides a deterrent effect for theft while the right owner can be easily traced.<\/p>\n<p>This product has <strong>free shipping<\/strong>.<\/p>\n<ul>\n<li>Easy marking<\/li>\n<li>Anti-theft labeling in several layers, including DNA code<\/li>\n<li>Almost impossible to remove<\/li>\n<li>Easy for the police to read<\/li>\n<li>Internationally traceable<\/li>\n<\/ul>\n<style>.embed-container { position: relative; padding-bottom: 56.25%; height: 0; overflow: hidden; max-width: 100%; } .embed-container iframe, .embed-container object, .embed-container embed { position: absolute; top: 0; left: 0; width: 100%; height: 100%; }<\/style>\n<div class=\"embed-container\"><iframe src=\"https:\/\/www.youtube.com\/embed\/AYoF5wpSGhU\" frameborder=\"0\" allowfullscreen=\"allowfullscreen\"><\/iframe><\/div>\n<p>Please note that SSF Theft Marking is for a bicycle and only needs to be done once. The labeling is valid for an unlimited period.<\/p>\n<p>The tag set contains:<\/p>\n<ul>\n<li>1 container with 2ml adhesive mix with unique DNA code and about 500 micropoints<\/li>\n<li>4 UV etching templates with unique ID number<\/li>\n<li>1 container with UV etching liquid and iron<\/li>\n<li>1 QR code sticker with unique ID number<\/li>\n<li>1 warning label<\/li>\n<li>registration codes<\/li>\n<li>Instructions<\/li>\n<\/ul>","protected":false},"excerpt":{"rendered":"<p>SSF St\u00f6ldm\u00e4rkning f\u00f6r cykel inneh\u00e5ller flera lager av skydd och best\u00e5r av DNA med mikropunkter, UV-etsningskod, samt ID-dekal med QR-kod. Detta g\u00f6r det n\u00e4stintill om\u00f6jligt f\u00f6r tjuven att avidentifiera cykeln. Detta ger en en avskr\u00e4ckande effekt f\u00f6r st\u00f6ld samtidigt som den r\u00e4tta \u00e4garen enkelt kan sp\u00e5ras. Denna produkt har fri frakt. Enkelt att g\u00f6ra m\u00e4rkningen [&hellip;]<\/p>\n","protected":false},"featured_media":21205,"template":"","meta":{"_acf_changed":false,"_relevanssi_hide_post":"","_relevanssi_pin_for_all":"","_relevanssi_pin_keywords":"","_relevanssi_unpin_keywords":"","_relevanssi_related_keywords":"","_relevanssi_related_include_ids":"","_relevanssi_related_exclude_ids":"","_relevanssi_related_no_append":"","_relevanssi_related_not_related":"","_relevanssi_related_posts":""},"product_brand":[],"product_cat":[144],"product_tag":[],"class_list":{"0":"post-21188","1":"product","2":"type-product","3":"status-publish","4":"has-post-thumbnail","6":"product_cat-tillbehor","7":"product_shipping_class-gratis","9":"first","10":"instock","11":"taxable","12":"shipping-taxable","13":"purchasable","14":"product-type-simple"},"acf":[],"_links":{"self":[{"href":"https:\/\/swedenbybike.com\/en\/wp-json\/wp\/v2\/product\/21188","targetHints":{"allow":["GET"]}}],"collection":[{"href":"https:\/\/swedenbybike.com\/en\/wp-json\/wp\/v2\/product"}],"about":[{"href":"https:\/\/swedenbybike.com\/en\/wp-json\/wp\/v2\/types\/product"}],"wp:featuredmedia":[{"embeddable":true,"href":"https:\/\/swedenbybike.com\/en\/wp-json\/wp\/v2\/media\/21205"}],"wp:attachment":[{"href":"https:\/\/swedenbybike.com\/en\/wp-json\/wp\/v2\/media?parent=21188"}],"wp:term":[{"taxonomy":"product_brand","embeddable":true,"href":"https:\/\/swedenbybike.com\/en\/wp-json\/wp\/v2\/product_brand?post=21188"},{"taxonomy":"product_cat","embeddable":true,"href":"https:\/\/swedenbybike.com\/en\/wp-json\/wp\/v2\/product_cat?post=21188"},{"taxonomy":"product_tag","embeddable":true,"href":"https:\/\/swedenbybike.com\/en\/wp-json\/wp\/v2\/product_tag?post=21188"}],"curies":[{"name":"wp","href":"https:\/\/api.w.org\/{rel}","templated":true}]}}