{"id":14709,"date":"2018-04-11T19:08:32","date_gmt":"2018-04-11T19:08:32","guid":{"rendered":"https:\/\/swedenbybike.com\/?post_type=product&#038;p=14709"},"modified":"2026-05-16T08:17:26","modified_gmt":"2026-05-16T08:17:26","slug":"rain-for-child-seats-2","status":"publish","type":"product","link":"https:\/\/swedenbybike.com\/en\/butik\/regnskydd\/regnskydd-for-barnstolar\/","title":{"rendered":"Lightweight Rain Cover for Bike Seats"},"content":{"rendered":"<p>With a weight of only 90 grams, this rain cover for highchairs is a great choice to keep your highchair dry. It also has a built-in storage bag so you can easily fold the cover together after use. The cover is good to use as well on a daily basis while you are at work as during your cycling holiday.<\/p>","protected":false},"excerpt":{"rendered":"<p>Med en vikt p\u00e5 bara 90 gram \u00e4r detta regnskydd f\u00f6r barnstolar ett utm\u00e4rkt val f\u00f6r att h\u00e5lla din barnstol torr. Det har \u00e4ven en inbyggd f\u00f6rvaringsp\u00e5se s\u00e5 att du enkelt kan vika ihop skyddet efter anv\u00e4ndning. Skyddet passar bra att anv\u00e4nda s\u00e5 v\u00e4l p\u00e5 daglig basis medan du \u00e4r p\u00e5 jobbet som under din [&hellip;]<\/p>\n","protected":false},"featured_media":14713,"template":"","meta":{"_acf_changed":false,"_relevanssi_hide_post":"","_relevanssi_pin_for_all":"","_relevanssi_pin_keywords":"","_relevanssi_unpin_keywords":"","_relevanssi_related_keywords":"","_relevanssi_related_include_ids":"","_relevanssi_related_exclude_ids":"","_relevanssi_related_no_append":"","_relevanssi_related_not_related":"","_relevanssi_related_posts":""},"product_brand":[],"product_cat":[184],"product_tag":[],"class_list":{"0":"post-14709","1":"product","2":"type-product","3":"status-publish","4":"has-post-thumbnail","6":"product_cat-regnskydd","8":"first","9":"instock","10":"taxable","11":"shipping-taxable","12":"purchasable","13":"product-type-variable","14":"rtwpvg-product"},"acf":[],"_links":{"self":[{"href":"https:\/\/swedenbybike.com\/en\/wp-json\/wp\/v2\/product\/14709","targetHints":{"allow":["GET"]}}],"collection":[{"href":"https:\/\/swedenbybike.com\/en\/wp-json\/wp\/v2\/product"}],"about":[{"href":"https:\/\/swedenbybike.com\/en\/wp-json\/wp\/v2\/types\/product"}],"wp:featuredmedia":[{"embeddable":true,"href":"https:\/\/swedenbybike.com\/en\/wp-json\/wp\/v2\/media\/14713"}],"wp:attachment":[{"href":"https:\/\/swedenbybike.com\/en\/wp-json\/wp\/v2\/media?parent=14709"}],"wp:term":[{"taxonomy":"product_brand","embeddable":true,"href":"https:\/\/swedenbybike.com\/en\/wp-json\/wp\/v2\/product_brand?post=14709"},{"taxonomy":"product_cat","embeddable":true,"href":"https:\/\/swedenbybike.com\/en\/wp-json\/wp\/v2\/product_cat?post=14709"},{"taxonomy":"product_tag","embeddable":true,"href":"https:\/\/swedenbybike.com\/en\/wp-json\/wp\/v2\/product_tag?post=14709"}],"curies":[{"name":"wp","href":"https:\/\/api.w.org\/{rel}","templated":true}]}}