{"id":13423,"date":"2018-01-01T22:54:25","date_gmt":"2018-01-01T22:54:25","guid":{"rendered":"https:\/\/swedenbybike.com\/?post_type=product&#038;p=13423"},"modified":"2026-02-18T22:29:59","modified_gmt":"2026-02-18T22:29:59","slug":"distansmatare-for-maps-2","status":"publish","type":"product","link":"https:\/\/swedenbybike.com\/en\/butik\/tillbehor\/avstandsmatare-for-kartor\/","title":{"rendered":"Distance meters for maps"},"content":{"rendered":"<p>With this simple and ingenious map rangefinder, you can calculate the correct distance on any map at any scale. It is made of stainless steel and has been made in Sweden for over 100 years.<\/p>\n<p>Easy to carry and you always get the right scale - extremely simple and smooth!<\/p>\n<p><strong>Do this:<\/strong><\/p>\n<ol>\n<li>Roll the pulley to one edge of the jumper.<\/li>\n<li>Hold the meter vertically and roll out the distance on the distance you want to measure on the chart sheet.<\/li>\n<li>Lift the meter and roll back the pulley to the starting position directly on the side scale of the map and calculate the distance.<\/li>\n<\/ol>\n<div class=\"facts general\">\n<div><label>Weight<\/label>12 grams<\/div>\n<div><label>Measure<\/label>Length 6.7 cm<\/div>\n<div><label>Material<\/label>Stainless steel<\/div>\n<\/div>","protected":false},"excerpt":{"rendered":"<p>Med hj\u00e4lp av denna enkla och geniala avst\u00e5ndsm\u00e4tare f\u00f6r kartor kan du r\u00e4kna ut r\u00e4tt distans p\u00e5 alla kartor oavsett skala. Den \u00e4r tillverkad i rostfritt st\u00e5l och har tillverkats i Sverige i \u00f6ver 100 \u00e5r. Enkel att ta med och du f\u00e5r alltid r\u00e4tt skala &#8211; oerh\u00f6rt enkelt och smidigt! G\u00f6r s\u00e5 h\u00e4r: Rulla [&hellip;]<\/p>\n","protected":false},"featured_media":25671,"template":"","meta":{"_acf_changed":false,"_relevanssi_hide_post":"","_relevanssi_pin_for_all":"","_relevanssi_pin_keywords":"","_relevanssi_unpin_keywords":"","_relevanssi_related_keywords":"","_relevanssi_related_include_ids":"","_relevanssi_related_exclude_ids":"","_relevanssi_related_no_append":"","_relevanssi_related_not_related":"","_relevanssi_related_posts":""},"product_brand":[],"product_cat":[144],"product_tag":[],"class_list":{"0":"post-13423","1":"product","2":"type-product","3":"status-publish","4":"has-post-thumbnail","6":"product_cat-tillbehor","8":"first","9":"instock","10":"taxable","11":"shipping-taxable","12":"purchasable","13":"product-type-simple"},"acf":[],"_links":{"self":[{"href":"https:\/\/swedenbybike.com\/en\/wp-json\/wp\/v2\/product\/13423","targetHints":{"allow":["GET"]}}],"collection":[{"href":"https:\/\/swedenbybike.com\/en\/wp-json\/wp\/v2\/product"}],"about":[{"href":"https:\/\/swedenbybike.com\/en\/wp-json\/wp\/v2\/types\/product"}],"wp:featuredmedia":[{"embeddable":true,"href":"https:\/\/swedenbybike.com\/en\/wp-json\/wp\/v2\/media\/25671"}],"wp:attachment":[{"href":"https:\/\/swedenbybike.com\/en\/wp-json\/wp\/v2\/media?parent=13423"}],"wp:term":[{"taxonomy":"product_brand","embeddable":true,"href":"https:\/\/swedenbybike.com\/en\/wp-json\/wp\/v2\/product_brand?post=13423"},{"taxonomy":"product_cat","embeddable":true,"href":"https:\/\/swedenbybike.com\/en\/wp-json\/wp\/v2\/product_cat?post=13423"},{"taxonomy":"product_tag","embeddable":true,"href":"https:\/\/swedenbybike.com\/en\/wp-json\/wp\/v2\/product_tag?post=13423"}],"curies":[{"name":"wp","href":"https:\/\/api.w.org\/{rel}","templated":true}]}}