{"id":7871,"date":"2016-04-14T08:27:35","date_gmt":"2016-04-14T08:27:35","guid":{"rendered":"https:\/\/swedenbybike.com\/?page_id=7871"},"modified":"2026-01-16T09:56:38","modified_gmt":"2026-01-16T09:56:38","slug":"terms-for-purchase-and-delivery-for-the-online-store","status":"publish","type":"page","link":"https:\/\/swedenbybike.com\/en\/villkor-och-integritet\/varukop-och-leveransvillkor-for-webbutiken\/","title":{"rendered":"Terms for Purchase and Delivery for the Online Store"},"content":{"rendered":"<p>On this website you can order and pay for items such as bicycle maps, bicycle bags and gift cards. These purchase and delivery terms apply to online purchases in <a href=\"https:\/\/swedenbybike.com\/webbutik\/\">Online<\/a>&nbsp;at swedenbybike.com. The business is conducted by Sweden by Bike AB, Centralplan 3, 111 20 Stockholm.<\/p>\n\n\n\n<h2 class=\"wp-block-heading\">Prices<\/h2>\n\n\n\n<p>Through this website you can order and pay for goods such as bicycle cards and gift cards. Upon successful purchase, an order confirmation will be sent to the email address you provided. We ask that you check that all information in the order confirmation is correct. Contact us immediately if you find any errors in your order. As the order confirmation is sent out automatically without manual review, we reserve the right to cancel obviously incorrect orders.<\/p>\n\n\n\n<h2 class=\"wp-block-heading\">Payment terms<\/h2>\n\n\n\n<p>Each product in the online store is stated in Swedish kronor (SEK) including VAT. In the shopping cart you can see the total price including all fees, VAT and shipping.<\/p>\n\n\n\n<p>Payment is handled using Swish and Stripe. Supported payment methods are via <strong>Swish<\/strong> or <strong>Immediately<\/strong> <strong>card payments<\/strong> (MasterCard and VISA) or via <strong>Apple Pay <\/strong>or<strong> Google Pay<\/strong>.<\/p>\n\n\n\n<h2 class=\"wp-block-heading\">Shipping and delivery<\/h2>\n\n\n\n<h3 class=\"wp-block-heading\">Domestic<\/h3>\n\n\n\n<p>The price of shipping for orders with a total of less than SEK 600 is SEK 31 excluding VAT. For orders with a total amount over 600 SEK, shipping is free. Delivery time within Sweden is normally 1-3 working days, but can in some cases be up to about a week depending on the postal service and that delivery does not take place daily in all areas.<\/p>\n\n\n\n<h3 class=\"wp-block-heading\">Foreign<\/h3>\n\n\n\n<p>The cost of international shipping is based on weight. See table below. Prices are stated excluding VAT.<\/p>\n\n\n\n<p>Max 100 grams: 45 kr<br>Max 250 grams: 85 kr<br>Max 500 grams: 110 kr<br>Max 1 kg: 375 kr<br>Max 2 kg: 461 kr<br>Max 3 kg: 547 kr<br>Over 3 kg: SEK 719<\/p>\n\n\n\n<p>Delivery time outside Sweden is normally around one week, but can sometimes be around two weeks depending on the destination and local postal and customs clearance.<\/p>\n\n\n\n<h2 class=\"wp-block-heading\">Return Policy<\/h2>\n\n\n\n<p>According to the Distance and Home Sales Act (2005: 59), you as a customer have the right to cancel your purchase within 14 days of receiving your item. In order to exercise your right of withdrawal, you must, within the withdrawal period, announce that you wish to cancel your purchase. You do this by contacting us via email <a href=\"info@swedenbybike.com\">info@swedenbybike.com<\/a> or telephone <a href=\"tel:08-640 96 56\">08-640 96 56<\/a>.<\/p>\n\n\n\n<p>Any returns are sent to Sweden by Bike AB, Centralplan 3, 111 20 Stockholm. Label the envelope with <em>Return to the Webshop<\/em>. The goods must be in complete and unused condition. Costs for return shipping are not reimbursed. Within 30 days of your return being received and approved, a refund will be made to the bank account specified by you.<\/p>\n\n\n\n<h2 class=\"wp-block-heading\">Your integrity<\/h2>\n\n\n\n<p>When you as a customer make a purchase, you agree that your information will be saved, in order to process your order, execute the purchase, facilitate future purchases and send out offers from Sweden by Bike. You may withdraw your consent at any time to receive offers.<\/p>\n\n\n\n<p>The personal data you provide is stored and processed at Sweden by Bike AB in accordance with what is stipulated in the Personal Data Act (PUL). We thus do not store the data longer than is necessary. We will not use personal data for sale to third parties or the like without your consent. We reserve the right to refuse purchases.<\/p>\n\n\n\n<p>Sweden by Bike uses cookies to personalize the pages of the user. Cookies are used on our website only to make it easier for you as a user. If you do not accept the use of cookies, you can change the settings for this in your browser.&nbsp;<a href=\"https:\/\/swedenbybike.com\/vara-villkor\/dataskydd-och-integritetspolicy\/\">Here you can read more about data protection and our personal data policy<\/a> for external contacts.<\/p>\n\n\n\n<h2 class=\"wp-block-heading\">Contact<\/h2>\n\n\n\n<p>If you have any questions, you are welcome to contact us by e-mail <a href=\"info@swedenbybike.com\">info@swedenbybike.com<\/a> or telephone <a href=\"tel:08-640 96 56\">08-640 96 56<\/a>.<\/p>\n\n\n\n<p>These terms of purchase and delivery apply from 9 September 2019.<\/p>","protected":false},"excerpt":{"rendered":"<p>P\u00e5 denna webbplats kan du best\u00e4lla och betala varor som tex cykelkartor, cykelv\u00e4skor och presentkort. Dessa k\u00f6p- och leveransvillkor g\u00e4ller f\u00f6r k\u00f6p online i webbutiken&nbsp;p\u00e5 swedenbybike.com. Verksamheten bedrivs av Sweden by Bike AB, Centralplan 3, 111 20 Stockholm. Priser Via denna webbplats kan du best\u00e4lla och betala varor som t ex cykelkartor och presentkort. Vid [&hellip;]<\/p>\n","protected":false},"author":2,"featured_media":0,"parent":30104,"menu_order":0,"comment_status":"closed","ping_status":"closed","template":"","meta":{"_acf_changed":false,"_relevanssi_hide_post":"","_relevanssi_pin_for_all":"","_relevanssi_pin_keywords":"","_relevanssi_unpin_keywords":"","_relevanssi_related_keywords":"","_relevanssi_related_include_ids":"","_relevanssi_related_exclude_ids":"","_relevanssi_related_no_append":"","_relevanssi_related_not_related":"","_relevanssi_related_posts":"27299,13512,24320,24809,15747,14467","footnotes":""},"class_list":["post-7871","page","type-page","status-publish","hentry"],"acf":[],"_links":{"self":[{"href":"https:\/\/swedenbybike.com\/en\/wp-json\/wp\/v2\/pages\/7871","targetHints":{"allow":["GET"]}}],"collection":[{"href":"https:\/\/swedenbybike.com\/en\/wp-json\/wp\/v2\/pages"}],"about":[{"href":"https:\/\/swedenbybike.com\/en\/wp-json\/wp\/v2\/types\/page"}],"author":[{"embeddable":true,"href":"https:\/\/swedenbybike.com\/en\/wp-json\/wp\/v2\/users\/2"}],"replies":[{"embeddable":true,"href":"https:\/\/swedenbybike.com\/en\/wp-json\/wp\/v2\/comments?post=7871"}],"version-history":[{"count":7,"href":"https:\/\/swedenbybike.com\/en\/wp-json\/wp\/v2\/pages\/7871\/revisions"}],"predecessor-version":[{"id":55521,"href":"https:\/\/swedenbybike.com\/en\/wp-json\/wp\/v2\/pages\/7871\/revisions\/55521"}],"up":[{"embeddable":true,"href":"https:\/\/swedenbybike.com\/en\/wp-json\/wp\/v2\/pages\/30104"}],"wp:attachment":[{"href":"https:\/\/swedenbybike.com\/en\/wp-json\/wp\/v2\/media?parent=7871"}],"curies":[{"name":"wp","href":"https:\/\/api.w.org\/{rel}","templated":true}]}}