{"id":770,"date":"2014-01-04T15:49:32","date_gmt":"2014-01-04T15:49:32","guid":{"rendered":"http:\/\/swedenbybike.com\/?page_id=770"},"modified":"2025-10-16T09:27:35","modified_gmt":"2025-10-16T09:27:35","slug":"add-your-bicycle-tour","status":"publish","type":"page","link":"https:\/\/swedenbybike.com\/en\/marknadsfor-cykelpaket\/","title":{"rendered":"Promote bike packages"},"content":{"rendered":"<p>Cycling tourism is growing steadily in Sweden, and more and more people are choosing cycling holidays as their way of experiencing the country - both Swedish and foreign guests.<\/p>\n\n\n\n<p>For us at Sweden by Bike, it is important to work with local organizers of cycling packages. It makes the experience more personal and genuine for the cycling guest - they get to meet people with local knowledge, take part in places that are not always visible on the map and experience the area for real.<\/p>\n\n\n\n<p>At the same time, the partnership contributes to sustainable tourism, local economy and rural development. When bike packages are sold by local businesses, the money stays in the community and supports local businesses such as accommodation, caf\u00e9s, shops and visitor attractions.<\/p>\n\n\n\n<p>At Sweden by Bike you can market your bike package easily and effectively and reach a growing target group of travelers interested in cycling - in Sweden and abroad.<\/p>\n\n\n\n<h2 class=\"wp-block-heading\">What does that mean?<\/h2>\n\n\n\n<ul class=\"wp-block-list\">\n<li>Own presentation page on Sweden's largest cycling tourism website.<\/li>\n\n\n\n<li>Access to an advanced web platform.<\/li>\n\n\n\n<li>We help with texts and pictures.<\/li>\n\n\n\n<li>High SEO and accuracy in search engines.<\/li>\n\n\n\n<li>Your bicycle package will be searchable and categorized (e.g. <em>family friendly<\/em>, <em>romantic<\/em>&nbsp;or <em>gourmet<\/em>).<\/li>\n\n\n\n<li>Customer reviews and feedback.<\/li>\n\n\n\n<li>We promote your bike package through our channels.<\/li>\n\n\n\n<li>Opportunity for customers to use gift cards as a means of payment.<\/li>\n<\/ul>\n\n\n\n<h2 class=\"wp-block-heading\">Our expectations<\/h2>\n\n\n\n<ul class=\"wp-block-list\">\n<li>The bike package should include accommodation, good food and suggested tours.<\/li>\n\n\n\n<li>The price to the end customer must be the same as if the customer books directly with you.<\/li>\n\n\n\n<li>Reply to customer within 24 hours of receipt of an inquiry.<\/li>\n\n\n\n<li>You are responsible for what follows from the Package Travel Act and the Travel Guarantee Act.<\/li>\n<\/ul>\n\n\n\n<h2 class=\"wp-block-heading\">Are you considering developing a new bicycle package?<\/h2>\n\n\n\n<p>Do you have no bicycle package today but are considering developing one? We offer help with advice, guidance and conceptualization. Whether you run a home and want to attract a new target group or if you are already an established organizer and want to develop a new concept - we can help. Contact us for more information.<\/p>\n\n\n\n<h2 class=\"wp-block-heading\">Contact<\/h2>\n\n\n\n<p>Do you want to know more or have questions, you can reach us by e-mail <a href=\"info@swedenbybike.com\">info@swedenbybike.com<\/a> or telephone <a href=\"tel:08-640 96 56\">08-640 96 56<\/a>.<\/p>\n\n\n\n<h2 class=\"wp-block-heading\">Inspiration<\/h2>\n\n\n\n<p>Finally, here is a small inspiring film clip from the Kattegattleden about how you can do to attract more cycling tourists.<\/p>\n\n\n\n<style>.embed-container { position: relative; padding-bottom: 56.25%; height: 0; overflow: hidden; max-width: 100%; } .embed-container iframe, .embed-container object, .embed-container embed { position: absolute; top: 0; left: 0; width: 100%; height: 100%; }<\/style><div class=\"embed-container\"><iframe src=\"https:\/\/www.youtube.com\/embed\/\/pDTrVyyHqns\" frameborder=\"0\" allowfullscreen=\"\"><\/iframe><\/div>","protected":false},"excerpt":{"rendered":"<p>Cykelturismen v\u00e4xer stadigt i Sverige, och allt fler v\u00e4ljer cykelsemestern som sitt s\u00e4tt att uppleva landet &#8211; b\u00e5de svenska och utl\u00e4ndska g\u00e4ster. F\u00f6r oss p\u00e5 Sweden by Bike \u00e4r det viktigt att samarbeta med lokala arrang\u00f6rer av cykelpaket. Det g\u00f6r upplevelsen mer personlig och genuin f\u00f6r cykelg\u00e4sten &#8211; de f\u00e5r m\u00f6ta m\u00e4nniskor med lokal kunskap, [&hellip;]<\/p>\n","protected":false},"author":1,"featured_media":42496,"parent":0,"menu_order":0,"comment_status":"closed","ping_status":"closed","template":"","meta":{"_acf_changed":false,"_relevanssi_hide_post":"","_relevanssi_pin_for_all":"","_relevanssi_pin_keywords":"","_relevanssi_unpin_keywords":"","_relevanssi_related_keywords":"","_relevanssi_related_include_ids":"","_relevanssi_related_exclude_ids":"","_relevanssi_related_no_append":"","_relevanssi_related_not_related":"","_relevanssi_related_posts":"24799,17339,24485,21266,23337,26508","footnotes":""},"class_list":["post-770","page","type-page","status-publish","has-post-thumbnail","hentry"],"acf":[],"_links":{"self":[{"href":"https:\/\/swedenbybike.com\/en\/wp-json\/wp\/v2\/pages\/770","targetHints":{"allow":["GET"]}}],"collection":[{"href":"https:\/\/swedenbybike.com\/en\/wp-json\/wp\/v2\/pages"}],"about":[{"href":"https:\/\/swedenbybike.com\/en\/wp-json\/wp\/v2\/types\/page"}],"author":[{"embeddable":true,"href":"https:\/\/swedenbybike.com\/en\/wp-json\/wp\/v2\/users\/1"}],"replies":[{"embeddable":true,"href":"https:\/\/swedenbybike.com\/en\/wp-json\/wp\/v2\/comments?post=770"}],"version-history":[{"count":3,"href":"https:\/\/swedenbybike.com\/en\/wp-json\/wp\/v2\/pages\/770\/revisions"}],"predecessor-version":[{"id":54837,"href":"https:\/\/swedenbybike.com\/en\/wp-json\/wp\/v2\/pages\/770\/revisions\/54837"}],"wp:featuredmedia":[{"embeddable":true,"href":"https:\/\/swedenbybike.com\/en\/wp-json\/wp\/v2\/media\/42496"}],"wp:attachment":[{"href":"https:\/\/swedenbybike.com\/en\/wp-json\/wp\/v2\/media?parent=770"}],"curies":[{"name":"wp","href":"https:\/\/api.w.org\/{rel}","templated":true}]}}