{"id":7055,"date":"2016-01-06T17:20:08","date_gmt":"2016-01-06T17:20:08","guid":{"rendered":"https:\/\/swedenbybike.com\/?page_id=7055"},"modified":"2025-11-26T08:47:43","modified_gmt":"2025-11-26T08:47:43","slug":"courses","status":"publish","type":"page","link":"https:\/\/swedenbybike.com\/en\/utbildningar\/","title":{"rendered":"Trainings and events"},"content":{"rendered":"<p><strong>There are great opportunities to develop Swedish cycle tourism, in many different parts of the country and with their respective conditions. With the right skills, you can get ahead quickly. Our courses are designed so that you get tools that you can use immediately when you get home. They are cost-effective, time-efficient and designed just for you who have to achieve a lot with a limited budget. The courses are also an opportunity to build social networks and meet others in the industry who think along the same lines. The lecturers have extensive experience in their fields and are among the leading experts in the country.<\/strong><\/p>\n\n\n\n<p>The courses are primarily aimed at those who work with destination and tourism development and at entrepreneurs who want to develop their business with offers for cyclists. Both large and small. We also offer courses for those who work with business development and want to learn more about the growth opportunities in the climate-friendly sector such as cycling tourism.<\/p>\n\n\n\n<h2 class=\"wp-block-heading\">Customized course schedule in your city<\/h2>\n\n\n\n<p>Our courses can also be adapted to your specific location or at another time. Maybe you want to gather the local companies around a topic and buy the course from us? Contact us by e-mail <a href=\"https:\/\/swedenbybike.com\/bokning-och-praktisk-information-om-vara-kurser\/info@swedenbybike.com\">info@swedenbybike.com<\/a> or telephone <a href=\"tel:08-640 96 56\">08-640 96 56<\/a> we will try to help you in the best way. &nbsp;<\/p>\n\n\n\n<h2 class=\"wp-block-heading\">Calendar<\/h2>\n\n\n\n<h3 class=\"wp-block-heading\">The 2025\/2026 season<\/h3>\n\n\n\n<p><\/p>\n\n\n\n<p>On request: <a href=\"https:\/\/swedenbybike.com\/utbildningar\/guideutbildning-grundkurs\/\">Bicycle Guide Basics (online)<\/a><\/p>","protected":false},"excerpt":{"rendered":"<p>Det finns stora m\u00f6jligheter att utveckla svensk cykelturism, p\u00e5 m\u00e5nga olika h\u00e5ll i landet och med sina respektive f\u00f6ruts\u00e4ttningar. Med r\u00e4tt kunskaper kan man snabbt komma fram\u00e5t. V\u00e5ra kurser \u00e4r upplagda s\u00e5 att du f\u00e5r med dig verktyg som g\u00e5r att anv\u00e4nda direkt n\u00e4r du kommer hem. De \u00e4r kostnadseffektiva, tidseffektiva och framtagna just f\u00f6r [&hellip;]<\/p>\n","protected":false},"author":2,"featured_media":30600,"parent":0,"menu_order":0,"comment_status":"closed","ping_status":"closed","template":"","meta":{"_acf_changed":false,"_relevanssi_hide_post":"","_relevanssi_pin_for_all":"","_relevanssi_pin_keywords":"","_relevanssi_unpin_keywords":"","_relevanssi_related_keywords":"","_relevanssi_related_include_ids":"","_relevanssi_related_exclude_ids":"","_relevanssi_related_no_append":"","_relevanssi_related_not_related":"","_relevanssi_related_posts":"18372,18043,21266,20430,21307,18239","footnotes":""},"class_list":["post-7055","page","type-page","status-publish","has-post-thumbnail","hentry"],"acf":[],"_links":{"self":[{"href":"https:\/\/swedenbybike.com\/en\/wp-json\/wp\/v2\/pages\/7055","targetHints":{"allow":["GET"]}}],"collection":[{"href":"https:\/\/swedenbybike.com\/en\/wp-json\/wp\/v2\/pages"}],"about":[{"href":"https:\/\/swedenbybike.com\/en\/wp-json\/wp\/v2\/types\/page"}],"author":[{"embeddable":true,"href":"https:\/\/swedenbybike.com\/en\/wp-json\/wp\/v2\/users\/2"}],"replies":[{"embeddable":true,"href":"https:\/\/swedenbybike.com\/en\/wp-json\/wp\/v2\/comments?post=7055"}],"version-history":[{"count":1,"href":"https:\/\/swedenbybike.com\/en\/wp-json\/wp\/v2\/pages\/7055\/revisions"}],"predecessor-version":[{"id":55246,"href":"https:\/\/swedenbybike.com\/en\/wp-json\/wp\/v2\/pages\/7055\/revisions\/55246"}],"wp:featuredmedia":[{"embeddable":true,"href":"https:\/\/swedenbybike.com\/en\/wp-json\/wp\/v2\/media\/30600"}],"wp:attachment":[{"href":"https:\/\/swedenbybike.com\/en\/wp-json\/wp\/v2\/media?parent=7055"}],"curies":[{"name":"wp","href":"https:\/\/api.w.org\/{rel}","templated":true}]}}