{"id":60,"date":"2013-04-01T16:29:58","date_gmt":"2013-04-01T16:29:58","guid":{"rendered":"http:\/\/swedenbybike.com\/?page_id=60"},"modified":"2024-03-11T08:25:47","modified_gmt":"2024-03-11T08:25:47","slug":"bicycle-service","status":"publish","type":"page","link":"https:\/\/swedenbybike.com\/en\/cykelservice\/","title":{"rendered":"Bicycle Services"},"content":{"rendered":"<p>Need help with bike service? Sometimes you get puncture, sometimes the chain jumps off and sometimes it is more than legally slow to lower the saddle. Yes, it can be a little adventure before you even sit up on the saddle but calm down, the better there is to get help. Here, with the help of Eniro&#039;s search tool, you can find service points if you need to fix your bike during the trip.<\/p>\n\n\n\n<p>Enter where you are:<\/p>\n\n\n\n<p> <input id=\"yourlocation\" type=\"text\" value=\"\" placeholder=\"City or area ...\"> <button onclick=\"window.open(&quot;http:\/\/gulasidorna.eniro.se\/hitta:cykelverkstad\/&quot; + document.getElementById(&quot;yourlocation&quot;).value);\" class=\"button\">Find a bike workshop<\/button><\/p>","protected":false},"excerpt":{"rendered":"<p>Beh\u00f6ver du hj\u00e4lp med cykelservice? Ibland f\u00e5r man punktering, ibland hoppar kedjan av och bland g\u00e5r det mer \u00e4n lovligt tr\u00f6gt att s\u00e4nka sadeln. Ja, det kan vara ett mindre \u00e4ventyr innan man ens sitter upp p\u00e5 sadeln men lugn, dessb\u00e4ttre finns det hj\u00e4lp att f\u00e5. H\u00e4r kan du med hj\u00e4lp av Eniros s\u00f6kverktyg hitta [&hellip;]<\/p>\n","protected":false},"author":1,"featured_media":97,"parent":0,"menu_order":0,"comment_status":"closed","ping_status":"closed","template":"","meta":{"_acf_changed":false,"_relevanssi_hide_post":"","_relevanssi_pin_for_all":"","_relevanssi_pin_keywords":"","_relevanssi_unpin_keywords":"","_relevanssi_related_keywords":"","_relevanssi_related_include_ids":"","_relevanssi_related_exclude_ids":"","_relevanssi_related_no_append":"","_relevanssi_related_not_related":"","_relevanssi_related_posts":"12841,16961,14549,18043,12593,15643","footnotes":""},"class_list":["post-60","page","type-page","status-publish","has-post-thumbnail","hentry"],"acf":[],"_links":{"self":[{"href":"https:\/\/swedenbybike.com\/en\/wp-json\/wp\/v2\/pages\/60","targetHints":{"allow":["GET"]}}],"collection":[{"href":"https:\/\/swedenbybike.com\/en\/wp-json\/wp\/v2\/pages"}],"about":[{"href":"https:\/\/swedenbybike.com\/en\/wp-json\/wp\/v2\/types\/page"}],"author":[{"embeddable":true,"href":"https:\/\/swedenbybike.com\/en\/wp-json\/wp\/v2\/users\/1"}],"replies":[{"embeddable":true,"href":"https:\/\/swedenbybike.com\/en\/wp-json\/wp\/v2\/comments?post=60"}],"version-history":[{"count":0,"href":"https:\/\/swedenbybike.com\/en\/wp-json\/wp\/v2\/pages\/60\/revisions"}],"wp:featuredmedia":[{"embeddable":true,"href":"https:\/\/swedenbybike.com\/en\/wp-json\/wp\/v2\/media\/97"}],"wp:attachment":[{"href":"https:\/\/swedenbybike.com\/en\/wp-json\/wp\/v2\/media?parent=60"}],"curies":[{"name":"wp","href":"https:\/\/api.w.org\/{rel}","templated":true}]}}