{"id":55,"date":"2013-04-01T14:27:06","date_gmt":"2013-04-01T14:27:06","guid":{"rendered":"http:\/\/swedenbybike.com\/?page_id=55"},"modified":"2024-12-28T14:05:15","modified_gmt":"2024-12-28T14:05:15","slug":"contact","status":"publish","type":"page","link":"https:\/\/swedenbybike.com\/en\/kontakt\/","title":{"rendered":"Contact"},"content":{"rendered":"<p>Please feel free to contact us with any questions, feedback or suggestions! We value your opinion and always strive to improve our service. Whether it's general inquiries, details about our services or if you need help planning a cycling vacation or corporate trip, we are happy to help you. <\/p>\n\n\n\n<h2 class=\"wp-block-heading\">Email and phone<\/h2>\n\n\n\n<p>E-mail: <a href=\"mailto:i%6Efo@swe%64enbybike%2Ecom\">info@swedenbybike.com<\/a><br>Phone: <a href=\"callto:08-640 96 56\">08-640 96 56<\/a><\/p>\n\n\n\n<h2 class=\"wp-block-heading\">Social Media<\/h2>\n\n\n\n<p><a href=\"https:\/\/www.facebook.com\/swedenbybike\" target=\"_blank\" rel=\"noopener\">Facebook<\/a><br><a href=\"https:\/\/se.linkedin.com\/company\/sweden-by-bike\" target=\"_blank\" rel=\"noopener\">LinkedIn<\/a><br><a href=\"https:\/\/www.instagram.com\/swedenbybike\/\" target=\"_blank\" rel=\"noopener\">Instagram<\/a><\/p>\n\n\n\n<h2 class=\"wp-block-heading\">Postal address<\/h2>\n\n\n\n<p>Sweden by Bike<br>Central plan 3<br>111 20 Stockholm<\/p>","protected":false},"excerpt":{"rendered":"<p>V\u00e4lkommen att kontakta oss f\u00f6r alla typer av fr\u00e5gor, feedback eller f\u00f6rslag! Vi v\u00e4rdes\u00e4tter din \u00e5sikt och str\u00e4var alltid efter att f\u00f6rb\u00e4ttra v\u00e5r service. Oavsett om det g\u00e4ller generella f\u00f6rfr\u00e5gningar, detaljer om v\u00e5ra tj\u00e4nster eller om du beh\u00f6ver hj\u00e4lp att planera en cykelsemester eller f\u00f6retagsresa, hj\u00e4lper vi dig g\u00e4rna. E-post och telefon E-post: info@swedenbybike.comTelefon: 08-640 [&hellip;]<\/p>\n","protected":false},"author":1,"featured_media":45307,"parent":0,"menu_order":0,"comment_status":"closed","ping_status":"closed","template":"","meta":{"_acf_changed":false,"_relevanssi_hide_post":"","_relevanssi_pin_for_all":"","_relevanssi_pin_keywords":"","_relevanssi_unpin_keywords":"","_relevanssi_related_keywords":"","_relevanssi_related_include_ids":"","_relevanssi_related_exclude_ids":"","_relevanssi_related_no_append":"","_relevanssi_related_not_related":"","_relevanssi_related_posts":"12832,12841,12858,20430,21266,27299","footnotes":""},"class_list":["post-55","page","type-page","status-publish","has-post-thumbnail","hentry"],"acf":[],"_links":{"self":[{"href":"https:\/\/swedenbybike.com\/en\/wp-json\/wp\/v2\/pages\/55","targetHints":{"allow":["GET"]}}],"collection":[{"href":"https:\/\/swedenbybike.com\/en\/wp-json\/wp\/v2\/pages"}],"about":[{"href":"https:\/\/swedenbybike.com\/en\/wp-json\/wp\/v2\/types\/page"}],"author":[{"embeddable":true,"href":"https:\/\/swedenbybike.com\/en\/wp-json\/wp\/v2\/users\/1"}],"replies":[{"embeddable":true,"href":"https:\/\/swedenbybike.com\/en\/wp-json\/wp\/v2\/comments?post=55"}],"version-history":[{"count":0,"href":"https:\/\/swedenbybike.com\/en\/wp-json\/wp\/v2\/pages\/55\/revisions"}],"wp:featuredmedia":[{"embeddable":true,"href":"https:\/\/swedenbybike.com\/en\/wp-json\/wp\/v2\/media\/45307"}],"wp:attachment":[{"href":"https:\/\/swedenbybike.com\/en\/wp-json\/wp\/v2\/media?parent=55"}],"curies":[{"name":"wp","href":"https:\/\/api.w.org\/{rel}","templated":true}]}}