{"id":51,"date":"2013-04-01T14:26:35","date_gmt":"2013-04-01T14:26:35","guid":{"rendered":"http:\/\/swedenbybike.com\/?page_id=51"},"modified":"2026-03-11T15:12:18","modified_gmt":"2026-03-11T15:12:18","slug":"about-sweden-by-bike","status":"publish","type":"page","link":"https:\/\/swedenbybike.com\/en\/om-sweden-by-bike\/","title":{"rendered":"About Sweden by Bike"},"content":{"rendered":"<p>Sweden by Bike AB operates a national digital platform for cycle tourism in Sweden. The company works to develop, make available and market cycle routes, cycling destinations and cycling experiences through digital maps, travel information and bookable cycling packages. Sweden by Bike also offers consulting services in cycling tourism, such as feasibility studies, development of cycle routes and cycle areas, destination development and project management. <\/p>\n\n\n\n<p>Through collaborations with regions, municipalities and local actors, the company contributes to strengthening sustainable tourism and increasing accessibility to cycling throughout the country. Sweden by Bike also works to strengthen Nordic cooperation in cycling tourism through its sister company Norway by Bike AS, with a focus on developing and marketing cycling as a reason to travel in Norway.<\/p>\n\n\n\n<p>Do you want to know more about us? Please contact us:<\/p>\n\n\n\n<p>E-mail: <a href=\"mailto:info@swedenbybike.com\">info@swedenbybike.com<\/a><br>Tel: <a href=\"tel:08-640 96 56\">08-640 96 56<\/a><\/p>\n\n\n\n<p>Katarina Bergstrand<br><a href=\"mailto:katarina@swedenbybike.com\">katarina@swedenbybike.com<\/a><\/p>\n\n\n\n<p>Ivan Glauser<br><a href=\"mailto:ivan@swedenbybike.com\">ivan@swedenbybike.com<\/a><\/p>","protected":false},"excerpt":{"rendered":"<p>Sweden by Bike AB driver en nationell digital plattform f\u00f6r cykelturism i Sverige. F\u00f6retaget arbetar med att utveckla, tillg\u00e4ngligg\u00f6ra och marknadsf\u00f6ra cykelleder, cykeldestinationer och cykelupplevelser genom digitala kartor, reseinformation och bokningsbara cykelpaket. Sweden by Bike erbjuder \u00e4ven konsulttj\u00e4nster inom cykelturism, exempelvis f\u00f6rstudier, utveckling av cykelleder och cykelomr\u00e5den, destinationsutveckling samt projektledning. Genom samarbeten med regioner, kommuner [&hellip;]<\/p>\n","protected":false},"author":1,"featured_media":40577,"parent":0,"menu_order":0,"comment_status":"closed","ping_status":"closed","template":"","meta":{"_acf_changed":false,"_relevanssi_hide_post":"","_relevanssi_pin_for_all":"","_relevanssi_pin_keywords":"","_relevanssi_unpin_keywords":"","_relevanssi_related_keywords":"","_relevanssi_related_include_ids":"","_relevanssi_related_exclude_ids":"","_relevanssi_related_no_append":"","_relevanssi_related_not_related":"","_relevanssi_related_posts":"18372,22661,18043,23326,23337,18031","footnotes":""},"class_list":["post-51","page","type-page","status-publish","has-post-thumbnail","hentry"],"acf":[],"_links":{"self":[{"href":"https:\/\/swedenbybike.com\/en\/wp-json\/wp\/v2\/pages\/51","targetHints":{"allow":["GET"]}}],"collection":[{"href":"https:\/\/swedenbybike.com\/en\/wp-json\/wp\/v2\/pages"}],"about":[{"href":"https:\/\/swedenbybike.com\/en\/wp-json\/wp\/v2\/types\/page"}],"author":[{"embeddable":true,"href":"https:\/\/swedenbybike.com\/en\/wp-json\/wp\/v2\/users\/1"}],"replies":[{"embeddable":true,"href":"https:\/\/swedenbybike.com\/en\/wp-json\/wp\/v2\/comments?post=51"}],"version-history":[{"count":9,"href":"https:\/\/swedenbybike.com\/en\/wp-json\/wp\/v2\/pages\/51\/revisions"}],"predecessor-version":[{"id":56356,"href":"https:\/\/swedenbybike.com\/en\/wp-json\/wp\/v2\/pages\/51\/revisions\/56356"}],"wp:featuredmedia":[{"embeddable":true,"href":"https:\/\/swedenbybike.com\/en\/wp-json\/wp\/v2\/media\/40577"}],"wp:attachment":[{"href":"https:\/\/swedenbybike.com\/en\/wp-json\/wp\/v2\/media?parent=51"}],"curies":[{"name":"wp","href":"https:\/\/api.w.org\/{rel}","templated":true}]}}