{"id":49432,"date":"2025-03-19T20:05:01","date_gmt":"2025-03-19T20:05:01","guid":{"rendered":"https:\/\/swedenbybike.com\/?page_id=49432"},"modified":"2026-04-19T04:51:05","modified_gmt":"2026-04-19T04:51:05","slug":"medlemsformaner","status":"publish","type":"page","link":"https:\/\/swedenbybike.com\/en\/medlemsformaner\/","title":{"rendered":"Member benefits"},"content":{"rendered":"<p>As a member, you have access to membership benefits at selected accommodation, caf\u00e9s and other businesses. Here you can see where membership can be used and what kind of benefits are included.<\/p>\n\n\n\n<p>Offers and conditions may vary between partners and may also change over time as new partners are added or benefits are updated.<\/p>\n\n\n\n<h2 class=\"wp-block-heading\">How to use your membership benefits<\/h2>\n\n\n\n<ol class=\"wp-block-list\">\n<li>Buy your membership in the online shop.<\/li>\n\n\n\n<li>Log in to your account.<\/li>\n\n\n\n<li>See what applies to each partner.<\/li>\n\n\n\n<li>Show the membership benefit or use any booking code where necessary.<\/li>\n<\/ol>\n\n\n\n<p>Some membership benefits may be limited in time or have specific conditions depending on the partner.<\/p>\n\n\n\n<div class=\"wp-block-buttons is-layout-flex wp-block-buttons-is-layout-flex\">\n<div class=\"wp-block-button inverted\"><a class=\"wp-block-button__link wp-element-button\" href=\"https:\/\/swedenbybike.com\/butik\/medlemskap\/bli-medlem\/\">Buy membership<\/a><\/div>\n<\/div>\n\n\n\n<p><\/p>","protected":false},"excerpt":{"rendered":"<p>Som medlem f\u00e5r du tillg\u00e5ng till medlemsf\u00f6rm\u00e5ner hos utvalda boenden, caf\u00e9er och andra verksamheter. H\u00e4r kan du se var medlemskapet kan anv\u00e4ndas och vilken typ av f\u00f6rm\u00e5ner som ing\u00e5r. Erbjudanden och villkor kan variera mellan olika partner och kan ocks\u00e5 f\u00f6r\u00e4ndras \u00f6ver tid n\u00e4r nya partner tillkommer eller f\u00f6rm\u00e5ner uppdateras. S\u00e5 anv\u00e4nder du medlemsf\u00f6rm\u00e5nerna Vissa [&hellip;]<\/p>\n","protected":false},"author":1,"featured_media":0,"parent":0,"menu_order":0,"comment_status":"closed","ping_status":"closed","template":"template-member-benefits.php","meta":{"_acf_changed":false,"_relevanssi_hide_post":"","_relevanssi_pin_for_all":"","_relevanssi_pin_keywords":"","_relevanssi_unpin_keywords":"","_relevanssi_related_keywords":"","_relevanssi_related_include_ids":"","_relevanssi_related_exclude_ids":"","_relevanssi_related_no_append":"","_relevanssi_related_not_related":"","_relevanssi_related_posts":"34944,34534,15747,14041,13651,22661","footnotes":""},"class_list":["post-49432","page","type-page","status-publish","hentry"],"acf":[],"_links":{"self":[{"href":"https:\/\/swedenbybike.com\/en\/wp-json\/wp\/v2\/pages\/49432","targetHints":{"allow":["GET"]}}],"collection":[{"href":"https:\/\/swedenbybike.com\/en\/wp-json\/wp\/v2\/pages"}],"about":[{"href":"https:\/\/swedenbybike.com\/en\/wp-json\/wp\/v2\/types\/page"}],"author":[{"embeddable":true,"href":"https:\/\/swedenbybike.com\/en\/wp-json\/wp\/v2\/users\/1"}],"replies":[{"embeddable":true,"href":"https:\/\/swedenbybike.com\/en\/wp-json\/wp\/v2\/comments?post=49432"}],"version-history":[{"count":50,"href":"https:\/\/swedenbybike.com\/en\/wp-json\/wp\/v2\/pages\/49432\/revisions"}],"predecessor-version":[{"id":56587,"href":"https:\/\/swedenbybike.com\/en\/wp-json\/wp\/v2\/pages\/49432\/revisions\/56587"}],"wp:attachment":[{"href":"https:\/\/swedenbybike.com\/en\/wp-json\/wp\/v2\/media?parent=49432"}],"curies":[{"name":"wp","href":"https:\/\/api.w.org\/{rel}","templated":true}]}}