{"id":45027,"date":"2023-10-30T07:25:35","date_gmt":"2023-10-30T07:25:35","guid":{"rendered":"https:\/\/swedenbybike.com\/?page_id=45027"},"modified":"2026-01-10T08:48:16","modified_gmt":"2026-01-10T08:48:16","slug":"favoritplats","status":"publish","type":"page","link":"https:\/\/swedenbybike.com\/en\/cyclist-welcome\/favoritplats\/","title":{"rendered":"Favorite place"},"content":{"rendered":"<p>Do you drive a<em>a caf\u00e9, restaurant or tourist attraction, and <\/em>want cyclists to visit you? Then you can join us as a<em> Favorite place<\/em>. It costs <strong>800 kr<\/strong> plus VAT per year.<\/p>\n\n\n<div class=\"wp-block-image\">\n<figure class=\"alignright size-large is-resized\"><img decoding=\"async\" src=\"https:\/\/swedenbybike.com\/wordpress\/wp-content\/themes\/swedenbybike\/images\/sbb-cyclist-welcome.svg\" alt=\"Cyclist welcome 2025\" style=\"width:200px\"\/><\/figure>\n<\/div>\n\n\n<p><strong>The following are included (the service is an annual subscription):<\/strong><\/p>\n\n\n\n<ul class=\"wp-block-list\">\n<li>Own presentation page on&nbsp;<a href=\"https:\/\/swedenbybike.com\/\" target=\"_blank\" rel=\"noreferrer noopener\">swedenbybike.com<\/a>.<\/li>\n\n\n\n<li>Contact details and direct link to your website.<\/li>\n\n\n\n<li>Be listed on relevant pages for cycling routes, destinations and tours.<\/li>\n\n\n\n<li>Physical sticker \"Cyclist welcome!\" to be attached to entrances.<\/li>\n\n\n\n<li>Digital sticker \"Cyclist welcome!\" to display on your website.<\/li>\n<\/ul>\n\n\n\n<p><strong>This is what we expect from everyone&nbsp;<em>Favorite places<\/em>:<\/strong><\/p>\n\n\n\n<ul class=\"wp-block-list\">\n<li>Bike parking available<\/li>\n\n\n\n<li>Possibility to borrow a bicycle pump and simple tools<\/li>\n\n\n\n<li>Mobile device charging available<\/li>\n<\/ul>\n\n\n\n<p>Does that sound interesting or do you want to know more? Contact us at <a href=\"mailto:info@swedenbybike.com\">info@swedenbybike.com<\/a> or <a href=\"tel:08-640 96 56\">08-640 96 56<\/a> we will help you.<\/p>\n\n\n\n<h3 class=\"wp-block-heading\">Bicycle friendly accommodation<\/h3>\n\n\n\n<p>Do you run an accommodation and are interested in attracting more cyclists? Read more about our 'Cyclist welcome! for accommodation and become part of the network that prioritizes cycling guests. <a href=\"https:\/\/swedenbybike.com\/cyclist-welcome\/cykelvanligt-boende\/\">Read more about cycle-friendly accommodation here.<\/a><\/p>","protected":false},"excerpt":{"rendered":"<p>Driver du ett caf\u00e9, en restaurang eller en turistattraktion och vill att cyklister ska bes\u00f6ka dig? D\u00e5 kan du finnas med hos oss som en Favoritplats. Det kostar 800 kr plus moms per \u00e5r. F\u00f6ljande ing\u00e5r&nbsp;(tj\u00e4nsten \u00e4r ett abonnemang som l\u00f6per \u00e5rsvis): Det h\u00e4r f\u00f6rv\u00e4ntar vi oss&nbsp;av alla&nbsp;Favoritplatser: L\u00e5ter det intressant eller vill du veta [&hellip;]<\/p>\n","protected":false},"author":1,"featured_media":43309,"parent":30377,"menu_order":0,"comment_status":"closed","ping_status":"closed","template":"","meta":{"_acf_changed":false,"_relevanssi_hide_post":"","_relevanssi_pin_for_all":"","_relevanssi_pin_keywords":"","_relevanssi_unpin_keywords":"","_relevanssi_related_keywords":"","_relevanssi_related_include_ids":"","_relevanssi_related_exclude_ids":"","_relevanssi_related_no_append":"","_relevanssi_related_not_related":"","_relevanssi_related_posts":"35990,26508,12636,27664,12902,12858","footnotes":""},"class_list":["post-45027","page","type-page","status-publish","has-post-thumbnail","hentry"],"acf":[],"_links":{"self":[{"href":"https:\/\/swedenbybike.com\/en\/wp-json\/wp\/v2\/pages\/45027","targetHints":{"allow":["GET"]}}],"collection":[{"href":"https:\/\/swedenbybike.com\/en\/wp-json\/wp\/v2\/pages"}],"about":[{"href":"https:\/\/swedenbybike.com\/en\/wp-json\/wp\/v2\/types\/page"}],"author":[{"embeddable":true,"href":"https:\/\/swedenbybike.com\/en\/wp-json\/wp\/v2\/users\/1"}],"replies":[{"embeddable":true,"href":"https:\/\/swedenbybike.com\/en\/wp-json\/wp\/v2\/comments?post=45027"}],"version-history":[{"count":1,"href":"https:\/\/swedenbybike.com\/en\/wp-json\/wp\/v2\/pages\/45027\/revisions"}],"predecessor-version":[{"id":55445,"href":"https:\/\/swedenbybike.com\/en\/wp-json\/wp\/v2\/pages\/45027\/revisions\/55445"}],"up":[{"embeddable":true,"href":"https:\/\/swedenbybike.com\/en\/wp-json\/wp\/v2\/pages\/30377"}],"wp:featuredmedia":[{"embeddable":true,"href":"https:\/\/swedenbybike.com\/en\/wp-json\/wp\/v2\/media\/43309"}],"wp:attachment":[{"href":"https:\/\/swedenbybike.com\/en\/wp-json\/wp\/v2\/media?parent=45027"}],"curies":[{"name":"wp","href":"https:\/\/api.w.org\/{rel}","templated":true}]}}