{"id":45025,"date":"2023-10-30T07:24:19","date_gmt":"2023-10-30T07:24:19","guid":{"rendered":"https:\/\/swedenbybike.com\/?page_id=45025"},"modified":"2026-01-10T08:47:27","modified_gmt":"2026-01-10T08:47:27","slug":"cykelvanligt-boende","status":"publish","type":"page","link":"https:\/\/swedenbybike.com\/en\/cyclist-welcome\/cykelvanligt-boende\/","title":{"rendered":"Bicycle friendly accommodation"},"content":{"rendered":"<div class=\"wp-block-image\">\n<figure class=\"alignright size-large is-resized\"><img decoding=\"async\" src=\"https:\/\/swedenbybike.com\/wordpress\/wp-content\/themes\/swedenbybike\/images\/sbb-cyclist-welcome.svg\" alt=\"Cyclist welcome 2025\" style=\"width:200px\"\/><\/figure>\n<\/div>\n\n\n<p>Those who plan their cycling trip on their own are happy to choose to spend the night in places where there is a special service for cycling guests. If you want to join us as <em>Bicycle friendly accommodation<\/em> you get your own presentation page <a href=\"https:\/\/swedenbybike.com\">swedenbybike.com<\/a>. We help with texts and images. You will have access to an advanced web platform that is effective in terms of search engine hits. You also get a physical sticker sent by post that you can put up at the entrance to help cyclists find their way. As an added bonus, you will also be featured on Kartf\u00f6rlaget's printed bicycle map (the map series currently covers G\u00f6taland, large parts of Svealand and the area around Siljan).<\/p>\n\n\n\n<p>Our bicycle-friendly accommodation is bed &amp; breakfast, hostel, guest house, cabins \/ camping and hotels that find it extra fun when guests come cycling. They are located near bike paths and bike destinations in different parts of the country. From cornfields and apple trees in Sk\u00e5ne to rippling streams and the expanses of the mountain world.<\/p>\n\n\n\n<p>It costs <strong>1 200 kr <\/strong>plus VAT per year to join. We do not charge a commission as the customer is referred directly to you and the contact details you provided for the booking.<\/p>\n\n\n\n<p><strong>The following is included<\/strong>&nbsp;(the service is an annual subscription):<\/p>\n\n\n\n<ul class=\"wp-block-list\">\n<li>Own presentation page on&nbsp;<a href=\"http:\/\/swedenbybike.com\/\" target=\"_blank\" rel=\"noreferrer noopener\">swedenbybike.com<\/a>.<\/li>\n\n\n\n<li>Contact details for booking and direct link to your website.<\/li>\n\n\n\n<li>Be listed on relevant pages for cycling routes, destinations and tours.<\/li>\n\n\n\n<li>Physical sticker \"Cyclist welcome!\" to be attached to entrances.<\/li>\n\n\n\n<li>Digital sticker \"Cyclist welcome!\" to display on your website.<\/li>\n<\/ul>\n\n\n\n<p><strong>This is what we expect<\/strong> of all <em>Bicycle friendly accommodations<\/em>:<\/p>\n\n\n\n<ul class=\"wp-block-list\">\n<li>Safe bicycle storage<\/li>\n\n\n\n<li>Possibility to borrow a bicycle pump and simple tools<\/li>\n\n\n\n<li>Contact details of the nearest bicycle service<\/li>\n<\/ul>\n\n\n\n<h3 class=\"wp-block-heading\">Do you run a caf\u00e9, restaurant or any other non-residential activity?<\/h3>\n\n\n\n<p>Learn more about how you can join our network as a 'Favorite Place' and attract more cycling visitors to your business. <a href=\"https:\/\/swedenbybike.com\/cyclist-welcome\/favoritplats\/\">Read more about the Cyclist welcome for favorite places here.<\/a><\/p>","protected":false},"excerpt":{"rendered":"<p>Den som planerar sin cykelresa p\u00e5 egen hand v\u00e4ljer g\u00e4rna att \u00f6vernatta p\u00e5 st\u00e4llen d\u00e4r det finns s\u00e4rskild service f\u00f6r cyklande g\u00e4ster. Om ni vill finnas med hos oss som Cykelv\u00e4nligt boende f\u00e5r ni en egen presentationssida p\u00e5 swedenbybike.com. Vi hj\u00e4lper till med texter och bilder. Du f\u00e5r tillg\u00e5ng till en avancerad webbplattform som \u00e4r [&hellip;]<\/p>\n","protected":false},"author":1,"featured_media":30858,"parent":30377,"menu_order":0,"comment_status":"closed","ping_status":"closed","template":"","meta":{"_acf_changed":false,"_relevanssi_hide_post":"","_relevanssi_pin_for_all":"","_relevanssi_pin_keywords":"","_relevanssi_unpin_keywords":"","_relevanssi_related_keywords":"","_relevanssi_related_include_ids":"","_relevanssi_related_exclude_ids":"","_relevanssi_related_no_append":"","_relevanssi_related_not_related":"","_relevanssi_related_posts":"42596,13091,24320,15915,35916,12927","footnotes":""},"class_list":["post-45025","page","type-page","status-publish","has-post-thumbnail","hentry"],"acf":[],"_links":{"self":[{"href":"https:\/\/swedenbybike.com\/en\/wp-json\/wp\/v2\/pages\/45025","targetHints":{"allow":["GET"]}}],"collection":[{"href":"https:\/\/swedenbybike.com\/en\/wp-json\/wp\/v2\/pages"}],"about":[{"href":"https:\/\/swedenbybike.com\/en\/wp-json\/wp\/v2\/types\/page"}],"author":[{"embeddable":true,"href":"https:\/\/swedenbybike.com\/en\/wp-json\/wp\/v2\/users\/1"}],"replies":[{"embeddable":true,"href":"https:\/\/swedenbybike.com\/en\/wp-json\/wp\/v2\/comments?post=45025"}],"version-history":[{"count":1,"href":"https:\/\/swedenbybike.com\/en\/wp-json\/wp\/v2\/pages\/45025\/revisions"}],"predecessor-version":[{"id":55444,"href":"https:\/\/swedenbybike.com\/en\/wp-json\/wp\/v2\/pages\/45025\/revisions\/55444"}],"up":[{"embeddable":true,"href":"https:\/\/swedenbybike.com\/en\/wp-json\/wp\/v2\/pages\/30377"}],"wp:featuredmedia":[{"embeddable":true,"href":"https:\/\/swedenbybike.com\/en\/wp-json\/wp\/v2\/media\/30858"}],"wp:attachment":[{"href":"https:\/\/swedenbybike.com\/en\/wp-json\/wp\/v2\/media?parent=45025"}],"curies":[{"name":"wp","href":"https:\/\/api.w.org\/{rel}","templated":true}]}}