{"id":40216,"date":"2022-11-28T13:47:40","date_gmt":"2022-11-28T13:47:40","guid":{"rendered":"https:\/\/swedenbybike.com\/?page_id=40216"},"modified":"2024-03-11T10:40:16","modified_gmt":"2024-03-11T10:40:16","slug":"soka-projektmedel-for-mtb-leder","status":"publish","type":"page","link":"https:\/\/swedenbybike.com\/en\/utbildningar\/soka-projektmedel-for-mtb-leder\/","title":{"rendered":"Apply for project funds for MTB trails"},"content":{"rendered":"<h2 class=\"wp-block-heading\">A training series from start to finish<\/h2>\n\n\n\n<p>When you apply for project funds to build one or more cycle paths, you need to clarify which goals must be met. You must be able to convincingly describe the path from political anchoring to long-term financing. It is also important to be able to demonstrate the effects a cycling area has for society and not least for the local business community. We have developed a time- and cost-effective online training series to help you. The goal is for you to gain increased knowledge and answers to your questions in order to formulate your application.<\/p>\n\n\n\n<p>We have developed a time- and cost-effective online training series to help those applying for funding. We are focusing on the call that is current at the moment via the Growth Agency, but the process can be applied to any application such as Leader, regional 1:1 funds or the General Heritage Fund. You are welcome to spread the information in your network to whomever it concerns. Warm welcome!<\/p>\n\n\n\n<h3 class=\"wp-block-heading\">Four-step training series, January 2023<\/h3>\n\n\n\n<p>January 10, online:\u00a0<a href=\"https:\/\/en-gb.eu.invajo.com\/events\/tab\/tabId\/1953ce80-8040-11ed-a9f2-7111da5d2743\/id\/fd575f50-803f-11ed-9254-41bf450be1e2\" target=\"_blank\" rel=\"noreferrer noopener\">Project application step by step<\/a>\u00a0(step 1)<\/p>\n\n\n\n<p>January 13, online:\u00a0<a href=\"https:\/\/en-gb.eu.invajo.com\/events\/tab\/tabId\/1954f040-8040-11ed-8f99-bdcf837505a0\/id\/fd575f50-803f-11ed-9254-41bf450be1e2\" target=\"_blank\" rel=\"noreferrer noopener\">Leads as a reason for travel<\/a>\u00a0(step 2)<\/p>\n\n\n\n<p>January 16, online:\u00a0<a href=\"https:\/\/en-gb.eu.invajo.com\/events\/tab\/tabId\/195637b0-8040-11ed-9cc7-d161c0850af6\/id\/fd575f50-803f-11ed-9254-41bf450be1e2\" target=\"_blank\" rel=\"noreferrer noopener\">Landowners, permits and agreements<\/a>\u00a0(step 3)<\/p>\n\n\n\n<p>January 19, online:\u00a0<a href=\"https:\/\/en-gb.eu.invajo.com\/events\/tab\/tabId\/195739f0-8040-11ed-8bbb-7f5cfdfa6c8a\/id\/fd575f50-803f-11ed-9254-41bf450be1e2\" target=\"_blank\" rel=\"noreferrer noopener\">Organization, financing and administration<\/a>\u00a0(step 4)<\/p>","protected":false},"excerpt":{"rendered":"<p>En utbildningsserie fr\u00e5n start till m\u00e5l N\u00e4r du s\u00f6ker projektmedel f\u00f6r att bygga en eller flera cykelleder beh\u00f6ver du tydligg\u00f6ra vilka m\u00e5l som ska uppfyllas. Du ska p\u00e5 ett \u00f6vertygande s\u00e4tt kunna beskriva v\u00e4gen fr\u00e5n politisk f\u00f6rankring till l\u00e5ngsiktig finansiering. Det \u00e4r ocks\u00e5 viktigt att kunna visa p\u00e5 vilka effekter ett cykelomr\u00e5de ger f\u00f6r samh\u00e4llet [&hellip;]<\/p>\n","protected":false},"author":1,"featured_media":40251,"parent":7055,"menu_order":0,"comment_status":"closed","ping_status":"closed","template":"","meta":{"_acf_changed":false,"_relevanssi_hide_post":"","_relevanssi_pin_for_all":"","_relevanssi_pin_keywords":"","_relevanssi_unpin_keywords":"","_relevanssi_related_keywords":"","_relevanssi_related_include_ids":"","_relevanssi_related_exclude_ids":"","_relevanssi_related_no_append":"","_relevanssi_related_not_related":"","_relevanssi_related_posts":"34463,24809,13137,20698,30002,35039","footnotes":""},"class_list":["post-40216","page","type-page","status-publish","has-post-thumbnail","hentry"],"acf":[],"_links":{"self":[{"href":"https:\/\/swedenbybike.com\/en\/wp-json\/wp\/v2\/pages\/40216","targetHints":{"allow":["GET"]}}],"collection":[{"href":"https:\/\/swedenbybike.com\/en\/wp-json\/wp\/v2\/pages"}],"about":[{"href":"https:\/\/swedenbybike.com\/en\/wp-json\/wp\/v2\/types\/page"}],"author":[{"embeddable":true,"href":"https:\/\/swedenbybike.com\/en\/wp-json\/wp\/v2\/users\/1"}],"replies":[{"embeddable":true,"href":"https:\/\/swedenbybike.com\/en\/wp-json\/wp\/v2\/comments?post=40216"}],"version-history":[{"count":0,"href":"https:\/\/swedenbybike.com\/en\/wp-json\/wp\/v2\/pages\/40216\/revisions"}],"up":[{"embeddable":true,"href":"https:\/\/swedenbybike.com\/en\/wp-json\/wp\/v2\/pages\/7055"}],"wp:featuredmedia":[{"embeddable":true,"href":"https:\/\/swedenbybike.com\/en\/wp-json\/wp\/v2\/media\/40251"}],"wp:attachment":[{"href":"https:\/\/swedenbybike.com\/en\/wp-json\/wp\/v2\/media?parent=40216"}],"curies":[{"name":"wp","href":"https:\/\/api.w.org\/{rel}","templated":true}]}}