{"id":39393,"date":"2022-08-30T18:40:32","date_gmt":"2022-08-30T18:40:32","guid":{"rendered":"https:\/\/swedenbybike.com\/?page_id=39393"},"modified":"2024-03-11T08:27:17","modified_gmt":"2024-03-11T08:27:17","slug":"cykelturismdagarna-2022","status":"publish","type":"page","link":"https:\/\/swedenbybike.com\/en\/cykelturismdagarna-2022\/","title":{"rendered":"Cycle tourism days 2022 - thanks for this year!"},"content":{"rendered":"<p>Cycle tourism days 2022 \u2013 what days! So many knowledgeable, driven and inspiring people gathered together to lift Swedish cycling tourism! What a favor it has been to organize these days together with you. A big THANK YOU from us in the team at Sweden by Bike for your commitment and participation. Now we continue to develop Swedish cycling tourism! <\/p>\n\n\n\n<p><a href=\"https:\/\/sv-se.invajo.com\/event\/swedenbybikeevent\/cykelturismdagarna2022\" target=\"_blank\" rel=\"noopener\">Thanks for this year<\/a>!<\/p>\n\n\n\n<h2 class=\"wp-block-heading\">Participants and Partners<\/h2>\n\n\n\n<p>These companies and destinations were represented at the Cycle Tourism Days 2022. <\/p>\n\n\n\n<figure class=\"wp-block-table\"><table><tbody><tr><td>AB G\u00f6ta channel<\/td><\/tr><tr><td>Acamp Tech AB<\/td><\/tr><tr><td>Africa Select &amp; Nordic Select Safaris<\/td><\/tr><tr><td>Amparo Solutions<\/td><\/tr><tr><td>Bergslagen Cycling, Region \u00d6rebro County<\/td><\/tr><tr><td>Biosphere area Lower Dal\u00e4lven<\/td><\/tr><tr><td>Bolandsskolan Bicycle technician training<\/td><\/tr><tr><td>Calazo Publishing AB<\/td><\/tr><tr><td>Copenhagen Bike Show<\/td><\/tr><tr><td>The bicycle industry<\/td><\/tr><tr><td>Cycling centre, VTI<\/td><\/tr><tr><td>Bicycle promotion<\/td><\/tr><tr><td>Cykla J\u00e4rvs\u00f6 AB<\/td><\/tr><tr><td>Destination Eskilstuna<\/td><\/tr><tr><td>Destination J\u00e4rvs\u00f6<\/td><\/tr><tr><td>Destination J\u00f6nk\u00f6ping<\/td><\/tr><tr><td>Destination Lofsdalen<\/td><\/tr><tr><td>Eker Bicycles AB<\/td><\/tr><tr><td>Enk\u00f6ping municipality<\/td><\/tr><tr><td>EWF Eco AB<\/td><\/tr><tr><td>Municipality of Flen<\/td><\/tr><tr><td>Outdoor promotion Sollefte\u00e5<\/td><\/tr><tr><td>The entrepreneurs Sollefte\u00e5<\/td><\/tr><tr><td>Gotland360 Bike Event AB<\/td><\/tr><tr><td>City of Helsingborg<\/td><\/tr><tr><td>Hiking is Life, Kungs\u00f6r<\/td><\/tr><tr><td>Hyper Island student AI<\/td><\/tr><tr><td>H\u00e4rn\u00f6sand municipality<\/td><\/tr><tr><td>H\u00f6ga Kusten Destinationsutveckling AB<\/td><\/tr><tr><td>Infab Kommunikation AB<\/td><\/tr><tr><td>Isaberg Mountain Resort<\/td><\/tr><tr><td>Kattegattleden, Region Halland<\/td><\/tr><tr><td>Kinda municipality<\/td><\/tr><tr><td>Kl\u00e4ppen Ski Resort<\/td><\/tr><tr><td>Kottaberget Arena AB<\/td><\/tr><tr><td>Koucky &amp; Partners<\/td><\/tr><tr><td>Kramfors municipality<\/td><\/tr><tr><td>Kristianstad municipality<\/td><\/tr><tr><td>Lagoon Bikepark<\/td><\/tr><tr><td>Laholm municipality<\/td><\/tr><tr><td>Marinans Guesthouse, N\u00e4vekvarn<\/td><\/tr><tr><td>Central University<\/td><\/tr><tr><td>M\u00e4lardal traffic<\/td><\/tr><tr><td>Nellie Larsson Kommunikation och Projektledning AB<\/td><\/tr><tr><td>Norberg municipality<\/td><\/tr><tr><td>Nordis Verlag GmbH<\/td><\/tr><tr><td>Norway by Bike<\/td><\/tr><tr><td>Business association Sundsvall<\/td><\/tr><tr><td>Region G\u00e4vleborg<\/td><\/tr><tr><td>Region Sk\u00e5ne, the South East Trail, the South Coast Trail, the Sk\u00e5ne Cycling Trail, the Sk\u00e5neleden<\/td><\/tr><tr><td>Region Stockholm<\/td><\/tr><tr><td>Region S\u00f6rmland<\/td><\/tr><tr><td>Region Uppsala<\/td><\/tr><tr><td>Region \u00d6sterg\u00f6tland<\/td><\/tr><tr><td>RF-SISU Gotland<\/td><\/tr><tr><td>Sakura Tours AB<\/td><\/tr><tr><td>Sala municipality<\/td><\/tr><tr><td>Skis S\u00e4len<\/td><\/tr><tr><td>Sk\u00f6vde Municipality<\/td><\/tr><tr><td>Sollefte\u00e5 municipality<\/td><\/tr><tr><td>STUA AB<\/td><\/tr><tr><td>Sweco Sweden AB<\/td><\/tr><tr><td>Sweden Mountain bike<\/td><\/tr><tr><td>Swedish Bicycle Development<\/td><\/tr><tr><td>The Swedish Tourist Association<\/td><\/tr><tr><td>S\u00e4fsen<\/td><\/tr><tr><td>S\u00f6dra Berget Bike Arena<\/td><\/tr><tr><td>S\u00f6dra Bohusl\u00e4n Tourism<\/td><\/tr><tr><td>S\u00f6lvesborg municipality<\/td><\/tr><tr><td>The Growth Agency<\/td><\/tr><tr><td>Municipality of Tingsryd<\/td><\/tr><tr><td>Turismnytt i Sverige AB<\/td><\/tr><tr><td>West Sweden Tourist Board<\/td><\/tr><tr><td>Unionsleden, Bengtsfors municipality<\/td><\/tr><tr><td>The Uppland Foundation<\/td><\/tr><tr><td>Vasaloppet<\/td><\/tr><tr><td>Velonavia<\/td><\/tr><tr><td>Visit Dalarna<\/td><\/tr><tr><td>Visit Halland<\/td><\/tr><tr><td>Visit Stockholm<\/td><\/tr><tr><td>Visit Sweden<\/td><\/tr><tr><td>Visit Ume\u00e5<\/td><\/tr><tr><td>Visit V\u00e4rmland<\/td><\/tr><tr><td>The cooperation of friends<\/td><\/tr><tr><td>The water round<\/td><\/tr><tr><td>\u00c5re Destination<\/td><\/tr><tr><td>\u00d6rnsk\u00f6ldsvik municipality<\/td><\/tr><tr><td>\u00d6stersund municipality<\/td><\/tr><\/tbody><\/table><\/figure>","protected":false},"excerpt":{"rendered":"<p>Cykelturismdagarna 2022 &#8211; vilka dagar! S\u00e5 m\u00e5nga kunniga, drivna och inspirerande personer som tillsammans samlades f\u00f6r att lyfta svensk cykelturism! Vilken ynnest det varit att f\u00e5 arrangera dessa dagar tillsammans med er. Ett stort TACK fr\u00e5n oss i teamet p\u00e5 Sweden by Bike f\u00f6r ert engagagemang och deltagande. Nu forts\u00e4tter vi utveckla svensk cykelturism! Tack [&hellip;]<\/p>\n","protected":false},"author":2,"featured_media":0,"parent":0,"menu_order":0,"comment_status":"closed","ping_status":"closed","template":"","meta":{"_acf_changed":false,"_relevanssi_hide_post":"","_relevanssi_pin_for_all":"","_relevanssi_pin_keywords":"","_relevanssi_unpin_keywords":"","_relevanssi_related_keywords":"","_relevanssi_related_include_ids":"","_relevanssi_related_exclude_ids":"","_relevanssi_related_no_append":"","_relevanssi_related_not_related":"","_relevanssi_related_posts":"35619,20430,12326,15643,13161,12593","footnotes":""},"class_list":["post-39393","page","type-page","status-publish","hentry"],"acf":[],"_links":{"self":[{"href":"https:\/\/swedenbybike.com\/en\/wp-json\/wp\/v2\/pages\/39393","targetHints":{"allow":["GET"]}}],"collection":[{"href":"https:\/\/swedenbybike.com\/en\/wp-json\/wp\/v2\/pages"}],"about":[{"href":"https:\/\/swedenbybike.com\/en\/wp-json\/wp\/v2\/types\/page"}],"author":[{"embeddable":true,"href":"https:\/\/swedenbybike.com\/en\/wp-json\/wp\/v2\/users\/2"}],"replies":[{"embeddable":true,"href":"https:\/\/swedenbybike.com\/en\/wp-json\/wp\/v2\/comments?post=39393"}],"version-history":[{"count":0,"href":"https:\/\/swedenbybike.com\/en\/wp-json\/wp\/v2\/pages\/39393\/revisions"}],"wp:attachment":[{"href":"https:\/\/swedenbybike.com\/en\/wp-json\/wp\/v2\/media?parent=39393"}],"curies":[{"name":"wp","href":"https:\/\/api.w.org\/{rel}","templated":true}]}}