{"id":30114,"date":"2021-01-28T11:35:18","date_gmt":"2021-01-28T11:35:18","guid":{"rendered":"https:\/\/swedenbybike.com\/?page_id=30114"},"modified":"2026-02-24T13:48:30","modified_gmt":"2026-02-24T13:48:30","slug":"press-and-media","status":"publish","type":"page","link":"https:\/\/swedenbybike.com\/en\/press-och-media\/","title":{"rendered":"Press and Media"},"content":{"rendered":"<p>Here you will find our logo and a selection of articles and news contexts where Sweden by Bike has appeared.<\/p>\n\n\n\n<h2 class=\"wp-block-heading\">Logo and guidelines<\/h2>\n\n\n\n<p>The image material on our website is usually owned by one of the travel companies we work with and it is not permitted to use these images without obtaining the travel company&#039;s written consent in advance. If you have questions regarding the image material, you are welcome to contact us via e-mail at <a href=\"mailto:i%6Efo@swe%64enbybike%2Ecom\">info@swedenbybike.com<\/a>&nbsp;or by phone 08-640 96 56 and we are happy to help.<\/p>\n\n\n\n<p>Click on the link below to download a landscape and standing logo package in CMYK and RGB format. See also our guidelines for using different formats for the logo.<\/p>\n\n\n\n<p><a href=\"https:\/\/swedenbybike.com\/wordpress\/wp-content\/uploads\/2020\/03\/Sweden-by-Bike-guidelines.pdf\">Sweden by Bike guidelines<\/a><\/p>\n\n\n\n<p><a href=\"https:\/\/swedenbybike.com\/wordpress\/wp-content\/uploads\/2020\/03\/Sweden-by-Bike-logotyp.zip\">Sweden by Bike logotype.zip<\/a><\/p>\n\n\n\n<p><\/p>\n\n\n\n<figure class=\"wp-block-image is-resized\"><img decoding=\"async\" src=\"https:\/\/swedenbybike.com\/wordpress\/wp-content\/uploads\/2020\/03\/Sweden_by_Bike_Horisontal_Light_RGB.png\" alt=\"\" class=\"wp-image-23784\" width=\"320\" height=\"NaN\" srcset=\"https:\/\/swedenbybike.com\/wordpress\/wp-content\/uploads\/2020\/03\/Sweden_by_Bike_Horisontal_Light_RGB.png 1600w, https:\/\/swedenbybike.com\/wordpress\/wp-content\/uploads\/2020\/03\/Sweden_by_Bike_Horisontal_Light_RGB-1000x359.png 1000w\" sizes=\"(max-width: 1600px) 100vw, 1600px\" \/><\/figure>\n\n\n\n<p><\/p>\n\n\n\n<h2 class=\"wp-block-heading\">Media Inspiration Guide 2026 - Sweden by Bike<\/h2>\n\n\n\n<p>A curated collection of cycling routes and destinations around Sweden, designed for international travel and lifestyle editors.<\/p>\n\n\n\n<p>Discover coastal cycling, large inland lakes, historic pilgrimage routes and Arctic tomb adventures - many of them still relatively unknown internationally.<\/p>\n\n\n\n<p><a href=\"https:\/\/swedenbybike.com\/wordpress\/wp-content\/uploads\/2026\/02\/media-inspiration-guide-2026-sweden-by-bike.pdf\" data-type=\"link\" data-id=\"https:\/\/swedenbybike.com\/media-inspiration-guide-2026-sweden-by-bike\/\">Download Sweden by Bike - Media Inspiration Guide 2026 (PDF)<\/a><\/p>\n\n\n\n<p>For press inquiries, images or support:<\/p>\n\n\n\n<p><a href=\"mailto:katarina@swedenbybike.com\">katarina@swedenbybike.com<\/a><\/p>\n\n\n\n<p>Katarina Bergstrand<br>Editor &amp; Project Manager<a href=\"https:\/\/swedenbybike.com\/wordpress\/wp-content\/uploads\/2013\/05\/sbb_samarbetar_med_1200x800.png\"><\/a><\/p>","protected":false},"excerpt":{"rendered":"<p>H\u00e4r hittar du v\u00e5r logotyp samt ett urval av artiklar och nyhetssammanhang d\u00e4r Sweden by Bike har f\u00f6rekommit. Logotyp och guidelines Bildmaterialet p\u00e5 v\u00e5r hemsida \u00e4gs oftast av n\u00e5got av de resef\u00f6retag som vi samarbetar med och det \u00e4r inte till\u00e5tet att anv\u00e4nda dessa bilder utan att i f\u00f6rv\u00e4g f\u00e5 resef\u00f6retagets skriftliga medgivande. Har du [&hellip;]<\/p>\n","protected":false},"author":1,"featured_media":30717,"parent":0,"menu_order":0,"comment_status":"closed","ping_status":"closed","template":"","meta":{"_acf_changed":false,"_relevanssi_hide_post":"","_relevanssi_pin_for_all":"","_relevanssi_pin_keywords":"","_relevanssi_unpin_keywords":"","_relevanssi_related_keywords":"","_relevanssi_related_include_ids":"","_relevanssi_related_exclude_ids":"","_relevanssi_related_no_append":"","_relevanssi_related_not_related":"","_relevanssi_related_posts":"27664,13161,15139,27299,14635,18043","footnotes":""},"class_list":["post-30114","page","type-page","status-publish","has-post-thumbnail","hentry"],"acf":[],"_links":{"self":[{"href":"https:\/\/swedenbybike.com\/en\/wp-json\/wp\/v2\/pages\/30114","targetHints":{"allow":["GET"]}}],"collection":[{"href":"https:\/\/swedenbybike.com\/en\/wp-json\/wp\/v2\/pages"}],"about":[{"href":"https:\/\/swedenbybike.com\/en\/wp-json\/wp\/v2\/types\/page"}],"author":[{"embeddable":true,"href":"https:\/\/swedenbybike.com\/en\/wp-json\/wp\/v2\/users\/1"}],"replies":[{"embeddable":true,"href":"https:\/\/swedenbybike.com\/en\/wp-json\/wp\/v2\/comments?post=30114"}],"version-history":[{"count":4,"href":"https:\/\/swedenbybike.com\/en\/wp-json\/wp\/v2\/pages\/30114\/revisions"}],"predecessor-version":[{"id":55867,"href":"https:\/\/swedenbybike.com\/en\/wp-json\/wp\/v2\/pages\/30114\/revisions\/55867"}],"wp:featuredmedia":[{"embeddable":true,"href":"https:\/\/swedenbybike.com\/en\/wp-json\/wp\/v2\/media\/30717"}],"wp:attachment":[{"href":"https:\/\/swedenbybike.com\/en\/wp-json\/wp\/v2\/media?parent=30114"}],"curies":[{"name":"wp","href":"https:\/\/api.w.org\/{rel}","templated":true}]}}