{"id":223,"date":"2013-05-09T14:54:17","date_gmt":"2013-05-09T14:54:17","guid":{"rendered":"http:\/\/swedenbybike.com\/?page_id=223"},"modified":"2023-02-06T13:39:17","modified_gmt":"2023-02-06T13:39:17","slug":"radurlaub-in-schweden","status":"publish","type":"page","link":"https:\/\/swedenbybike.com\/en\/radurlaub-in-schweden\/","title":{"rendered":"Cycling holidays in Sweden"},"content":{"rendered":"<p>Have an unforgettable cycling adventure in Sweden! With our cycling packages, you can explore the country on two wheels and experience Sweden's breathtaking nature, interesting culture and history first hand. Whether you want to exercise or enjoy the fresh air, Sweden offers unique cycling routes with picturesque scenery, historical sights and a rich culture.<\/p>\n\n\n<div class=\"wp-block-image\">\n<figure class=\"alignright size-medium is-resized\"><img loading=\"lazy\" decoding=\"async\" src=\"https:\/\/swedenbybike.com\/wordpress\/wp-content\/uploads\/2023\/02\/sweden-by-bike-swedish-flag-640x480.jpg\" alt=\"\" class=\"wp-image-41032\" width=\"160\" height=\"120\" srcset=\"https:\/\/swedenbybike.com\/wordpress\/wp-content\/uploads\/2023\/02\/sweden-by-bike-swedish-flag-640x480.jpg 640w, https:\/\/swedenbybike.com\/wordpress\/wp-content\/uploads\/2023\/02\/sweden-by-bike-swedish-flag-1280x960.jpg 1280w, https:\/\/swedenbybike.com\/wordpress\/wp-content\/uploads\/2023\/02\/sweden-by-bike-swedish-flag-320x240.jpg 320w, https:\/\/swedenbybike.com\/wordpress\/wp-content\/uploads\/2023\/02\/sweden-by-bike-swedish-flag-800x600.jpg 800w, https:\/\/swedenbybike.com\/wordpress\/wp-content\/uploads\/2023\/02\/sweden-by-bike-swedish-flag-1600x1200.jpg 1600w, https:\/\/swedenbybike.com\/wordpress\/wp-content\/uploads\/2023\/02\/sweden-by-bike-swedish-flag-1000x750.jpg 1000w, https:\/\/swedenbybike.com\/wordpress\/wp-content\/uploads\/2023\/02\/sweden-by-bike-swedish-flag.jpg 1920w\" sizes=\"auto, (max-width: 160px) 100vw, 160px\" \/><\/figure>\n<\/div>\n\n\n<p>Click on the link below to find the right bike package for your cycling vacation in Sweden. For our German-speaking guests we have also put together a selection of cycling tours with German-speaking organizers.<\/p>\n\n\n\n<p><a href=\"https:\/\/swedenbybike.com\/en\/bicycle-tours\/?_sfm_average_rating=0+5&amp;_sfm_nights=0+9&amp;_sfm_distance=8+398&amp;_sft_language=tyska\">Bicycle tours with German-speaking organizers<\/a><\/p>\n\n\n\n<p><a href=\"https:\/\/swedenbybike.com\/en\/bicycle-tours\/\">All our cycling tours<\/a><\/p>","protected":false},"excerpt":{"rendered":"<p>Erleben Sie ein unvergessliches Radabenteuer in Schweden! Mit unseren Fahrrad-Paketen k\u00f6nnen Sie das Land auf zwei R\u00e4dern entdecken und dabei die atemberaubende Natur, interessante Kultur und Geschichte Schwedens hautnah erleben. Ob Sie sich sportlich bet\u00e4tigen m\u00f6chten oder die frische Luft genie\u00dfen wollen, Schweden bietet einzigartige Radstrecken mit malerischer Landschaft, historischen Sehensw\u00fcrdigkeiten und einer reichen Kultur. [&hellip;]<\/p>\n","protected":false},"author":2,"featured_media":40596,"parent":0,"menu_order":0,"comment_status":"closed","ping_status":"closed","template":"template-language.php","meta":{"_acf_changed":false,"_relevanssi_hide_post":"","_relevanssi_pin_for_all":"","_relevanssi_pin_keywords":"","_relevanssi_unpin_keywords":"","_relevanssi_related_keywords":"","_relevanssi_related_include_ids":"","_relevanssi_related_exclude_ids":"","_relevanssi_related_no_append":"","_relevanssi_related_not_related":"","_relevanssi_related_posts":"28055,34944,28449,16828,13137,13587","footnotes":""},"class_list":["post-223","page","type-page","status-publish","has-post-thumbnail","hentry"],"acf":[],"_links":{"self":[{"href":"https:\/\/swedenbybike.com\/en\/wp-json\/wp\/v2\/pages\/223","targetHints":{"allow":["GET"]}}],"collection":[{"href":"https:\/\/swedenbybike.com\/en\/wp-json\/wp\/v2\/pages"}],"about":[{"href":"https:\/\/swedenbybike.com\/en\/wp-json\/wp\/v2\/types\/page"}],"author":[{"embeddable":true,"href":"https:\/\/swedenbybike.com\/en\/wp-json\/wp\/v2\/users\/2"}],"replies":[{"embeddable":true,"href":"https:\/\/swedenbybike.com\/en\/wp-json\/wp\/v2\/comments?post=223"}],"version-history":[{"count":0,"href":"https:\/\/swedenbybike.com\/en\/wp-json\/wp\/v2\/pages\/223\/revisions"}],"wp:featuredmedia":[{"embeddable":true,"href":"https:\/\/swedenbybike.com\/en\/wp-json\/wp\/v2\/media\/40596"}],"wp:attachment":[{"href":"https:\/\/swedenbybike.com\/en\/wp-json\/wp\/v2\/media?parent=223"}],"curies":[{"name":"wp","href":"https:\/\/api.w.org\/{rel}","templated":true}]}}