{"id":22144,"date":"2019-10-20T08:17:15","date_gmt":"2019-10-20T08:17:15","guid":{"rendered":"https:\/\/swedenbybike.com\/?page_id=22144"},"modified":"2025-12-15T13:10:36","modified_gmt":"2025-12-15T13:10:36","slug":"bicycle-guide-basics","status":"publish","type":"page","link":"https:\/\/swedenbybike.com\/en\/utbildningar\/guideutbildning-grundkurs\/","title":{"rendered":"Bicycle Guide Basics"},"content":{"rendered":"<p><strong>Demand for bicycle guides is increasing in Sweden. With a safe and knowledgeable guide who can frame the experience through his story, the bike ride becomes even more rewarding for the visitor. &nbsp;<\/strong><\/p>\n\n\n\n<p>Today there is no certified training for cycle guides in Sweden, but we offer a basic training for those who want to develop as a cycle guide and get an orientation in important, basic knowledge. You who have completed this basic training are welcome to join <a href=\"https:\/\/swedenbybike.com\/cykelguider\">Sweden by Bikes guide pool<\/a>.<\/p>\n\n\n\n<h2 class=\"wp-block-heading\">Who is this course suitable for?<\/h2>\n\n\n\n<p>This course is aimed at those of you who want to develop as a cycling guide and focuses on developing an action plan in the event of an accident, safety check and preparing yourself as a pilot. The goal is that after completing the course, you should have sufficient foundations to be able to offer professional guide services for cycling tourists in a safe and responsible approach.<\/p>\n\n\n\n<h2 class=\"wp-block-heading\">What is included?<\/h2>\n\n\n\n<p>Checklists, course materials and course certificates as well as one year of membership and visibility in <a href=\"https:\/\/swedenbybike.com\/cykelguider\/\">Sweden by Bikes guide pool<\/a>.<\/p>\n\n\n\n<h2 class=\"wp-block-heading\">Content<\/h2>\n\n\n\n<p>Action plan, safety and preparation - cycling guide is a responsible assignment that sets high knowledge requirements. The course is based on solid personal experiences of leading groups as a cycling guide both for those who will cycle on busy roads and in mountain bike contexts. It&#039;s about how to exercise hospitality, what you absolutely should not do, what equipment is needed.<\/p>\n\n\n\n<p>Group cycling also involves risks that must be assessed correctly and knowledge is needed on how to handle the situation if someone is injured. Therefore, we go through what first aid equipment you should bring on the trip. During this step, we focus on preparation, safety checks and thinking like a pilot. Concrete checklists are included in the course material for you who want to prepare professionally and we go through everything from mailing to customers to action plans if the accident occurs. <\/p>\n\n\n\n<h2 class=\"wp-block-heading\">Upcoming courses<\/h2>\n\n\n\n<h3 class=\"wp-block-heading\">Ongoing, upon request<\/h3>\n\n\n\n<p><strong>Course leader:<\/strong> Sweden by Bike.<\/p>\n\n\n\n<p><strong>Location: <\/strong>The training will be held online via Zoom.<\/p>\n\n\n\n<p><strong>Award:<\/strong> SEK 2,800 excl. VAT.<\/p>\n\n\n\n<h2 class=\"wp-block-heading\">Expression of interest<\/h2>\n\n\n\n<p>You are welcome to send an expression of interest to <a href=\"mailto:info@swedenbybike.com\">info@swedenbybike.com<\/a>.<\/p>\n\n\n\n<p>Please read more about what applies when registering at<a href=\"https:\/\/swedenbybike.com\/utbildningar\/bokning-och-anmalan\/\" target=\"_blank\" rel=\"noreferrer noopener\"> this side<\/a>.<\/p>","protected":false},"excerpt":{"rendered":"<p>Efterfr\u00e5gan p\u00e5 cykelguider \u00f6kar i Sverige. Med en trygg och kunnig guide som kan rama in upplevelsen genom sitt ber\u00e4ttande blir cykelturen \u00e4nnu mer givande f\u00f6r bes\u00f6karen. &nbsp; Idag finns ingen certifierad utbildning f\u00f6r cykelguider i Sverige, men vi erbjuder en grundutbildning f\u00f6r dig som vill utvecklas som cykelguide och f\u00e5 en orientering i viktiga, [&hellip;]<\/p>\n","protected":false},"author":2,"featured_media":21574,"parent":7055,"menu_order":0,"comment_status":"closed","ping_status":"closed","template":"","meta":{"_acf_changed":false,"_relevanssi_hide_post":"","_relevanssi_pin_for_all":"","_relevanssi_pin_keywords":"","_relevanssi_unpin_keywords":"","_relevanssi_related_keywords":"","_relevanssi_related_include_ids":"","_relevanssi_related_exclude_ids":"","_relevanssi_related_no_append":"","_relevanssi_related_not_related":"","_relevanssi_related_posts":"21266,21307,22661,22275,23326,23924","footnotes":""},"class_list":["post-22144","page","type-page","status-publish","has-post-thumbnail","hentry"],"acf":[],"_links":{"self":[{"href":"https:\/\/swedenbybike.com\/en\/wp-json\/wp\/v2\/pages\/22144","targetHints":{"allow":["GET"]}}],"collection":[{"href":"https:\/\/swedenbybike.com\/en\/wp-json\/wp\/v2\/pages"}],"about":[{"href":"https:\/\/swedenbybike.com\/en\/wp-json\/wp\/v2\/types\/page"}],"author":[{"embeddable":true,"href":"https:\/\/swedenbybike.com\/en\/wp-json\/wp\/v2\/users\/2"}],"replies":[{"embeddable":true,"href":"https:\/\/swedenbybike.com\/en\/wp-json\/wp\/v2\/comments?post=22144"}],"version-history":[{"count":5,"href":"https:\/\/swedenbybike.com\/en\/wp-json\/wp\/v2\/pages\/22144\/revisions"}],"predecessor-version":[{"id":55334,"href":"https:\/\/swedenbybike.com\/en\/wp-json\/wp\/v2\/pages\/22144\/revisions\/55334"}],"up":[{"embeddable":true,"href":"https:\/\/swedenbybike.com\/en\/wp-json\/wp\/v2\/pages\/7055"}],"wp:featuredmedia":[{"embeddable":true,"href":"https:\/\/swedenbybike.com\/en\/wp-json\/wp\/v2\/media\/21574"}],"wp:attachment":[{"href":"https:\/\/swedenbybike.com\/en\/wp-json\/wp\/v2\/media?parent=22144"}],"curies":[{"name":"wp","href":"https:\/\/api.w.org\/{rel}","templated":true}]}}