{"id":21512,"date":"2019-10-07T09:08:22","date_gmt":"2019-10-07T09:08:22","guid":{"rendered":"https:\/\/swedenbybike.com\/?page_id=21512"},"modified":"2024-03-11T10:39:19","modified_gmt":"2024-03-11T10:39:19","slug":"booking-and-registration","status":"publish","type":"page","link":"https:\/\/swedenbybike.com\/en\/utbildningar\/bokning-och-anmalan\/","title":{"rendered":"Booking and Registration"},"content":{"rendered":"<p>You register for our courses by sending an email to&nbsp;<a rel=\"noreferrer noopener\" href=\"https:\/\/swedenbybike.com\/bokning-och-praktisk-information-for-vara-kurser\/info@swedenbybike.com\" target=\"_blank\">info@swedenbybike.com<\/a>. Write your name, company, number of participants and billing address. Also state which course you are registering for and the date when the course is arranged. In cases where one or more meals are included in the course, you can also state wishes regarding special diets.<\/p>\n\n\n\n<p>The course fee includes documentation and course certificates. The course fee is invoiced in advance in connection with your registration. Statutory VAT will be added. <\/p>\n\n\n\n<p>Your application will be confirmed within a few business days. We send out a notice to the course about 10 days before the course starts. If the number of registered participants becomes too small for a planned course opportunity, we reserve the right to cancel the course opportunity. At the set course you will be notified at least two weeks before the course starts. If you are prevented, the place can be transferred to a colleague. Cancellation no later than 7 days before the start of the course means that 50 percent of the course fee is invoiced. In case of later cancellation, full course fee is charged.  <\/p>\n\n\n\n<p>Do you have further questions? Feel free to contact us!<\/p>","protected":false},"excerpt":{"rendered":"<p>Anm\u00e4lan till v\u00e5ra kurser sker genom att du skickar ett mail till&nbsp;info@swedenbybike.com. Skriv ditt namn, f\u00f6retag, antal deltagare och faktureringsadress. Ange \u00e4ven vilken kurs du anm\u00e4ler dig till och det datum d\u00e5 kursen arrangeras. I de fall d\u00e5 det ing\u00e5r en eller flera m\u00e5ltider i kursen kan du \u00e4ven ange \u00f6nskem\u00e5l kring s\u00e4rskild kost. I [&hellip;]<\/p>\n","protected":false},"author":2,"featured_media":21793,"parent":7055,"menu_order":0,"comment_status":"closed","ping_status":"closed","template":"","meta":{"_acf_changed":false,"_relevanssi_hide_post":"","_relevanssi_pin_for_all":"","_relevanssi_pin_keywords":"","_relevanssi_unpin_keywords":"","_relevanssi_related_keywords":"","_relevanssi_related_include_ids":"","_relevanssi_related_exclude_ids":"","_relevanssi_related_no_append":"","_relevanssi_related_not_related":"","_relevanssi_related_posts":"22275,18239,22760,21307,20698,22661","footnotes":""},"class_list":["post-21512","page","type-page","status-publish","has-post-thumbnail","hentry"],"acf":[],"_links":{"self":[{"href":"https:\/\/swedenbybike.com\/en\/wp-json\/wp\/v2\/pages\/21512","targetHints":{"allow":["GET"]}}],"collection":[{"href":"https:\/\/swedenbybike.com\/en\/wp-json\/wp\/v2\/pages"}],"about":[{"href":"https:\/\/swedenbybike.com\/en\/wp-json\/wp\/v2\/types\/page"}],"author":[{"embeddable":true,"href":"https:\/\/swedenbybike.com\/en\/wp-json\/wp\/v2\/users\/2"}],"replies":[{"embeddable":true,"href":"https:\/\/swedenbybike.com\/en\/wp-json\/wp\/v2\/comments?post=21512"}],"version-history":[{"count":0,"href":"https:\/\/swedenbybike.com\/en\/wp-json\/wp\/v2\/pages\/21512\/revisions"}],"up":[{"embeddable":true,"href":"https:\/\/swedenbybike.com\/en\/wp-json\/wp\/v2\/pages\/7055"}],"wp:featuredmedia":[{"embeddable":true,"href":"https:\/\/swedenbybike.com\/en\/wp-json\/wp\/v2\/media\/21793"}],"wp:attachment":[{"href":"https:\/\/swedenbybike.com\/en\/wp-json\/wp\/v2\/media?parent=21512"}],"curies":[{"name":"wp","href":"https:\/\/api.w.org\/{rel}","templated":true}]}}