{"id":211,"date":"2013-05-09T14:36:32","date_gmt":"2013-05-09T14:36:32","guid":{"rendered":"http:\/\/swedenbybike.com\/?page_id=211"},"modified":"2024-03-11T09:55:57","modified_gmt":"2024-03-11T09:55:57","slug":"marketing","status":"publish","type":"page","link":"https:\/\/swedenbybike.com\/en\/samarbeta-med-oss\/","title":{"rendered":"Working with us"},"content":{"rendered":"<p>Swedenbybike.com is Sweden&#039;s largest bicycle tourism website. Our goal is to continue to grow and be the obvious choice for those who want to cycle in Sweden.<\/p>\n\n\n\n<p>We want to work with companies that offer good services and products to our target group. Do you run a caf\u00e9, bed &amp; breakfast or perhaps have some other destination that you want to draw attention to and make extra visible to cycling tourists? Contact us to find out more about how we can help.<\/p>\n\n\n\n<p>Welcome to get in touch! You reach us&nbsp;<a href=\"mailto:info@swedenbybike.com\">info@swedenbybike.com<\/a>.<\/p>","protected":false},"excerpt":{"rendered":"<p>Swedenbybike.com \u00e4r Sveriges st\u00f6rsta webbplats f\u00f6r cykelturism. V\u00e5rt m\u00e5l \u00e4r att forts\u00e4tta v\u00e4xa och vara det sj\u00e4lvklara valet f\u00f6r dig som vill cykla i Sverige. Vi vill samarbeta med f\u00f6retag som erbjuder bra tj\u00e4nster och produkter till v\u00e5r m\u00e5lgrupp. Driver du ett fik, bed &amp; breakfast eller kanske har n\u00e5got annat bes\u00f6ksm\u00e5l som du vill [&hellip;]<\/p>\n","protected":false},"author":2,"featured_media":25649,"parent":0,"menu_order":0,"comment_status":"closed","ping_status":"closed","template":"","meta":{"_acf_changed":false,"_relevanssi_hide_post":"","_relevanssi_pin_for_all":"","_relevanssi_pin_keywords":"","_relevanssi_unpin_keywords":"","_relevanssi_related_keywords":"","_relevanssi_related_include_ids":"","_relevanssi_related_exclude_ids":"","_relevanssi_related_no_append":"","_relevanssi_related_not_related":"","_relevanssi_related_posts":"22661,17339,18239,23337,22760,24320","footnotes":""},"class_list":["post-211","page","type-page","status-publish","has-post-thumbnail","hentry"],"acf":[],"_links":{"self":[{"href":"https:\/\/swedenbybike.com\/en\/wp-json\/wp\/v2\/pages\/211","targetHints":{"allow":["GET"]}}],"collection":[{"href":"https:\/\/swedenbybike.com\/en\/wp-json\/wp\/v2\/pages"}],"about":[{"href":"https:\/\/swedenbybike.com\/en\/wp-json\/wp\/v2\/types\/page"}],"author":[{"embeddable":true,"href":"https:\/\/swedenbybike.com\/en\/wp-json\/wp\/v2\/users\/2"}],"replies":[{"embeddable":true,"href":"https:\/\/swedenbybike.com\/en\/wp-json\/wp\/v2\/comments?post=211"}],"version-history":[{"count":0,"href":"https:\/\/swedenbybike.com\/en\/wp-json\/wp\/v2\/pages\/211\/revisions"}],"wp:featuredmedia":[{"embeddable":true,"href":"https:\/\/swedenbybike.com\/en\/wp-json\/wp\/v2\/media\/25649"}],"wp:attachment":[{"href":"https:\/\/swedenbybike.com\/en\/wp-json\/wp\/v2\/media?parent=211"}],"curies":[{"name":"wp","href":"https:\/\/api.w.org\/{rel}","templated":true}]}}